{"id":2527,"date":"2013-10-31T14:07:12","date_gmt":"2013-10-31T14:07:12","guid":{"rendered":"http:\/\/www.buscroatia.com\/hr\/?page_id=2527"},"modified":"2014-06-02T09:23:06","modified_gmt":"2014-06-02T09:23:06","slug":"kolodvor-vukovar","status":"publish","type":"page","link":"https:\/\/www.buscroatia.com\/hr\/kolodvor-vukovar\/","title":{"rendered":"Kolodvor Vukovar"},"content":{"rendered":"<p><strong>Autobusni kolodvor Vukovar<\/strong> je udaljen 1 km sjeverno od sredi\u0161ta grada, a \u017eeljezni\u010dka stanica u Vukovaru je udaljena 1.5 km sjeverno od autobusnog kolodvora. Autobusni kolodvor ima \u010dekaonicu e nekoliko manjih trgovina.<\/p>\n<p>Iz Vukovara \u010desto voze autobusi prema gradovima u obli\u017enjim regijama, a isto tako voze i <strong>autobusi prema ve\u0107im gradovima u Hrvatskoj<\/strong>. Postoji tako\u0111er i nekoliko me\u0111unarodnih polazaka iz Vukovara. Koristite gore navedeni pretra\u017eiva\u010d kako biste prona\u0161li vozni red autobusa iz i prema Vukovaru.<\/p>\n<p><script>\/\/ <![CDATA[\ngoogle_ad_client = \"\"; \/* Bus728-hr *\/ google_ad_slot = \"4900460214\"; google_ad_width = 728; google_ad_height = 90;\n\/\/ ]]><\/script><br \/>\n<script src=\"https:\/\/pagead2.googlesyndication.com\/pagead\/show_ads.js\">\/\/ <![CDATA[\n\n\/\/ ]]><\/script><\/p>\n<p><b><span style=\"text-decoration: underline;\">Adresa autobusnog kolodvora Vukovar<\/span><\/b><\/p>\n<p>Ulica Kardinala Alojzija Stepinca<br \/>\n32000 Vukovar<br \/>\nTel: +385 60 337799<\/p>\n","protected":false},"excerpt":{"rendered":"<p>Autobusni kolodvor Vukovar je udaljen 1 km sjeverno od sredi\u0161ta grada, a \u017eeljezni\u010dka stanica u Vukovaru je udaljena 1.5 km sjeverno od autobusnog kolodvora. Autobusni kolodvor ima \u010dekaonicu e nekoliko manjih trgovina. Iz Vukovara \u010desto voze autobusi prema gradovima u obli\u017enjim regijama, a isto tako voze i autobusi prema ve\u0107im gradovima u Hrvatskoj. Postoji tako\u0111er [&hellip;]<\/p>\n","protected":false},"author":2,"featured_media":3842,"parent":0,"menu_order":0,"comment_status":"open","ping_status":"open","template":"","meta":[],"aioseo_notices":[],"_links":{"self":[{"href":"https:\/\/www.buscroatia.com\/hr\/wp-json\/wp\/v2\/pages\/2527"}],"collection":[{"href":"https:\/\/www.buscroatia.com\/hr\/wp-json\/wp\/v2\/pages"}],"about":[{"href":"https:\/\/www.buscroatia.com\/hr\/wp-json\/wp\/v2\/types\/page"}],"author":[{"embeddable":true,"href":"https:\/\/www.buscroatia.com\/hr\/wp-json\/wp\/v2\/users\/2"}],"replies":[{"embeddable":true,"href":"https:\/\/www.buscroatia.com\/hr\/wp-json\/wp\/v2\/comments?post=2527"}],"version-history":[{"count":4,"href":"https:\/\/www.buscroatia.com\/hr\/wp-json\/wp\/v2\/pages\/2527\/revisions"}],"predecessor-version":[{"id":5624,"href":"https:\/\/www.buscroatia.com\/hr\/wp-json\/wp\/v2\/pages\/2527\/revisions\/5624"}],"wp:featuredmedia":[{"embeddable":true,"href":"https:\/\/www.buscroatia.com\/hr\/wp-json\/wp\/v2\/media\/3842"}],"wp:attachment":[{"href":"https:\/\/www.buscroatia.com\/hr\/wp-json\/wp\/v2\/media?parent=2527"}],"curies":[{"name":"wp","href":"https:\/\/api.w.org\/{rel}","templated":true}]}}