{"id":2523,"date":"2013-10-31T14:04:01","date_gmt":"2013-10-31T14:04:01","guid":{"rendered":"http:\/\/www.buscroatia.com\/hr\/?page_id=2523"},"modified":"2014-03-04T11:35:30","modified_gmt":"2014-03-04T11:35:30","slug":"kolodvor-vrbovec","status":"publish","type":"page","link":"https:\/\/www.buscroatia.com\/hr\/kolodvor-vrbovec\/","title":{"rendered":"Kolodvor Vrbovec"},"content":{"rendered":"<p><b>Autobusni kolodvor Vrbovec<\/b> se nalazi u sjevernom dijelu grada, oko 500 metara od sredi\u0161ta. \u017deljezni\u010dka stanica se nalazi u ju\u017enom dijelu grada koji je od autobusnog kolodvora udaljen 2.8 km. Pored autobudnog kolodvora se nalazi supermarket Konzum.<\/p>\n<p>Iz Vrbovca voze autobusi prema manjim gradovima u regiji kao i nekoliko autobusa prema Dugom Selu i Zagrebu.<\/p>\n<p><script type=\"text\/javascript\">\/\/ <![CDATA[\ngoogle_ad_client = \"\"; \/* Bus728-hr *\/ google_ad_slot = \"4900460214\"; google_ad_width = 728; google_ad_height = 90;\n\/\/ ]]><\/script><br \/>\n<script type=\"text\/javascript\" src=\"https:\/\/pagead2.googlesyndication.com\/pagead\/show_ads.js\">\/\/ <![CDATA[\n\n\/\/ ]]><\/script><\/p>\n<p><b><span style=\"text-decoration: underline;\">Adresa autobusnog kolodvora Vrbovec<\/span><\/b><\/p>\n<p>Boban Ulica<br \/>\n10340 Vrbovec<br \/>\nTel: +385 1 2791326<\/p>\n","protected":false},"excerpt":{"rendered":"<p>Autobusni kolodvor Vrbovec se nalazi u sjevernom dijelu grada, oko 500 metara od sredi\u0161ta. \u017deljezni\u010dka stanica se nalazi u ju\u017enom dijelu grada koji je od autobusnog kolodvora udaljen 2.8 km. Pored autobudnog kolodvora se nalazi supermarket Konzum. Iz Vrbovca voze autobusi prema manjim gradovima u regiji kao i nekoliko autobusa prema Dugom Selu i Zagrebu. [&hellip;]<\/p>\n","protected":false},"author":2,"featured_media":4208,"parent":0,"menu_order":0,"comment_status":"open","ping_status":"open","template":"","meta":[],"aioseo_notices":[],"_links":{"self":[{"href":"https:\/\/www.buscroatia.com\/hr\/wp-json\/wp\/v2\/pages\/2523"}],"collection":[{"href":"https:\/\/www.buscroatia.com\/hr\/wp-json\/wp\/v2\/pages"}],"about":[{"href":"https:\/\/www.buscroatia.com\/hr\/wp-json\/wp\/v2\/types\/page"}],"author":[{"embeddable":true,"href":"https:\/\/www.buscroatia.com\/hr\/wp-json\/wp\/v2\/users\/2"}],"replies":[{"embeddable":true,"href":"https:\/\/www.buscroatia.com\/hr\/wp-json\/wp\/v2\/comments?post=2523"}],"version-history":[{"count":1,"href":"https:\/\/www.buscroatia.com\/hr\/wp-json\/wp\/v2\/pages\/2523\/revisions"}],"predecessor-version":[{"id":2524,"href":"https:\/\/www.buscroatia.com\/hr\/wp-json\/wp\/v2\/pages\/2523\/revisions\/2524"}],"wp:featuredmedia":[{"embeddable":true,"href":"https:\/\/www.buscroatia.com\/hr\/wp-json\/wp\/v2\/media\/4208"}],"wp:attachment":[{"href":"https:\/\/www.buscroatia.com\/hr\/wp-json\/wp\/v2\/media?parent=2523"}],"curies":[{"name":"wp","href":"https:\/\/api.w.org\/{rel}","templated":true}]}}