{"id":2521,"date":"2013-10-31T14:02:28","date_gmt":"2013-10-31T14:02:28","guid":{"rendered":"http:\/\/www.buscroatia.com\/hr\/?page_id=2521"},"modified":"2014-03-04T11:34:35","modified_gmt":"2014-03-04T11:34:35","slug":"kolodvor-vojnic","status":"publish","type":"page","link":"https:\/\/www.buscroatia.com\/hr\/kolodvor-vojnic\/","title":{"rendered":"Kolodvor Vojni\u0107"},"content":{"rendered":"<p><b>Autobusni kolodvor u Vojni\u0107u<\/b> smje\u0161ten je blizu sredi\u0161ta ovog prili\u010dno malog grada.<\/p>\n<p><b><span style=\"text-decoration: underline;\">Adresa autobusnog kolodvora Vojni\u0107<\/span><\/b><\/p>\n<p>Karlova\u010dka ulica 7<br \/>\n47220 Vojni\u0107<br \/>\nTel: +385 47 883052<\/p>\n","protected":false},"excerpt":{"rendered":"<p>Autobusni kolodvor u Vojni\u0107u smje\u0161ten je blizu sredi\u0161ta ovog prili\u010dno malog grada. Adresa autobusnog kolodvora Vojni\u0107 Karlova\u010dka ulica 7 47220 Vojni\u0107 Tel: +385 47 883052<\/p>\n","protected":false},"author":2,"featured_media":4207,"parent":0,"menu_order":0,"comment_status":"open","ping_status":"open","template":"","meta":[],"aioseo_notices":[],"_links":{"self":[{"href":"https:\/\/www.buscroatia.com\/hr\/wp-json\/wp\/v2\/pages\/2521"}],"collection":[{"href":"https:\/\/www.buscroatia.com\/hr\/wp-json\/wp\/v2\/pages"}],"about":[{"href":"https:\/\/www.buscroatia.com\/hr\/wp-json\/wp\/v2\/types\/page"}],"author":[{"embeddable":true,"href":"https:\/\/www.buscroatia.com\/hr\/wp-json\/wp\/v2\/users\/2"}],"replies":[{"embeddable":true,"href":"https:\/\/www.buscroatia.com\/hr\/wp-json\/wp\/v2\/comments?post=2521"}],"version-history":[{"count":1,"href":"https:\/\/www.buscroatia.com\/hr\/wp-json\/wp\/v2\/pages\/2521\/revisions"}],"predecessor-version":[{"id":2522,"href":"https:\/\/www.buscroatia.com\/hr\/wp-json\/wp\/v2\/pages\/2521\/revisions\/2522"}],"wp:featuredmedia":[{"embeddable":true,"href":"https:\/\/www.buscroatia.com\/hr\/wp-json\/wp\/v2\/media\/4207"}],"wp:attachment":[{"href":"https:\/\/www.buscroatia.com\/hr\/wp-json\/wp\/v2\/media?parent=2521"}],"curies":[{"name":"wp","href":"https:\/\/api.w.org\/{rel}","templated":true}]}}