{"id":2513,"date":"2013-10-31T13:56:01","date_gmt":"2013-10-31T13:56:01","guid":{"rendered":"http:\/\/www.buscroatia.com\/hr\/?page_id=2513"},"modified":"2014-01-10T10:10:42","modified_gmt":"2014-01-10T10:10:42","slug":"kolodvor-samobor","status":"publish","type":"page","link":"https:\/\/www.buscroatia.com\/hr\/kolodvor-samobor\/","title":{"rendered":"Kolodvor Samobor"},"content":{"rendered":"<p><b>Autobusni kolodvor u Samoboru<\/b> je udaljen 1.2 km hoda od starog dijela grada Samobora. Na vrlo velikom i modernom autobusnom kolodvoru nalazi se ured za prodaju karata, \u010dekaonica i kafi\u0107.<\/p>\n<p>S autobusnog kolodvora u Samoboru voze regionalni autobusi prema Zagrebu i obli\u017enjim gradovima kao i <b>prema ve\u0107im gradovima u Hrvatskoj<\/b>, a postoji i nekoliko me\u0111unarodnih autobusa. Koristite gore navedeni pretra\u017eiva\u010d kako biste prona\u0161li vozni red autobusa iz i prema Samoboru.<\/p>\n<p><script type=\"text\/javascript\">\/\/ <![CDATA[\ngoogle_ad_client = \"\"; \/* Bus728-hr *\/ google_ad_slot = \"4900460214\"; google_ad_width = 728; google_ad_height = 90;\n\/\/ ]]><\/script><br \/>\n<script type=\"text\/javascript\" src=\"https:\/\/pagead2.googlesyndication.com\/pagead\/show_ads.js\">\/\/ <![CDATA[\n\n\n\/\/ ]]><\/script><\/p>\n<p><b><span style=\"text-decoration: underline;\">Adresa autobusnog kolodvora Samobor<\/span><\/b><\/p>\n<p>151 samoborske brigade HV 1<br \/>\n10430 Samobor<br \/>\n+385 1 3367276<\/p>\n","protected":false},"excerpt":{"rendered":"<p>Autobusni kolodvor u Samoboru je udaljen 1.2 km hoda od starog dijela grada Samobora. Na vrlo velikom i modernom autobusnom kolodvoru nalazi se ured za prodaju karata, \u010dekaonica i kafi\u0107. S autobusnog kolodvora u Samoboru voze regionalni autobusi prema Zagrebu i obli\u017enjim gradovima kao i prema ve\u0107im gradovima u Hrvatskoj, a postoji i nekoliko me\u0111unarodnih [&hellip;]<\/p>\n","protected":false},"author":2,"featured_media":3031,"parent":0,"menu_order":0,"comment_status":"open","ping_status":"open","template":"","meta":[],"aioseo_notices":[],"_links":{"self":[{"href":"https:\/\/www.buscroatia.com\/hr\/wp-json\/wp\/v2\/pages\/2513"}],"collection":[{"href":"https:\/\/www.buscroatia.com\/hr\/wp-json\/wp\/v2\/pages"}],"about":[{"href":"https:\/\/www.buscroatia.com\/hr\/wp-json\/wp\/v2\/types\/page"}],"author":[{"embeddable":true,"href":"https:\/\/www.buscroatia.com\/hr\/wp-json\/wp\/v2\/users\/2"}],"replies":[{"embeddable":true,"href":"https:\/\/www.buscroatia.com\/hr\/wp-json\/wp\/v2\/comments?post=2513"}],"version-history":[{"count":2,"href":"https:\/\/www.buscroatia.com\/hr\/wp-json\/wp\/v2\/pages\/2513\/revisions"}],"predecessor-version":[{"id":3030,"href":"https:\/\/www.buscroatia.com\/hr\/wp-json\/wp\/v2\/pages\/2513\/revisions\/3030"}],"wp:featuredmedia":[{"embeddable":true,"href":"https:\/\/www.buscroatia.com\/hr\/wp-json\/wp\/v2\/media\/3031"}],"wp:attachment":[{"href":"https:\/\/www.buscroatia.com\/hr\/wp-json\/wp\/v2\/media?parent=2513"}],"curies":[{"name":"wp","href":"https:\/\/api.w.org\/{rel}","templated":true}]}}