{"id":2508,"date":"2013-10-31T13:51:36","date_gmt":"2013-10-31T13:51:36","guid":{"rendered":"http:\/\/www.buscroatia.com\/hr\/?page_id=2508"},"modified":"2014-03-04T11:25:26","modified_gmt":"2014-03-04T11:25:26","slug":"kolodvor-pozega","status":"publish","type":"page","link":"https:\/\/www.buscroatia.com\/hr\/kolodvor-pozega\/","title":{"rendered":"Kolodvor Po\u017eega"},"content":{"rendered":"<p><b>Autobusni kolodvor Po\u017eega<\/b> se nalazi u sjevernom dijelu grada, oko 1 km od sredi\u0161ta grada. \u017deljezni\u010dka stanica u Po\u017eegi udaljena je nekoliko stotina metara od autobusnog kolodvora.<\/p>\n<p>Iz Po\u017eege svaki dan voze <b>autobusi prema ve\u0107im gradovima u Hrvatskoj<\/b> kao i prema manjim gradovima u okolici Po\u017eege. Koristite gore navedeni pretra\u017eiva\u010d kako biste prona\u0161li vozni red autobusa iz i prema Po\u017eegi.<\/p>\n<p><script type=\"text\/javascript\">\/\/ <![CDATA[\ngoogle_ad_client = \"\"; \/* Bus728-hr *\/ google_ad_slot = \"4900460214\"; google_ad_width = 728; google_ad_height = 90;\n\/\/ ]]><\/script><br \/>\n<script type=\"text\/javascript\" src=\"https:\/\/pagead2.googlesyndication.com\/pagead\/show_ads.js\">\/\/ <![CDATA[\n\n\/\/ ]]><\/script><\/p>\n<p><b><span style=\"text-decoration: underline;\">Adresa autobusnog kolodvora Po\u017eega<\/span><\/b><\/p>\n<p>Industrijska 14<br \/>\n34000 Po\u017eega<br \/>\nTel: +385 34 273133<\/p>\n<p>&nbsp;<\/p>\n","protected":false},"excerpt":{"rendered":"<p>Autobusni kolodvor Po\u017eega se nalazi u sjevernom dijelu grada, oko 1 km od sredi\u0161ta grada. \u017deljezni\u010dka stanica u Po\u017eegi udaljena je nekoliko stotina metara od autobusnog kolodvora. Iz Po\u017eege svaki dan voze autobusi prema ve\u0107im gradovima u Hrvatskoj kao i prema manjim gradovima u okolici Po\u017eege. Koristite gore navedeni pretra\u017eiva\u010d kako biste prona\u0161li vozni red [&hellip;]<\/p>\n","protected":false},"author":2,"featured_media":4199,"parent":0,"menu_order":0,"comment_status":"open","ping_status":"open","template":"","meta":[],"aioseo_notices":[],"_links":{"self":[{"href":"https:\/\/www.buscroatia.com\/hr\/wp-json\/wp\/v2\/pages\/2508"}],"collection":[{"href":"https:\/\/www.buscroatia.com\/hr\/wp-json\/wp\/v2\/pages"}],"about":[{"href":"https:\/\/www.buscroatia.com\/hr\/wp-json\/wp\/v2\/types\/page"}],"author":[{"embeddable":true,"href":"https:\/\/www.buscroatia.com\/hr\/wp-json\/wp\/v2\/users\/2"}],"replies":[{"embeddable":true,"href":"https:\/\/www.buscroatia.com\/hr\/wp-json\/wp\/v2\/comments?post=2508"}],"version-history":[{"count":1,"href":"https:\/\/www.buscroatia.com\/hr\/wp-json\/wp\/v2\/pages\/2508\/revisions"}],"predecessor-version":[{"id":2509,"href":"https:\/\/www.buscroatia.com\/hr\/wp-json\/wp\/v2\/pages\/2508\/revisions\/2509"}],"wp:featuredmedia":[{"embeddable":true,"href":"https:\/\/www.buscroatia.com\/hr\/wp-json\/wp\/v2\/media\/4199"}],"wp:attachment":[{"href":"https:\/\/www.buscroatia.com\/hr\/wp-json\/wp\/v2\/media?parent=2508"}],"curies":[{"name":"wp","href":"https:\/\/api.w.org\/{rel}","templated":true}]}}