{"id":2505,"date":"2013-10-31T13:47:26","date_gmt":"2013-10-31T13:47:26","guid":{"rendered":"http:\/\/www.buscroatia.com\/hr\/?page_id=2505"},"modified":"2014-01-10T10:22:58","modified_gmt":"2014-01-10T10:22:58","slug":"kolodvor-ploce","status":"publish","type":"page","link":"https:\/\/www.buscroatia.com\/hr\/kolodvor-ploce\/","title":{"rendered":"Kolodvor Plo\u010de"},"content":{"rendered":"<p><b>Autobusni kolodvor u Plo\u010dama<\/b> se nalazi u industrijskoj zoni grada, odmah pored velike \u017eeljezni\u010dke stanice Plo\u010de. Autobusni kolodvor je udaljen 1.3 km hoda od centra grada i 300 metara od trajektne luke.<\/p>\n<p>S autobusnog kolodvora u Plo\u010dama voze <b>autobusi prema ve\u0107im gradovima u Hrvatskoj<\/b>. Koristite gore navedeni pretra\u017eiva\u010d kako biste prona\u0161li vozni red autobusa iz i prema Plo\u010dama.<\/p>\n<p><script type=\"text\/javascript\">\/\/ <![CDATA[\ngoogle_ad_client = \"\"; \/* Bus728-hr *\/ google_ad_slot = \"4900460214\"; google_ad_width = 728; google_ad_height = 90;\n\/\/ ]]><\/script><br \/>\n<script type=\"text\/javascript\" src=\"https:\/\/pagead2.googlesyndication.com\/pagead\/show_ads.js\">\/\/ <![CDATA[\n\n\n\/\/ ]]><\/script><\/p>\n<p><b><span style=\"text-decoration: underline;\">Adresa autobusnog kolodvora Plo\u010de<\/span><\/b><\/p>\n<p>Trg kralja Tomislava 17<br \/>\n20340 Plo\u010de<br \/>\nTel: +385 20 679051<\/p>\n<p>&nbsp;<\/p>\n","protected":false},"excerpt":{"rendered":"<p>Autobusni kolodvor u Plo\u010dama se nalazi u industrijskoj zoni grada, odmah pored velike \u017eeljezni\u010dke stanice Plo\u010de. Autobusni kolodvor je udaljen 1.3 km hoda od centra grada i 300 metara od trajektne luke. S autobusnog kolodvora u Plo\u010dama voze autobusi prema ve\u0107im gradovima u Hrvatskoj. Koristite gore navedeni pretra\u017eiva\u010d kako biste prona\u0161li vozni red autobusa iz [&hellip;]<\/p>\n","protected":false},"author":2,"featured_media":3047,"parent":0,"menu_order":0,"comment_status":"open","ping_status":"open","template":"","meta":[],"aioseo_notices":[],"_links":{"self":[{"href":"https:\/\/www.buscroatia.com\/hr\/wp-json\/wp\/v2\/pages\/2505"}],"collection":[{"href":"https:\/\/www.buscroatia.com\/hr\/wp-json\/wp\/v2\/pages"}],"about":[{"href":"https:\/\/www.buscroatia.com\/hr\/wp-json\/wp\/v2\/types\/page"}],"author":[{"embeddable":true,"href":"https:\/\/www.buscroatia.com\/hr\/wp-json\/wp\/v2\/users\/2"}],"replies":[{"embeddable":true,"href":"https:\/\/www.buscroatia.com\/hr\/wp-json\/wp\/v2\/comments?post=2505"}],"version-history":[{"count":2,"href":"https:\/\/www.buscroatia.com\/hr\/wp-json\/wp\/v2\/pages\/2505\/revisions"}],"predecessor-version":[{"id":3044,"href":"https:\/\/www.buscroatia.com\/hr\/wp-json\/wp\/v2\/pages\/2505\/revisions\/3044"}],"wp:featuredmedia":[{"embeddable":true,"href":"https:\/\/www.buscroatia.com\/hr\/wp-json\/wp\/v2\/media\/3047"}],"wp:attachment":[{"href":"https:\/\/www.buscroatia.com\/hr\/wp-json\/wp\/v2\/media?parent=2505"}],"curies":[{"name":"wp","href":"https:\/\/api.w.org\/{rel}","templated":true}]}}