{"id":2500,"date":"2013-10-31T13:40:40","date_gmt":"2013-10-31T13:40:40","guid":{"rendered":"http:\/\/www.buscroatia.com\/hr\/?page_id=2500"},"modified":"2014-01-10T10:27:46","modified_gmt":"2014-01-10T10:27:46","slug":"kolodvor-petrinja","status":"publish","type":"page","link":"https:\/\/www.buscroatia.com\/hr\/kolodvor-petrinja\/","title":{"rendered":"Kolodvor Petrinja"},"content":{"rendered":"<p><b>Autobusni kolodvor u Petrinji<\/b> koji je zapravo jedna velika autobusna stanica (nema zgrade kolodvora), nalazi se to\u010dno u sredi\u0161tu grada.<\/p>\n<p>Iz Petrinje <b>\u010desto voze autobusi prema Sisku<\/b>, ali i prema Zagrebu i drugim gradovima u regiji.<\/p>\n<p><script type=\"text\/javascript\">\/\/ <![CDATA[\ngoogle_ad_client = \"\"; \/* Bus728-hr *\/ google_ad_slot = \"4900460214\"; google_ad_width = 728; google_ad_height = 90;\n\/\/ ]]><\/script><br \/>\n<script type=\"text\/javascript\" src=\"https:\/\/pagead2.googlesyndication.com\/pagead\/show_ads.js\">\/\/ <![CDATA[\n\n\n\/\/ ]]><\/script><\/p>\n<p><b><span style=\"text-decoration: underline;\">Adresa autobusnog kolodvora Petrinja<\/span><\/b><\/p>\n<p>44250 Petrinja<br \/>\nTel: +385 44 815099<\/p>\n","protected":false},"excerpt":{"rendered":"<p>Autobusni kolodvor u Petrinji koji je zapravo jedna velika autobusna stanica (nema zgrade kolodvora), nalazi se to\u010dno u sredi\u0161tu grada. Iz Petrinje \u010desto voze autobusi prema Sisku, ali i prema Zagrebu i drugim gradovima u regiji. Adresa autobusnog kolodvora Petrinja 44250 Petrinja Tel: +385 44 815099<\/p>\n","protected":false},"author":2,"featured_media":3055,"parent":0,"menu_order":0,"comment_status":"open","ping_status":"open","template":"","meta":[],"aioseo_notices":[],"_links":{"self":[{"href":"https:\/\/www.buscroatia.com\/hr\/wp-json\/wp\/v2\/pages\/2500"}],"collection":[{"href":"https:\/\/www.buscroatia.com\/hr\/wp-json\/wp\/v2\/pages"}],"about":[{"href":"https:\/\/www.buscroatia.com\/hr\/wp-json\/wp\/v2\/types\/page"}],"author":[{"embeddable":true,"href":"https:\/\/www.buscroatia.com\/hr\/wp-json\/wp\/v2\/users\/2"}],"replies":[{"embeddable":true,"href":"https:\/\/www.buscroatia.com\/hr\/wp-json\/wp\/v2\/comments?post=2500"}],"version-history":[{"count":5,"href":"https:\/\/www.buscroatia.com\/hr\/wp-json\/wp\/v2\/pages\/2500\/revisions"}],"predecessor-version":[{"id":3053,"href":"https:\/\/www.buscroatia.com\/hr\/wp-json\/wp\/v2\/pages\/2500\/revisions\/3053"}],"wp:featuredmedia":[{"embeddable":true,"href":"https:\/\/www.buscroatia.com\/hr\/wp-json\/wp\/v2\/media\/3055"}],"wp:attachment":[{"href":"https:\/\/www.buscroatia.com\/hr\/wp-json\/wp\/v2\/media?parent=2500"}],"curies":[{"name":"wp","href":"https:\/\/api.w.org\/{rel}","templated":true}]}}