{"id":2493,"date":"2013-10-31T13:12:14","date_gmt":"2013-10-31T13:12:14","guid":{"rendered":"http:\/\/www.buscroatia.com\/hr\/?page_id=2493"},"modified":"2014-03-04T11:20:55","modified_gmt":"2014-03-04T11:20:55","slug":"kolodvor-otocac","status":"publish","type":"page","link":"https:\/\/www.buscroatia.com\/hr\/kolodvor-otocac\/","title":{"rendered":"Kolodvor Oto\u010dac"},"content":{"rendered":"<p><b>Autobusni kolodvor Oto\u010dac<\/b> se nalazi u zapadnom dijelu grada, blizu sredi\u0161ta grada. Na autobusnom kolodvoru na\u0107i \u0107ete ured za prodaju karata, \u010dekaonicu i kiosk.<\/p>\n<p>Iz Oto\u010dca, izme\u0111u ostalog, polaze i <b>autobusi prema Zagrebu i <a title=\"Kolodvor Gospi\u0107\" href=\"https:\/\/www.buscroatia.com\/hr\/autobusni-kolodvor-gospic\/\">Gospi\u0107u<\/a><\/b> kao i prema gradovima u blizini.<\/p>\n<p><script type=\"text\/javascript\">\/\/ <![CDATA[\ngoogle_ad_client = \"\"; \/* Bus728-hr *\/ google_ad_slot = \"4900460214\"; google_ad_width = 728; google_ad_height = 90;\n\/\/ ]]><\/script><br \/>\n<script type=\"text\/javascript\" src=\"https:\/\/pagead2.googlesyndication.com\/pagead\/show_ads.js\">\/\/ <![CDATA[<\/p>\n\n\n\n\n<p>\/\/ ]]><\/script><\/p>\n<p><b><span style=\"text-decoration: underline;\">Adresa autobusnog kolodvora Oto\u010dac<\/span><\/b><\/p>\n<p>Bana Josipa Jela\u010di\u0107a 2A<br \/>\n53220 Oto\u010dac<br \/>\nTel +385 60 333222<\/p>\n","protected":false},"excerpt":{"rendered":"<p>Autobusni kolodvor Oto\u010dac se nalazi u zapadnom dijelu grada, blizu sredi\u0161ta grada. Na autobusnom kolodvoru na\u0107i \u0107ete ured za prodaju karata, \u010dekaonicu i kiosk. Iz Oto\u010dca, izme\u0111u ostalog, polaze i autobusi prema Zagrebu i Gospi\u0107u kao i prema gradovima u blizini. Adresa autobusnog kolodvora Oto\u010dac Bana Josipa Jela\u010di\u0107a 2A 53220 Oto\u010dac Tel +385 60 333222<\/p>\n","protected":false},"author":2,"featured_media":4197,"parent":0,"menu_order":0,"comment_status":"open","ping_status":"open","template":"","meta":[],"aioseo_notices":[],"_links":{"self":[{"href":"https:\/\/www.buscroatia.com\/hr\/wp-json\/wp\/v2\/pages\/2493"}],"collection":[{"href":"https:\/\/www.buscroatia.com\/hr\/wp-json\/wp\/v2\/pages"}],"about":[{"href":"https:\/\/www.buscroatia.com\/hr\/wp-json\/wp\/v2\/types\/page"}],"author":[{"embeddable":true,"href":"https:\/\/www.buscroatia.com\/hr\/wp-json\/wp\/v2\/users\/2"}],"replies":[{"embeddable":true,"href":"https:\/\/www.buscroatia.com\/hr\/wp-json\/wp\/v2\/comments?post=2493"}],"version-history":[{"count":3,"href":"https:\/\/www.buscroatia.com\/hr\/wp-json\/wp\/v2\/pages\/2493\/revisions"}],"predecessor-version":[{"id":2496,"href":"https:\/\/www.buscroatia.com\/hr\/wp-json\/wp\/v2\/pages\/2493\/revisions\/2496"}],"wp:featuredmedia":[{"embeddable":true,"href":"https:\/\/www.buscroatia.com\/hr\/wp-json\/wp\/v2\/media\/4197"}],"wp:attachment":[{"href":"https:\/\/www.buscroatia.com\/hr\/wp-json\/wp\/v2\/media?parent=2493"}],"curies":[{"name":"wp","href":"https:\/\/api.w.org\/{rel}","templated":true}]}}