{"id":2491,"date":"2013-10-31T13:09:35","date_gmt":"2013-10-31T13:09:35","guid":{"rendered":"http:\/\/www.buscroatia.com\/hr\/?page_id=2491"},"modified":"2014-01-10T11:02:13","modified_gmt":"2014-01-10T11:02:13","slug":"kolodvor-osijek","status":"publish","type":"page","link":"https:\/\/www.buscroatia.com\/hr\/kolodvor-osijek\/","title":{"rendered":"Kolodvor Osijek"},"content":{"rendered":"<p><b>Autobusni kolodvor u Osijeku<\/b> je najmoderniji kolodvor u Hrvatskoj. Nalazi se u blizini \u017eeljezni\u010dke stanice u Osijeku i 1 km od sredi\u0161ta grada. Autobusni kolodvor ima 16 odlaznih i dolaznih perona i sve sadr\u017eaje koje bi jedan moderni kolodvor trebao imati.<\/p>\n<p>S autobusnog kolodvora postoji i <b>tramvajska veza prema centru grada<\/b>. Tramvaj polazi vrlo \u010desto, od ranih jutarnjih sati pa do pono\u0107i.<\/p>\n<p><script type=\"text\/javascript\">\/\/ <![CDATA[\ngoogle_ad_client = \"\"; \/* Bus728-hr *\/ google_ad_slot = \"4900460214\"; google_ad_width = 728; google_ad_height = 90;\n\/\/ ]]><\/script><br \/>\n<script type=\"text\/javascript\" src=\"https:\/\/pagead2.googlesyndication.com\/pagead\/show_ads.js\">\/\/ <![CDATA[\n\n\n\/\/ ]]><\/script><\/p>\n<p>S osje\u010dkog autobusnog kolodvora polaze autobusi prema svim ve\u0107im gradovima u Hrvatskoj kao i prema susjednim zemljama kao \u0161to su Srbija i Ma\u0111arska. Koristite gore navedeni pretra\u017eiva\u010d kako biste prona\u0161li vozni red autobusa iz i prema Osijeku.<\/p>\n<p><b><span style=\"text-decoration: underline;\">Adresa autobusnog kolodvora Osijek<\/span><\/b><\/p>\n<p>Bartola Ka\u0161i\u0107a 70<br \/>\n31000 Osijek<br \/>\n+385 60 353353<\/p>\n","protected":false},"excerpt":{"rendered":"<p>Autobusni kolodvor u Osijeku je najmoderniji kolodvor u Hrvatskoj. Nalazi se u blizini \u017eeljezni\u010dke stanice u Osijeku i 1 km od sredi\u0161ta grada. Autobusni kolodvor ima 16 odlaznih i dolaznih perona i sve sadr\u017eaje koje bi jedan moderni kolodvor trebao imati. S autobusnog kolodvora postoji i tramvajska veza prema centru grada. Tramvaj polazi vrlo \u010desto, [&hellip;]<\/p>\n","protected":false},"author":2,"featured_media":3062,"parent":0,"menu_order":0,"comment_status":"open","ping_status":"open","template":"","meta":[],"aioseo_notices":[],"_links":{"self":[{"href":"https:\/\/www.buscroatia.com\/hr\/wp-json\/wp\/v2\/pages\/2491"}],"collection":[{"href":"https:\/\/www.buscroatia.com\/hr\/wp-json\/wp\/v2\/pages"}],"about":[{"href":"https:\/\/www.buscroatia.com\/hr\/wp-json\/wp\/v2\/types\/page"}],"author":[{"embeddable":true,"href":"https:\/\/www.buscroatia.com\/hr\/wp-json\/wp\/v2\/users\/2"}],"replies":[{"embeddable":true,"href":"https:\/\/www.buscroatia.com\/hr\/wp-json\/wp\/v2\/comments?post=2491"}],"version-history":[{"count":2,"href":"https:\/\/www.buscroatia.com\/hr\/wp-json\/wp\/v2\/pages\/2491\/revisions"}],"predecessor-version":[{"id":3060,"href":"https:\/\/www.buscroatia.com\/hr\/wp-json\/wp\/v2\/pages\/2491\/revisions\/3060"}],"wp:featuredmedia":[{"embeddable":true,"href":"https:\/\/www.buscroatia.com\/hr\/wp-json\/wp\/v2\/media\/3062"}],"wp:attachment":[{"href":"https:\/\/www.buscroatia.com\/hr\/wp-json\/wp\/v2\/media?parent=2491"}],"curies":[{"name":"wp","href":"https:\/\/api.w.org\/{rel}","templated":true}]}}