{"id":2489,"date":"2013-10-31T13:07:51","date_gmt":"2013-10-31T13:07:51","guid":{"rendered":"http:\/\/www.buscroatia.com\/hr\/?page_id=2489"},"modified":"2014-03-04T11:18:42","modified_gmt":"2014-03-04T11:18:42","slug":"kolodvor-orahovica","status":"publish","type":"page","link":"https:\/\/www.buscroatia.com\/hr\/kolodvor-orahovica\/","title":{"rendered":"Kolodvor Orahovica"},"content":{"rendered":"<p><b>Autobusni kolodvor Orahovica<\/b> se nalazi blizi sredi\u0161ta grada. \u017deljezni\u010dka stanica Zedenci &#8211; Orahovica se nalazi 6 km izvan grada.<\/p>\n<p>Iz Orahovice polaze autobusi prema gradovima u regiji; <b>nekoliko puta dnevno polaze autobusi prema Osijeku<\/b> odakle se mo\u017ee do\u0107i do gotovo svih gradova u Hrvatskoj.<\/p>\n<p><script type=\"text\/javascript\">\/\/ <![CDATA[\ngoogle_ad_client = \"\"; \/* Bus728-hr *\/ google_ad_slot = \"4900460214\"; google_ad_width = 728; google_ad_height = 90;\n\/\/ ]]><\/script><br \/>\n<script type=\"text\/javascript\" src=\"https:\/\/pagead2.googlesyndication.com\/pagead\/show_ads.js\">\/\/ <![CDATA[\n\n\/\/ ]]><\/script><br \/>\n<b><span style=\"text-decoration: underline;\">Adresa autobusnog kolodvora Orahovica<\/span><\/b><\/p>\n<p>Trg bana Ivana Ma\u017eurani\u0107a BB<br \/>\n33515 Orahovica<br \/>\nTel: +385 60 334060<\/p>\n","protected":false},"excerpt":{"rendered":"<p>Autobusni kolodvor Orahovica se nalazi blizi sredi\u0161ta grada. \u017deljezni\u010dka stanica Zedenci &#8211; Orahovica se nalazi 6 km izvan grada. Iz Orahovice polaze autobusi prema gradovima u regiji; nekoliko puta dnevno polaze autobusi prema Osijeku odakle se mo\u017ee do\u0107i do gotovo svih gradova u Hrvatskoj. Adresa autobusnog kolodvora Orahovica Trg bana Ivana Ma\u017eurani\u0107a BB 33515 Orahovica [&hellip;]<\/p>\n","protected":false},"author":2,"featured_media":4196,"parent":0,"menu_order":0,"comment_status":"open","ping_status":"open","template":"","meta":[],"aioseo_notices":[],"_links":{"self":[{"href":"https:\/\/www.buscroatia.com\/hr\/wp-json\/wp\/v2\/pages\/2489"}],"collection":[{"href":"https:\/\/www.buscroatia.com\/hr\/wp-json\/wp\/v2\/pages"}],"about":[{"href":"https:\/\/www.buscroatia.com\/hr\/wp-json\/wp\/v2\/types\/page"}],"author":[{"embeddable":true,"href":"https:\/\/www.buscroatia.com\/hr\/wp-json\/wp\/v2\/users\/2"}],"replies":[{"embeddable":true,"href":"https:\/\/www.buscroatia.com\/hr\/wp-json\/wp\/v2\/comments?post=2489"}],"version-history":[{"count":1,"href":"https:\/\/www.buscroatia.com\/hr\/wp-json\/wp\/v2\/pages\/2489\/revisions"}],"predecessor-version":[{"id":2490,"href":"https:\/\/www.buscroatia.com\/hr\/wp-json\/wp\/v2\/pages\/2489\/revisions\/2490"}],"wp:featuredmedia":[{"embeddable":true,"href":"https:\/\/www.buscroatia.com\/hr\/wp-json\/wp\/v2\/media\/4196"}],"wp:attachment":[{"href":"https:\/\/www.buscroatia.com\/hr\/wp-json\/wp\/v2\/media?parent=2489"}],"curies":[{"name":"wp","href":"https:\/\/api.w.org\/{rel}","templated":true}]}}