{"id":2487,"date":"2013-10-31T13:06:17","date_gmt":"2013-10-31T13:06:17","guid":{"rendered":"http:\/\/www.buscroatia.com\/hr\/?page_id=2487"},"modified":"2014-01-10T11:03:45","modified_gmt":"2014-01-10T11:03:45","slug":"kolodvor-opatija","status":"publish","type":"page","link":"https:\/\/www.buscroatia.com\/hr\/kolodvor-opatija\/","title":{"rendered":"Kolodvor Opatija"},"content":{"rendered":"<p><b>Autobusni kolodvor u Opatiji<\/b> se nalazi u sredi\u0161tu grada, stotinjak metara od rive. Ne postoji zgrada kolodvora, ali u blizini mo\u017eete prona\u0107i vi\u0161e manje sve vrste trgovina.<\/p>\n<p>S autobusnog kolodvora u Opatiji, izme\u0111u ostaloga, voze i autobusi prema svim dijelovima grada kao i <b>regionalni autobusi prema Rijeci<\/b> i drugim gradovima u okolici. Iz Opatije polaze tako\u0111er i autobusi za zra\u010dnu luku Rijeka \/ Krk koji polaze 3 sata prije svakog zakazanog leta.<\/p>\n<p><script type=\"text\/javascript\">\/\/ <![CDATA[\ngoogle_ad_client = \"\"; \/* Bus728-hr *\/ google_ad_slot = \"4900460214\"; google_ad_width = 728; google_ad_height = 90;\n\/\/ ]]><\/script><br \/>\n<script type=\"text\/javascript\" src=\"https:\/\/pagead2.googlesyndication.com\/pagead\/show_ads.js\">\/\/ <![CDATA[\n\n\n\/\/ ]]><\/script><\/p>\n<p><b><span style=\"text-decoration: underline;\">Adresa autobusnog kolodvora u Opatiji<\/span><\/b><\/p>\n<p>Velog Jo\u017ee 1<br \/>\n51410 Opatija<br \/>\nTel: +385 60 306010<\/p>\n","protected":false},"excerpt":{"rendered":"<p>Autobusni kolodvor u Opatiji se nalazi u sredi\u0161tu grada, stotinjak metara od rive. Ne postoji zgrada kolodvora, ali u blizini mo\u017eete prona\u0107i vi\u0161e manje sve vrste trgovina. S autobusnog kolodvora u Opatiji, izme\u0111u ostaloga, voze i autobusi prema svim dijelovima grada kao i regionalni autobusi prema Rijeci i drugim gradovima u okolici. Iz Opatije polaze [&hellip;]<\/p>\n","protected":false},"author":2,"featured_media":3067,"parent":0,"menu_order":0,"comment_status":"open","ping_status":"open","template":"","meta":[],"aioseo_notices":[],"_links":{"self":[{"href":"https:\/\/www.buscroatia.com\/hr\/wp-json\/wp\/v2\/pages\/2487"}],"collection":[{"href":"https:\/\/www.buscroatia.com\/hr\/wp-json\/wp\/v2\/pages"}],"about":[{"href":"https:\/\/www.buscroatia.com\/hr\/wp-json\/wp\/v2\/types\/page"}],"author":[{"embeddable":true,"href":"https:\/\/www.buscroatia.com\/hr\/wp-json\/wp\/v2\/users\/2"}],"replies":[{"embeddable":true,"href":"https:\/\/www.buscroatia.com\/hr\/wp-json\/wp\/v2\/comments?post=2487"}],"version-history":[{"count":2,"href":"https:\/\/www.buscroatia.com\/hr\/wp-json\/wp\/v2\/pages\/2487\/revisions"}],"predecessor-version":[{"id":3064,"href":"https:\/\/www.buscroatia.com\/hr\/wp-json\/wp\/v2\/pages\/2487\/revisions\/3064"}],"wp:featuredmedia":[{"embeddable":true,"href":"https:\/\/www.buscroatia.com\/hr\/wp-json\/wp\/v2\/media\/3067"}],"wp:attachment":[{"href":"https:\/\/www.buscroatia.com\/hr\/wp-json\/wp\/v2\/media?parent=2487"}],"curies":[{"name":"wp","href":"https:\/\/api.w.org\/{rel}","templated":true}]}}