{"id":2483,"date":"2013-10-31T13:01:18","date_gmt":"2013-10-31T13:01:18","guid":{"rendered":"http:\/\/www.buscroatia.com\/hr\/?page_id=2483"},"modified":"2014-01-10T11:10:28","modified_gmt":"2014-01-10T11:10:28","slug":"kolodvor-novska","status":"publish","type":"page","link":"https:\/\/www.buscroatia.com\/hr\/kolodvor-novska\/","title":{"rendered":"Kolodvor Novska"},"content":{"rendered":"<p><b>Autobusni kolodvor u Novskoj<\/b> se nalazi u ju\u017enom dijelu grada, odmah pored \u017eeljezni\u010dke stanice u Novskoj. Sredi\u0161te grada udaljeno je oko 1.5 km od autobusne stanice.<\/p>\n<p>Iz Novske voze <b>autobusi prema Kutini i Zagrebu<\/b> kao i prema gradovima u okolici. Korisite gore navedeni pretra\u017eiva\u010d kako biste prona\u0161li vozni red autobusa iz i prema Novskoj.<\/p>\n<p><script type=\"text\/javascript\">\/\/ <![CDATA[\ngoogle_ad_client = \"\"; \/* Bus728-hr *\/ google_ad_slot = \"4900460214\"; google_ad_width = 728; google_ad_height = 90;\n\/\/ ]]><\/script><br \/>\n<script type=\"text\/javascript\" src=\"https:\/\/pagead2.googlesyndication.com\/pagead\/show_ads.js\">\/\/ <![CDATA[\n\n\n\/\/ ]]><\/script><\/p>\n<p><b><span style=\"text-decoration: underline;\">Adresa autobusnog kolodvora<\/span><\/b><\/p>\n<p>Kralja Zvonimira 103<br \/>\n44330 Novska<br \/>\nTel: +385 44 600360<\/p>\n<p>&nbsp;<\/p>\n","protected":false},"excerpt":{"rendered":"<p>Autobusni kolodvor u Novskoj se nalazi u ju\u017enom dijelu grada, odmah pored \u017eeljezni\u010dke stanice u Novskoj. Sredi\u0161te grada udaljeno je oko 1.5 km od autobusne stanice. Iz Novske voze autobusi prema Kutini i Zagrebu kao i prema gradovima u okolici. Korisite gore navedeni pretra\u017eiva\u010d kako biste prona\u0161li vozni red autobusa iz i prema Novskoj. Adresa [&hellip;]<\/p>\n","protected":false},"author":2,"featured_media":3079,"parent":0,"menu_order":0,"comment_status":"open","ping_status":"open","template":"","meta":[],"aioseo_notices":[],"_links":{"self":[{"href":"https:\/\/www.buscroatia.com\/hr\/wp-json\/wp\/v2\/pages\/2483"}],"collection":[{"href":"https:\/\/www.buscroatia.com\/hr\/wp-json\/wp\/v2\/pages"}],"about":[{"href":"https:\/\/www.buscroatia.com\/hr\/wp-json\/wp\/v2\/types\/page"}],"author":[{"embeddable":true,"href":"https:\/\/www.buscroatia.com\/hr\/wp-json\/wp\/v2\/users\/2"}],"replies":[{"embeddable":true,"href":"https:\/\/www.buscroatia.com\/hr\/wp-json\/wp\/v2\/comments?post=2483"}],"version-history":[{"count":2,"href":"https:\/\/www.buscroatia.com\/hr\/wp-json\/wp\/v2\/pages\/2483\/revisions"}],"predecessor-version":[{"id":3078,"href":"https:\/\/www.buscroatia.com\/hr\/wp-json\/wp\/v2\/pages\/2483\/revisions\/3078"}],"wp:featuredmedia":[{"embeddable":true,"href":"https:\/\/www.buscroatia.com\/hr\/wp-json\/wp\/v2\/media\/3079"}],"wp:attachment":[{"href":"https:\/\/www.buscroatia.com\/hr\/wp-json\/wp\/v2\/media?parent=2483"}],"curies":[{"name":"wp","href":"https:\/\/api.w.org\/{rel}","templated":true}]}}