{"id":2480,"date":"2013-10-31T12:57:14","date_gmt":"2013-10-31T12:57:14","guid":{"rendered":"http:\/\/www.buscroatia.com\/hr\/?page_id=2480"},"modified":"2014-01-10T11:11:54","modified_gmt":"2014-01-10T11:11:54","slug":"kolodvor-novi-vinodolski","status":"publish","type":"page","link":"https:\/\/www.buscroatia.com\/hr\/kolodvor-novi-vinodolski\/","title":{"rendered":"Kolodvor Novi Vinodolski"},"content":{"rendered":"<p><b>Autobusni kolodvor u Novom Vinodolskom<\/b> je udaljen 500 metara od glavnog kolodvora; na autobusnom kolodvoru se nalazi \u010dekaonica i ured za prodaju karata. U susjednoj zgradi na\u0107i \u0107ete nekoliko restorana i kafi\u0107a kao i putni\u010dku agenciju i kiosk.<\/p>\n<p>Iz Novog Vinodolskog <b>\u010desto voze autobusi prema Rijeci i Zadru<\/b> odakle voze autobusi prema cijeloj Hrvatskoj. Koristite gore navedeni pretra\u017eiva\u010d kako biste prona\u0161li vozni red za autobuse iz i prema Novom Vinodolskom.<\/p>\n<p><script type=\"text\/javascript\">\/\/ <![CDATA[\ngoogle_ad_client = \"\"; \/* Bus728-hr *\/ google_ad_slot = \"4900460214\"; google_ad_width = 728; google_ad_height = 90;\n\/\/ ]]><\/script><br \/>\n<script type=\"text\/javascript\" src=\"https:\/\/pagead2.googlesyndication.com\/pagead\/show_ads.js\">\/\/ <![CDATA[\n\n\n\/\/ ]]><\/script><\/p>\n<p><b><span style=\"text-decoration: underline;\">Adresa autobusnog kolodvora Novi Vinodolski<\/span><\/b><\/p>\n<p>Kralja Tomislava BB<br \/>\n51250 Novi Vinodolski<br \/>\nTel: +385 51 245865<\/p>\n","protected":false},"excerpt":{"rendered":"<p>Autobusni kolodvor u Novom Vinodolskom je udaljen 500 metara od glavnog kolodvora; na autobusnom kolodvoru se nalazi \u010dekaonica i ured za prodaju karata. U susjednoj zgradi na\u0107i \u0107ete nekoliko restorana i kafi\u0107a kao i putni\u010dku agenciju i kiosk. Iz Novog Vinodolskog \u010desto voze autobusi prema Rijeci i Zadru odakle voze autobusi prema cijeloj Hrvatskoj. Koristite [&hellip;]<\/p>\n","protected":false},"author":2,"featured_media":3082,"parent":0,"menu_order":0,"comment_status":"open","ping_status":"open","template":"","meta":[],"aioseo_notices":[],"_links":{"self":[{"href":"https:\/\/www.buscroatia.com\/hr\/wp-json\/wp\/v2\/pages\/2480"}],"collection":[{"href":"https:\/\/www.buscroatia.com\/hr\/wp-json\/wp\/v2\/pages"}],"about":[{"href":"https:\/\/www.buscroatia.com\/hr\/wp-json\/wp\/v2\/types\/page"}],"author":[{"embeddable":true,"href":"https:\/\/www.buscroatia.com\/hr\/wp-json\/wp\/v2\/users\/2"}],"replies":[{"embeddable":true,"href":"https:\/\/www.buscroatia.com\/hr\/wp-json\/wp\/v2\/comments?post=2480"}],"version-history":[{"count":3,"href":"https:\/\/www.buscroatia.com\/hr\/wp-json\/wp\/v2\/pages\/2480\/revisions"}],"predecessor-version":[{"id":3084,"href":"https:\/\/www.buscroatia.com\/hr\/wp-json\/wp\/v2\/pages\/2480\/revisions\/3084"}],"wp:featuredmedia":[{"embeddable":true,"href":"https:\/\/www.buscroatia.com\/hr\/wp-json\/wp\/v2\/media\/3082"}],"wp:attachment":[{"href":"https:\/\/www.buscroatia.com\/hr\/wp-json\/wp\/v2\/media?parent=2480"}],"curies":[{"name":"wp","href":"https:\/\/api.w.org\/{rel}","templated":true}]}}