{"id":2477,"date":"2013-10-31T12:50:05","date_gmt":"2013-10-31T12:50:05","guid":{"rendered":"http:\/\/www.buscroatia.com\/hr\/?page_id=2477"},"modified":"2014-01-10T11:31:41","modified_gmt":"2014-01-10T11:31:41","slug":"kolodvor-novi-marof","status":"publish","type":"page","link":"https:\/\/www.buscroatia.com\/hr\/kolodvor-novi-marof\/","title":{"rendered":"Kolodvor Novi Marof"},"content":{"rendered":"<p><b>Autobusni kolodvor Novi Marof<\/b> je udaljen 600-800 metara od sredi\u0161ta grada. \u017deljezni\u010dka stanica u Novom Marofu nalazi se na suprotnoj strani grada, oko 2.2 km od autobusne stanice.<\/p>\n<p>Iz Novog Marofa svaki dan polaze autobusi prema obli\u017enjim gradovima kao i prema <b>Vara\u017edinu, Zagrebu i <a title=\"Kolodvor \u010cakovec\" href=\"https:\/\/www.buscroatia.com\/hr\/autobusni-kolodvor-cakovec\/\">\u010cakovcu<\/a><\/b>. Koristite gore navedeni pretra\u017eiva\u010d kako biste prona\u0161li vozni red za autobuse iz i prema Novom Marofu.<\/p>\n<p><script type=\"text\/javascript\">\/\/ <![CDATA[\ngoogle_ad_client = \"\"; \/* Bus728-hr *\/ google_ad_slot = \"4900460214\"; google_ad_width = 728; google_ad_height = 90;\n\/\/ ]]><\/script><br \/>\n<script type=\"text\/javascript\" src=\"https:\/\/pagead2.googlesyndication.com\/pagead\/show_ads.js\">\/\/ <![CDATA[\n\n\n\/\/ ]]><\/script><\/p>\n<p><b><span style=\"text-decoration: underline;\">Adresa autobusnog kolodvora Novi Marof<\/span><\/b><\/p>\n<p>Zagreba\u010dka 1G<br \/>\n42220 Novi Marof<br \/>\nTel: +385 42 611815<\/p>\n","protected":false},"excerpt":{"rendered":"<p>Autobusni kolodvor Novi Marof je udaljen 600-800 metara od sredi\u0161ta grada. \u017deljezni\u010dka stanica u Novom Marofu nalazi se na suprotnoj strani grada, oko 2.2 km od autobusne stanice. Iz Novog Marofa svaki dan polaze autobusi prema obli\u017enjim gradovima kao i prema Vara\u017edinu, Zagrebu i \u010cakovcu. Koristite gore navedeni pretra\u017eiva\u010d kako biste prona\u0161li vozni red za [&hellip;]<\/p>\n","protected":false},"author":2,"featured_media":3096,"parent":0,"menu_order":0,"comment_status":"open","ping_status":"open","template":"","meta":[],"aioseo_notices":[],"_links":{"self":[{"href":"https:\/\/www.buscroatia.com\/hr\/wp-json\/wp\/v2\/pages\/2477"}],"collection":[{"href":"https:\/\/www.buscroatia.com\/hr\/wp-json\/wp\/v2\/pages"}],"about":[{"href":"https:\/\/www.buscroatia.com\/hr\/wp-json\/wp\/v2\/types\/page"}],"author":[{"embeddable":true,"href":"https:\/\/www.buscroatia.com\/hr\/wp-json\/wp\/v2\/users\/2"}],"replies":[{"embeddable":true,"href":"https:\/\/www.buscroatia.com\/hr\/wp-json\/wp\/v2\/comments?post=2477"}],"version-history":[{"count":2,"href":"https:\/\/www.buscroatia.com\/hr\/wp-json\/wp\/v2\/pages\/2477\/revisions"}],"predecessor-version":[{"id":3086,"href":"https:\/\/www.buscroatia.com\/hr\/wp-json\/wp\/v2\/pages\/2477\/revisions\/3086"}],"wp:featuredmedia":[{"embeddable":true,"href":"https:\/\/www.buscroatia.com\/hr\/wp-json\/wp\/v2\/media\/3096"}],"wp:attachment":[{"href":"https:\/\/www.buscroatia.com\/hr\/wp-json\/wp\/v2\/media?parent=2477"}],"curies":[{"name":"wp","href":"https:\/\/api.w.org\/{rel}","templated":true}]}}