{"id":2457,"date":"2013-10-25T12:14:57","date_gmt":"2013-10-25T12:14:57","guid":{"rendered":"http:\/\/www.buscroatia.com\/hr\/?page_id=2457"},"modified":"2014-01-10T09:29:10","modified_gmt":"2014-01-10T09:29:10","slug":"kolodvor-vinkovci","status":"publish","type":"page","link":"https:\/\/www.buscroatia.com\/hr\/kolodvor-vinkovci\/","title":{"rendered":"Kolodvor Vinkovci"},"content":{"rendered":"<p><b>Autobusni kolodvor u Vinkovcima<\/b> smjestio se u sjevernom dijelu grada, oko 1.5 km od sredi\u0161ta grada. \u017deljezni\u010dka stanica u Vinkovcima nalazi se pored autobusnog kolodvora.<\/p>\n<p>Iz Vinkovaca voze <b>autobusi prema svim ve\u0107im gradovima u Slavoniji<\/b> kao i prema gradovima u obli\u017enjim regijama. Koristite gore navedeni pretra\u017eiva\u010d kako biste prona\u0161li vozni red autobusa iz i prema Vinkovcima.<\/p>\n<p><script type=\"text\/javascript\">\/\/ <![CDATA[\ngoogle_ad_client = \"\";\n\/* Bus728-hr *\/\ngoogle_ad_slot = \"4900460214\";\ngoogle_ad_width = 728;\ngoogle_ad_height = 90;\n\/\/ ]]><\/script><br \/>\n<script type=\"text\/javascript\" src=\"https:\/\/pagead2.googlesyndication.com\/pagead\/show_ads.js\">\/\/ <![CDATA[\n\n\/\/ ]]><\/script><\/p>\n<p><b><span style=\"text-decoration: underline;\">Adresa autobusnog kolodvora Vinkovci<\/span><\/b><\/p>\n<ul>\n<li>Trg kralja Tomislava 1<\/li>\n<li>32100\u00a0Vinkovci<\/li>\n<li>+385 60 332233<\/li>\n<\/ul>\n","protected":false},"excerpt":{"rendered":"<p>Autobusni kolodvor u Vinkovcima smjestio se u sjevernom dijelu grada, oko 1.5 km od sredi\u0161ta grada. \u017deljezni\u010dka stanica u Vinkovcima nalazi se pored autobusnog kolodvora. Iz Vinkovaca voze autobusi prema svim ve\u0107im gradovima u Slavoniji kao i prema gradovima u obli\u017enjim regijama. Koristite gore navedeni pretra\u017eiva\u010d kako biste prona\u0161li vozni red autobusa iz i prema [&hellip;]<\/p>\n","protected":false},"author":2,"featured_media":3001,"parent":0,"menu_order":0,"comment_status":"open","ping_status":"open","template":"","meta":[],"aioseo_notices":[],"_links":{"self":[{"href":"https:\/\/www.buscroatia.com\/hr\/wp-json\/wp\/v2\/pages\/2457"}],"collection":[{"href":"https:\/\/www.buscroatia.com\/hr\/wp-json\/wp\/v2\/pages"}],"about":[{"href":"https:\/\/www.buscroatia.com\/hr\/wp-json\/wp\/v2\/types\/page"}],"author":[{"embeddable":true,"href":"https:\/\/www.buscroatia.com\/hr\/wp-json\/wp\/v2\/users\/2"}],"replies":[{"embeddable":true,"href":"https:\/\/www.buscroatia.com\/hr\/wp-json\/wp\/v2\/comments?post=2457"}],"version-history":[{"count":3,"href":"https:\/\/www.buscroatia.com\/hr\/wp-json\/wp\/v2\/pages\/2457\/revisions"}],"predecessor-version":[{"id":3002,"href":"https:\/\/www.buscroatia.com\/hr\/wp-json\/wp\/v2\/pages\/2457\/revisions\/3002"}],"wp:featuredmedia":[{"embeddable":true,"href":"https:\/\/www.buscroatia.com\/hr\/wp-json\/wp\/v2\/media\/3001"}],"wp:attachment":[{"href":"https:\/\/www.buscroatia.com\/hr\/wp-json\/wp\/v2\/media?parent=2457"}],"curies":[{"name":"wp","href":"https:\/\/api.w.org\/{rel}","templated":true}]}}