{"id":2454,"date":"2013-10-25T12:13:51","date_gmt":"2013-10-25T12:13:51","guid":{"rendered":"http:\/\/www.buscroatia.com\/hr\/?page_id=2454"},"modified":"2014-01-10T09:33:19","modified_gmt":"2014-01-10T09:33:19","slug":"autobusni-kolodvor-varazdin","status":"publish","type":"page","link":"https:\/\/www.buscroatia.com\/hr\/autobusni-kolodvor-varazdin\/","title":{"rendered":"Kolodvor Vara\u017edin"},"content":{"rendered":"<p><b>Autobusni kolodvor u Vara\u017edinu<\/b> se nalazi u sredi\u0161tu grada. \u017deljezni\u010dka stanica udaljena je 1 km hoda od autobusnog kolodvora. Na autobusnom kolodvoru na\u0107i \u0107ete kiosk,\u010dekaonicu i ured za prodaju karata. S autobusnog kolodvora voze <b>gradski autobusi prema svim dijelovima grada<\/b>.<\/p>\n<p>&nbsp;<\/p>\n<p>Iz Vara\u017edina voze <b>autobusi prema svim ve\u0107im gradovima u Hrvatskoj<\/b> kao i nekim inozemnim destinacijama. Koristite gore navedeni prtra\u017eiva\u010d kako biste prona\u0161li vozni red autobusa iz i prema Vara\u017edinu.<\/p>\n<p><script type=\"text\/javascript\">\/\/ <![CDATA[\ngoogle_ad_client = \"\";\n\/* Bus728-hr *\/\ngoogle_ad_slot = \"4900460214\";\ngoogle_ad_width = 728;\ngoogle_ad_height = 90;\n\/\/ ]]><\/script><br \/>\n<script type=\"text\/javascript\" src=\"https:\/\/pagead2.googlesyndication.com\/pagead\/show_ads.js\">\/\/ <![CDATA[\n\n\/\/ ]]><\/script><\/p>\n<p><b><span style=\"text-decoration: underline;\">Adresa autobusnog kolodvora Vara\u017edin<\/span><\/b><\/p>\n<ul>\n<li>Autobusni kolodvor 1<\/li>\n<li>42000 Vara\u017edin<\/li>\n<li>Tel: +385 42 407888<\/li>\n<\/ul>\n","protected":false},"excerpt":{"rendered":"<p>Autobusni kolodvor u Vara\u017edinu se nalazi u sredi\u0161tu grada. \u017deljezni\u010dka stanica udaljena je 1 km hoda od autobusnog kolodvora. Na autobusnom kolodvoru na\u0107i \u0107ete kiosk,\u010dekaonicu i ured za prodaju karata. S autobusnog kolodvora voze gradski autobusi prema svim dijelovima grada. &nbsp; Iz Vara\u017edina voze autobusi prema svim ve\u0107im gradovima u Hrvatskoj kao i nekim inozemnim [&hellip;]<\/p>\n","protected":false},"author":2,"featured_media":3004,"parent":0,"menu_order":0,"comment_status":"open","ping_status":"open","template":"pages-templates\/bus-station.php","meta":[],"aioseo_notices":[],"_links":{"self":[{"href":"https:\/\/www.buscroatia.com\/hr\/wp-json\/wp\/v2\/pages\/2454"}],"collection":[{"href":"https:\/\/www.buscroatia.com\/hr\/wp-json\/wp\/v2\/pages"}],"about":[{"href":"https:\/\/www.buscroatia.com\/hr\/wp-json\/wp\/v2\/types\/page"}],"author":[{"embeddable":true,"href":"https:\/\/www.buscroatia.com\/hr\/wp-json\/wp\/v2\/users\/2"}],"replies":[{"embeddable":true,"href":"https:\/\/www.buscroatia.com\/hr\/wp-json\/wp\/v2\/comments?post=2454"}],"version-history":[{"count":3,"href":"https:\/\/www.buscroatia.com\/hr\/wp-json\/wp\/v2\/pages\/2454\/revisions"}],"predecessor-version":[{"id":3005,"href":"https:\/\/www.buscroatia.com\/hr\/wp-json\/wp\/v2\/pages\/2454\/revisions\/3005"}],"wp:featuredmedia":[{"embeddable":true,"href":"https:\/\/www.buscroatia.com\/hr\/wp-json\/wp\/v2\/media\/3004"}],"wp:attachment":[{"href":"https:\/\/www.buscroatia.com\/hr\/wp-json\/wp\/v2\/media?parent=2454"}],"curies":[{"name":"wp","href":"https:\/\/api.w.org\/{rel}","templated":true}]}}