{"id":2448,"date":"2013-10-25T12:11:28","date_gmt":"2013-10-25T12:11:28","guid":{"rendered":"http:\/\/www.buscroatia.com\/hr\/?page_id=2448"},"modified":"2014-03-04T11:30:35","modified_gmt":"2014-03-04T11:30:35","slug":"kolodvor-stari-grad","status":"publish","type":"page","link":"https:\/\/www.buscroatia.com\/hr\/kolodvor-stari-grad\/","title":{"rendered":"Kolodvor Stari Grad"},"content":{"rendered":"<p><b>Autobusni kolodvor Stari Grad<\/b> na Hvaru se nalazi u sredi\u0161tu grada. S autobusnog kolodvora mo\u017ee se pje\u0161ice do\u0107i do bilo kojeg dijela grada. Trajektno pristani\u0161te nalazi se nekoliko kilometara izvan grada. Autobusi prema gradu Hvaru i Starom Gradu \u010dekaju u trajektnom pristani\u0161tu kada stigne trajekt.<\/p>\n<p>Iz Starog Grada svakodnevno polazi <b>nekoliko autobusa<\/b> prema drugim gradovima na otoku kao \u0161to su Hvar, Jelsa i Su\u0107urac.<\/p>\n<p><script type=\"text\/javascript\">\/\/ <![CDATA[\ngoogle_ad_client = \"\"; \/* Bus728-hr *\/ google_ad_slot = \"4900460214\"; google_ad_width = 728; google_ad_height = 90;\n\/\/ ]]><\/script><br \/>\n<script type=\"text\/javascript\" src=\"https:\/\/pagead2.googlesyndication.com\/pagead\/show_ads.js\">\/\/ <![CDATA[\n\n\/\/ ]]><\/script><\/p>\n<p><b><span style=\"text-decoration: underline;\">Adresa autobusnog kolodvora Stari Grad<\/span><\/b><\/p>\n<ul>\n<li>Ivana Me\u0161trovi\u0107a BB<\/li>\n<li>21460 Stari Grad<\/li>\n<li>Tel: +385 21 765904<\/li>\n<\/ul>\n","protected":false},"excerpt":{"rendered":"<p>Autobusni kolodvor Stari Grad na Hvaru se nalazi u sredi\u0161tu grada. S autobusnog kolodvora mo\u017ee se pje\u0161ice do\u0107i do bilo kojeg dijela grada. Trajektno pristani\u0161te nalazi se nekoliko kilometara izvan grada. Autobusi prema gradu Hvaru i Starom Gradu \u010dekaju u trajektnom pristani\u0161tu kada stigne trajekt. Iz Starog Grada svakodnevno polazi nekoliko autobusa prema drugim gradovima [&hellip;]<\/p>\n","protected":false},"author":2,"featured_media":4202,"parent":0,"menu_order":0,"comment_status":"open","ping_status":"open","template":"","meta":[],"aioseo_notices":[],"_links":{"self":[{"href":"https:\/\/www.buscroatia.com\/hr\/wp-json\/wp\/v2\/pages\/2448"}],"collection":[{"href":"https:\/\/www.buscroatia.com\/hr\/wp-json\/wp\/v2\/pages"}],"about":[{"href":"https:\/\/www.buscroatia.com\/hr\/wp-json\/wp\/v2\/types\/page"}],"author":[{"embeddable":true,"href":"https:\/\/www.buscroatia.com\/hr\/wp-json\/wp\/v2\/users\/2"}],"replies":[{"embeddable":true,"href":"https:\/\/www.buscroatia.com\/hr\/wp-json\/wp\/v2\/comments?post=2448"}],"version-history":[{"count":3,"href":"https:\/\/www.buscroatia.com\/hr\/wp-json\/wp\/v2\/pages\/2448\/revisions"}],"predecessor-version":[{"id":4204,"href":"https:\/\/www.buscroatia.com\/hr\/wp-json\/wp\/v2\/pages\/2448\/revisions\/4204"}],"wp:featuredmedia":[{"embeddable":true,"href":"https:\/\/www.buscroatia.com\/hr\/wp-json\/wp\/v2\/media\/4202"}],"wp:attachment":[{"href":"https:\/\/www.buscroatia.com\/hr\/wp-json\/wp\/v2\/media?parent=2448"}],"curies":[{"name":"wp","href":"https:\/\/api.w.org\/{rel}","templated":true}]}}