{"id":2445,"date":"2013-10-25T12:08:40","date_gmt":"2013-10-25T12:08:40","guid":{"rendered":"http:\/\/www.buscroatia.com\/hr\/?page_id=2445"},"modified":"2019-04-29T07:59:27","modified_gmt":"2019-04-29T07:59:27","slug":"autobusni-kolodvor-slavonski-brod","status":"publish","type":"page","link":"https:\/\/www.buscroatia.com\/hr\/autobusni-kolodvor-slavonski-brod\/","title":{"rendered":"Kolodvor Slavonski Brod"},"content":{"rendered":"<p><b>Autobusni kolodvor Slavonski Brod<\/b> smje\u0161ten je u sredi\u0161tu grada, odmah pored \u017eeljezni\u010dke stanice. U zgradi kolodvora prona\u0107i \u0107ete \u010dekaonicu, kiosk i nekoliko manjih trgovina.<\/p>\n<p>Iz Slavonskog Broda \u010desto voze autobusi prema obli\u017enjim gradovima kao i udaljenijim gradovima u Hrvatskoj te prema nekoliko inozemnih destinacija.<br \/>\n<script type=\"text\/javascript\">\/\/ <![CDATA[\ngoogle_ad_client = \"\";\n\/* Bus728-hr *\/\ngoogle_ad_slot = \"4900460214\";\ngoogle_ad_width = 728;\ngoogle_ad_height = 90;\n\/\/ ]]><\/script><br \/>\n<script src=\"https:\/\/pagead2.googlesyndication.com\/pagead\/show_ads.js\" type=\"text\/javascript\">\/\/ <![CDATA[\n\n\n\/\/ ]]><\/script><\/p>\n<p><b><span style=\"text-decoration: underline;\">Adresa autobusnog kolodvora Slavonski Brod<\/span><\/b><\/p>\n<ul>\n<li>Trg hrvatskog prolje\u0107a 2<\/li>\n<li>35000 Slavonski Brod<\/li>\n<li>Tel: +385 60 810810<\/li>\n<\/ul>\n","protected":false},"excerpt":{"rendered":"<p>Autobusni kolodvor Slavonski Brod smje\u0161ten je u sredi\u0161tu grada, odmah pored \u017eeljezni\u010dke stanice. U zgradi kolodvora prona\u0107i \u0107ete \u010dekaonicu, kiosk i nekoliko manjih trgovina. Iz Slavonskog Broda \u010desto voze autobusi prema obli\u017enjim gradovima kao i udaljenijim gradovima u Hrvatskoj te prema nekoliko inozemnih destinacija. Adresa autobusnog kolodvora Slavonski Brod Trg hrvatskog prolje\u0107a 2 35000 Slavonski [&hellip;]<\/p>\n","protected":false},"author":2,"featured_media":3011,"parent":0,"menu_order":0,"comment_status":"open","ping_status":"open","template":"pages-templates\/bus-station.php","meta":[],"aioseo_notices":[],"_links":{"self":[{"href":"https:\/\/www.buscroatia.com\/hr\/wp-json\/wp\/v2\/pages\/2445"}],"collection":[{"href":"https:\/\/www.buscroatia.com\/hr\/wp-json\/wp\/v2\/pages"}],"about":[{"href":"https:\/\/www.buscroatia.com\/hr\/wp-json\/wp\/v2\/types\/page"}],"author":[{"embeddable":true,"href":"https:\/\/www.buscroatia.com\/hr\/wp-json\/wp\/v2\/users\/2"}],"replies":[{"embeddable":true,"href":"https:\/\/www.buscroatia.com\/hr\/wp-json\/wp\/v2\/comments?post=2445"}],"version-history":[{"count":4,"href":"https:\/\/www.buscroatia.com\/hr\/wp-json\/wp\/v2\/pages\/2445\/revisions"}],"predecessor-version":[{"id":202479,"href":"https:\/\/www.buscroatia.com\/hr\/wp-json\/wp\/v2\/pages\/2445\/revisions\/202479"}],"wp:featuredmedia":[{"embeddable":true,"href":"https:\/\/www.buscroatia.com\/hr\/wp-json\/wp\/v2\/media\/3011"}],"wp:attachment":[{"href":"https:\/\/www.buscroatia.com\/hr\/wp-json\/wp\/v2\/media?parent=2445"}],"curies":[{"name":"wp","href":"https:\/\/api.w.org\/{rel}","templated":true}]}}