{"id":2439,"date":"2013-10-25T12:01:51","date_gmt":"2013-10-25T12:01:51","guid":{"rendered":"http:\/\/www.buscroatia.com\/hr\/?page_id=2439"},"modified":"2014-01-10T09:56:34","modified_gmt":"2014-01-10T09:56:34","slug":"kolodvor-sisak","status":"publish","type":"page","link":"https:\/\/www.buscroatia.com\/hr\/kolodvor-sisak\/","title":{"rendered":"Kolodvor Sisak"},"content":{"rendered":"<p><b>Autobusni kolodvor Sisak<\/b> smje\u0161ten je pored \u017eeljezni\u010dke stanice, oko 800 metara od sredi\u0161ta grada. Na autobusnom kolodvoru na\u0107i \u0107ete ured za prodaju karata, \u010dekaonicu i kafi\u0107.<\/p>\n<p>Iz Siska <b>vrlo \u010desto voze autobusi prema Zagrebu<\/b>, a isto tako nekoliko puta dnevno voze autobusi prema obli\u017enjim gradovima u regiji.<\/p>\n<p><script type=\"mce-text\/javascript\">\/\/ <![CDATA[\ngoogle_ad_client = \"\"; \/* Bus728-hr *\/ google_ad_slot = \"4900460214\"; google_ad_width = 728; google_ad_height = 90;\n\/\/ ]]><\/script><br \/>\n<script type=\"mce-text\/javascript\" src=\"https:\/\/pagead2.googlesyndication.com\/pagead\/show_ads.js\">\/\/ <![CDATA[\n\n\n\/\/ ]]><\/script><\/p>\n<p><b><span style=\"text-decoration: underline;\">Adresa autobusnog kolodvora Sisak<\/span><\/b><\/p>\n<ul>\n<li>Zagreba\u010dka 19<\/li>\n<li>44000 Sisak<\/li>\n<li>Tel: +385 60 330060<\/li>\n<\/ul>\n","protected":false},"excerpt":{"rendered":"<p>Autobusni kolodvor Sisak smje\u0161ten je pored \u017eeljezni\u010dke stanice, oko 800 metara od sredi\u0161ta grada. Na autobusnom kolodvoru na\u0107i \u0107ete ured za prodaju karata, \u010dekaonicu i kafi\u0107. Iz Siska vrlo \u010desto voze autobusi prema Zagrebu, a isto tako nekoliko puta dnevno voze autobusi prema obli\u017enjim gradovima u regiji. Adresa autobusnog kolodvora Sisak Zagreba\u010dka 19 44000 Sisak [&hellip;]<\/p>\n","protected":false},"author":2,"featured_media":3020,"parent":0,"menu_order":0,"comment_status":"open","ping_status":"open","template":"","meta":[],"aioseo_notices":[],"_links":{"self":[{"href":"https:\/\/www.buscroatia.com\/hr\/wp-json\/wp\/v2\/pages\/2439"}],"collection":[{"href":"https:\/\/www.buscroatia.com\/hr\/wp-json\/wp\/v2\/pages"}],"about":[{"href":"https:\/\/www.buscroatia.com\/hr\/wp-json\/wp\/v2\/types\/page"}],"author":[{"embeddable":true,"href":"https:\/\/www.buscroatia.com\/hr\/wp-json\/wp\/v2\/users\/2"}],"replies":[{"embeddable":true,"href":"https:\/\/www.buscroatia.com\/hr\/wp-json\/wp\/v2\/comments?post=2439"}],"version-history":[{"count":3,"href":"https:\/\/www.buscroatia.com\/hr\/wp-json\/wp\/v2\/pages\/2439\/revisions"}],"predecessor-version":[{"id":3021,"href":"https:\/\/www.buscroatia.com\/hr\/wp-json\/wp\/v2\/pages\/2439\/revisions\/3021"}],"wp:featuredmedia":[{"embeddable":true,"href":"https:\/\/www.buscroatia.com\/hr\/wp-json\/wp\/v2\/media\/3020"}],"wp:attachment":[{"href":"https:\/\/www.buscroatia.com\/hr\/wp-json\/wp\/v2\/media?parent=2439"}],"curies":[{"name":"wp","href":"https:\/\/api.w.org\/{rel}","templated":true}]}}