{"id":2432,"date":"2013-10-25T11:42:35","date_gmt":"2013-10-25T11:42:35","guid":{"rendered":"http:\/\/www.buscroatia.com\/hr\/?page_id=2432"},"modified":"2014-01-10T09:58:21","modified_gmt":"2014-01-10T09:58:21","slug":"kolodvor-sinj","status":"publish","type":"page","link":"https:\/\/www.buscroatia.com\/hr\/kolodvor-sinj\/","title":{"rendered":"Kolodvor Sinj"},"content":{"rendered":"<p><b>Autobusni kolodvor u Sinju<\/b> udaljen je 500 metara od sredi\u0161ta grada. Autobusni kolodvor ima ured za prodaju karata i \u010dekaonicu.<\/p>\n<p>Iz Sinja \u010desto voze autobusi prema <b>Splitu, Drni\u0161u, Kninu, Zagrebu, Imotskom<\/b> i drugim gradovima u Hrvatskoj. Koristite gore navedeni prtra\u017eiva\u010d kako biste prona\u0161li vozni red autobusa iz i prema Sinju.<\/p>\n<p><script type=\"text\/javascript\">\/\/ <![CDATA[\ngoogle_ad_client = \"\";\n\/* Bus728-hr *\/\ngoogle_ad_slot = \"4900460214\";\ngoogle_ad_width = 728;\ngoogle_ad_height = 90;\n\/\/ ]]><\/script><br \/>\n<script type=\"text\/javascript\" src=\"https:\/\/pagead2.googlesyndication.com\/pagead\/show_ads.js\">\/\/ <![CDATA[\n\n\/\/ ]]><\/script><\/p>\n<p><b><span style=\"text-decoration: underline;\">Adresa autobusnog kolodvora Sinj<\/span><\/b><\/p>\n<ul>\n<li>Put Ferate 15<\/li>\n<li>21230 Sinj<\/li>\n<li>Tel: +385 21 826936<\/li>\n<\/ul>\n","protected":false},"excerpt":{"rendered":"<p>Autobusni kolodvor u Sinju udaljen je 500 metara od sredi\u0161ta grada. Autobusni kolodvor ima ured za prodaju karata i \u010dekaonicu. Iz Sinja \u010desto voze autobusi prema Splitu, Drni\u0161u, Kninu, Zagrebu, Imotskom i drugim gradovima u Hrvatskoj. Koristite gore navedeni prtra\u017eiva\u010d kako biste prona\u0161li vozni red autobusa iz i prema Sinju. Adresa autobusnog kolodvora Sinj Put [&hellip;]<\/p>\n","protected":false},"author":2,"featured_media":3022,"parent":0,"menu_order":0,"comment_status":"open","ping_status":"open","template":"","meta":[],"aioseo_notices":[],"_links":{"self":[{"href":"https:\/\/www.buscroatia.com\/hr\/wp-json\/wp\/v2\/pages\/2432"}],"collection":[{"href":"https:\/\/www.buscroatia.com\/hr\/wp-json\/wp\/v2\/pages"}],"about":[{"href":"https:\/\/www.buscroatia.com\/hr\/wp-json\/wp\/v2\/types\/page"}],"author":[{"embeddable":true,"href":"https:\/\/www.buscroatia.com\/hr\/wp-json\/wp\/v2\/users\/2"}],"replies":[{"embeddable":true,"href":"https:\/\/www.buscroatia.com\/hr\/wp-json\/wp\/v2\/comments?post=2432"}],"version-history":[{"count":3,"href":"https:\/\/www.buscroatia.com\/hr\/wp-json\/wp\/v2\/pages\/2432\/revisions"}],"predecessor-version":[{"id":3023,"href":"https:\/\/www.buscroatia.com\/hr\/wp-json\/wp\/v2\/pages\/2432\/revisions\/3023"}],"wp:featuredmedia":[{"embeddable":true,"href":"https:\/\/www.buscroatia.com\/hr\/wp-json\/wp\/v2\/media\/3022"}],"wp:attachment":[{"href":"https:\/\/www.buscroatia.com\/hr\/wp-json\/wp\/v2\/media?parent=2432"}],"curies":[{"name":"wp","href":"https:\/\/api.w.org\/{rel}","templated":true}]}}