{"id":2428,"date":"2013-10-25T11:41:24","date_gmt":"2013-10-25T11:41:24","guid":{"rendered":"http:\/\/www.buscroatia.com\/hr\/?page_id=2428"},"modified":"2014-01-10T10:07:23","modified_gmt":"2014-01-10T10:07:23","slug":"kolodvor-senj","status":"publish","type":"page","link":"https:\/\/www.buscroatia.com\/hr\/kolodvor-senj\/","title":{"rendered":"Kolodvor Senj"},"content":{"rendered":"<p><b>Autobusni kolodvor u Senju<\/b> nalazi se pored mora i stare gradske jezgre Senja. Autobusni kolodvor je zapravo samo ve\u0107a autobusna stanica ispred hotela Libra. Karte se mogu kupiti u kiosku pored autobsne stanice.<\/p>\n<p>Iz Senja vozi nekoliko <b>autobusa prema Rijeci i Zadru<\/b> kao i <b>nekoliko autobusa prema Zagrebu <\/b>i drugim ve\u0107im gradovima. Koristite gore navedeni pretra\u017eiva\u010d kako biste prona\u0161li vozni red autobusa iz i prema Senju.<\/p>\n<p><script type=\"text\/javascript\">\/\/ <![CDATA[\ngoogle_ad_client = \"\"; \/* Bus728-hr *\/ google_ad_slot = \"4900460214\"; google_ad_width = 728; google_ad_height = 90;\n\/\/ ]]><\/script><br \/>\n<script type=\"text\/javascript\" src=\"https:\/\/pagead2.googlesyndication.com\/pagead\/show_ads.js\">\/\/ <![CDATA[\n\n\n\/\/ ]]><\/script><\/p>\n<p><b><span style=\"text-decoration: underline;\">Adresa autobusnog kolodvora Senj<\/span><\/b><\/p>\n<ul>\n<li>Obala dr. Franje Tu\u0111mana 8<\/li>\n<li>53270 Senj<\/li>\n<li>Tel: +385 60 394394<\/li>\n<\/ul>\n","protected":false},"excerpt":{"rendered":"<p>Autobusni kolodvor u Senju nalazi se pored mora i stare gradske jezgre Senja. Autobusni kolodvor je zapravo samo ve\u0107a autobusna stanica ispred hotela Libra. Karte se mogu kupiti u kiosku pored autobsne stanice. Iz Senja vozi nekoliko autobusa prema Rijeci i Zadru kao i nekoliko autobusa prema Zagrebu i drugim ve\u0107im gradovima. Koristite gore navedeni [&hellip;]<\/p>\n","protected":false},"author":2,"featured_media":3029,"parent":0,"menu_order":0,"comment_status":"open","ping_status":"open","template":"","meta":[],"aioseo_notices":[],"_links":{"self":[{"href":"https:\/\/www.buscroatia.com\/hr\/wp-json\/wp\/v2\/pages\/2428"}],"collection":[{"href":"https:\/\/www.buscroatia.com\/hr\/wp-json\/wp\/v2\/pages"}],"about":[{"href":"https:\/\/www.buscroatia.com\/hr\/wp-json\/wp\/v2\/types\/page"}],"author":[{"embeddable":true,"href":"https:\/\/www.buscroatia.com\/hr\/wp-json\/wp\/v2\/users\/2"}],"replies":[{"embeddable":true,"href":"https:\/\/www.buscroatia.com\/hr\/wp-json\/wp\/v2\/comments?post=2428"}],"version-history":[{"count":2,"href":"https:\/\/www.buscroatia.com\/hr\/wp-json\/wp\/v2\/pages\/2428\/revisions"}],"predecessor-version":[{"id":3028,"href":"https:\/\/www.buscroatia.com\/hr\/wp-json\/wp\/v2\/pages\/2428\/revisions\/3028"}],"wp:featuredmedia":[{"embeddable":true,"href":"https:\/\/www.buscroatia.com\/hr\/wp-json\/wp\/v2\/media\/3029"}],"wp:attachment":[{"href":"https:\/\/www.buscroatia.com\/hr\/wp-json\/wp\/v2\/media?parent=2428"}],"curies":[{"name":"wp","href":"https:\/\/api.w.org\/{rel}","templated":true}]}}