{"id":2420,"date":"2013-10-25T11:35:25","date_gmt":"2013-10-25T11:35:25","guid":{"rendered":"http:\/\/www.buscroatia.com\/hr\/?page_id=2420"},"modified":"2014-01-10T12:00:33","modified_gmt":"2014-01-10T12:00:33","slug":"autobusni-kolodvor-novalja","status":"publish","type":"page","link":"https:\/\/www.buscroatia.com\/hr\/autobusni-kolodvor-novalja\/","title":{"rendered":"Kolodvor Novalja"},"content":{"rendered":"<p><b>Autobusni kolodvor u Novalji<\/b> nalazi se pored ulaza u grad dolaze\u0107i iz smjera Paga. Autobusni kolodvor u Novalji udaljen je 1.5 km od sredi\u0161ta grada i 2.5 km od popularne pla\u017ee Zr\u0107e. U zgradi autobusnog kolodvora na\u0107i \u0107ete ured za prodaju karata, \u010dekaonicu putni\u010dku agenciju i kiosk.<\/p>\n<p>Iz Novalje voze <b>autobusi prema Splitu, Zadru, Pagu i Zagrebu<\/b>. Dostupnost autobusa ovisi o dobu godine. Koristite gore navedeni prtra\u017eiva\u010d kako biste prona\u0161li vozni red autobusa iz i prema Novalji.<\/p>\n<p><script type=\"text\/javascript\">\/\/ <![CDATA[\ngoogle_ad_client = \"\"; \/* Bus728-hr *\/ google_ad_slot = \"4900460214\"; google_ad_width = 728; google_ad_height = 90;\n\/\/ ]]><\/script><br \/>\n<script type=\"text\/javascript\" src=\"https:\/\/pagead2.googlesyndication.com\/pagead\/show_ads.js\">\/\/ <![CDATA[\n\n\n\/\/ ]]><\/script><\/p>\n<p>Ovdje mo\u017eete vidjeti kako do\u0107i od:<\/p>\n<ul>\n<li><a href=\"https:\/\/www.buscroatia.com\/hr\/pretraga-ruta\/?dS=Split&amp;aS=Novalja&amp;d=&amp;t=\">Splita do Novalje<\/a><\/li>\n<li><a href=\"https:\/\/www.buscroatia.com\/hr\/pretraga-ruta\/?dS=zadar+&amp;aS=Novalja&amp;d=&amp;t=\">Zadra i zra\u010dne luke u Zadru do Novalje<\/a><\/li>\n<li><a href=\"https:\/\/www.buscroatia.com\/hr\/pretraga-ruta\/?dS=Zagreb&amp;aS=Novalja&amp;d=&amp;t=\">Zagreba do Novalje<\/a><\/li>\n<\/ul>\n<p>&nbsp;<\/p>\n<p><b><span style=\"text-decoration: underline;\">Adresa autobusnog kolodvora Novalja<\/span><\/b><\/p>\n<ul>\n<li>\u0160pital BB<\/li>\n<li>53291 Novalja<\/li>\n<li>Tel: +385 53 661500<\/li>\n<\/ul>\n","protected":false},"excerpt":{"rendered":"<p>Autobusni kolodvor u Novalji nalazi se pored ulaza u grad dolaze\u0107i iz smjera Paga. Autobusni kolodvor u Novalji udaljen je 1.5 km od sredi\u0161ta grada i 2.5 km od popularne pla\u017ee Zr\u0107e. U zgradi autobusnog kolodvora na\u0107i \u0107ete ured za prodaju karata, \u010dekaonicu putni\u010dku agenciju i kiosk. Iz Novalje voze autobusi prema Splitu, Zadru, Pagu [&hellip;]<\/p>\n","protected":false},"author":2,"featured_media":3110,"parent":0,"menu_order":0,"comment_status":"open","ping_status":"open","template":"pages-templates\/bus-station.php","meta":[],"aioseo_notices":[],"_links":{"self":[{"href":"https:\/\/www.buscroatia.com\/hr\/wp-json\/wp\/v2\/pages\/2420"}],"collection":[{"href":"https:\/\/www.buscroatia.com\/hr\/wp-json\/wp\/v2\/pages"}],"about":[{"href":"https:\/\/www.buscroatia.com\/hr\/wp-json\/wp\/v2\/types\/page"}],"author":[{"embeddable":true,"href":"https:\/\/www.buscroatia.com\/hr\/wp-json\/wp\/v2\/users\/2"}],"replies":[{"embeddable":true,"href":"https:\/\/www.buscroatia.com\/hr\/wp-json\/wp\/v2\/comments?post=2420"}],"version-history":[{"count":4,"href":"https:\/\/www.buscroatia.com\/hr\/wp-json\/wp\/v2\/pages\/2420\/revisions"}],"predecessor-version":[{"id":2422,"href":"https:\/\/www.buscroatia.com\/hr\/wp-json\/wp\/v2\/pages\/2420\/revisions\/2422"}],"wp:featuredmedia":[{"embeddable":true,"href":"https:\/\/www.buscroatia.com\/hr\/wp-json\/wp\/v2\/media\/3110"}],"wp:attachment":[{"href":"https:\/\/www.buscroatia.com\/hr\/wp-json\/wp\/v2\/media?parent=2420"}],"curies":[{"name":"wp","href":"https:\/\/api.w.org\/{rel}","templated":true}]}}