{"id":2417,"date":"2013-10-25T11:34:04","date_gmt":"2013-10-25T11:34:04","guid":{"rendered":"http:\/\/www.buscroatia.com\/hr\/?page_id=2417"},"modified":"2014-01-10T12:04:04","modified_gmt":"2014-01-10T12:04:04","slug":"autobusni-kolodvor-nova-gradiska","status":"publish","type":"page","link":"https:\/\/www.buscroatia.com\/hr\/autobusni-kolodvor-nova-gradiska\/","title":{"rendered":"Kolodvor Nova Gradi\u0161ka"},"content":{"rendered":"<p><b>Autobusni kolodvor Nova Gradi\u0161ka<\/b> smje\u0161ten je pored \u017eeljezni\u010dke stanice i udaljen je 600-800 metara od sredi\u0161ta grada. Na autobusnom kolodvoru prona\u0107i \u0107ete ured za prodaju karata, \u010dekaonicu i kafi\u0107.<\/p>\n<p>Od Nove Gradi\u0161ke voze autobusi prema gradovima u regiji kao i prema <b><a title=\"Kolodvor Zagreb\" href=\"https:\/\/www.buscroatia.com\/hr\/kolodvor-zagreb-autobusi\/\">Zagrebu<\/a>, Slavonskom Brodu i ostalim gradovima<\/b>. Koristite gore navedeni prtra\u017eiva\u010d kako biste prona\u0161li vozni red autobusa iz i prema Novoj Gradi\u0161ci.<\/p>\n<p><script type=\"text\/javascript\">\/\/ <![CDATA[\ngoogle_ad_client = \"\"; \/* Bus728-hr *\/ google_ad_slot = \"4900460214\"; google_ad_width = 728; google_ad_height = 90;\n\/\/ ]]><\/script><br \/>\n<script type=\"text\/javascript\" src=\"https:\/\/pagead2.googlesyndication.com\/pagead\/show_ads.js\">\/\/ <![CDATA[\n\n\n\/\/ ]]><\/script><\/p>\n<p><b><span style=\"text-decoration: underline;\">Adresa autobusnog kolodvora Nova Gradi\u0161ka<\/span><\/b><\/p>\n<ul>\n<li>Kolodvorska 2<\/li>\n<li>35400 Nova Gradi\u0161ka<\/li>\n<li>Tel: +385 060 323323<\/li>\n<\/ul>\n","protected":false},"excerpt":{"rendered":"<p>Autobusni kolodvor Nova Gradi\u0161ka smje\u0161ten je pored \u017eeljezni\u010dke stanice i udaljen je 600-800 metara od sredi\u0161ta grada. Na autobusnom kolodvoru prona\u0107i \u0107ete ured za prodaju karata, \u010dekaonicu i kafi\u0107. Od Nove Gradi\u0161ke voze autobusi prema gradovima u regiji kao i prema Zagrebu, Slavonskom Brodu i ostalim gradovima. Koristite gore navedeni prtra\u017eiva\u010d kako biste prona\u0161li vozni [&hellip;]<\/p>\n","protected":false},"author":2,"featured_media":3112,"parent":0,"menu_order":0,"comment_status":"open","ping_status":"open","template":"pages-templates\/bus-station.php","meta":[],"aioseo_notices":[],"_links":{"self":[{"href":"https:\/\/www.buscroatia.com\/hr\/wp-json\/wp\/v2\/pages\/2417"}],"collection":[{"href":"https:\/\/www.buscroatia.com\/hr\/wp-json\/wp\/v2\/pages"}],"about":[{"href":"https:\/\/www.buscroatia.com\/hr\/wp-json\/wp\/v2\/types\/page"}],"author":[{"embeddable":true,"href":"https:\/\/www.buscroatia.com\/hr\/wp-json\/wp\/v2\/users\/2"}],"replies":[{"embeddable":true,"href":"https:\/\/www.buscroatia.com\/hr\/wp-json\/wp\/v2\/comments?post=2417"}],"version-history":[{"count":2,"href":"https:\/\/www.buscroatia.com\/hr\/wp-json\/wp\/v2\/pages\/2417\/revisions"}],"predecessor-version":[{"id":2419,"href":"https:\/\/www.buscroatia.com\/hr\/wp-json\/wp\/v2\/pages\/2417\/revisions\/2419"}],"wp:featuredmedia":[{"embeddable":true,"href":"https:\/\/www.buscroatia.com\/hr\/wp-json\/wp\/v2\/media\/3112"}],"wp:attachment":[{"href":"https:\/\/www.buscroatia.com\/hr\/wp-json\/wp\/v2\/media?parent=2417"}],"curies":[{"name":"wp","href":"https:\/\/api.w.org\/{rel}","templated":true}]}}