{"id":2414,"date":"2013-10-25T11:32:17","date_gmt":"2013-10-25T11:32:17","guid":{"rendered":"http:\/\/www.buscroatia.com\/hr\/?page_id=2414"},"modified":"2014-01-10T12:07:23","modified_gmt":"2014-01-10T12:07:23","slug":"kolodvor-nasice","status":"publish","type":"page","link":"https:\/\/www.buscroatia.com\/hr\/kolodvor-nasice\/","title":{"rendered":"Kolodvor Na\u0161ice"},"content":{"rendered":"<p><b>Autobusni kolodvor u Na\u0161icama<\/b> se nalazi na samom ulazu u grad iz smjera sjevera. Centar Na\u0161ica udaljen je 600-800 metara od autobusnog kolodvora. Do autobusnog kolodvora nalaze se supermarketi Lidl i Plodine. \u017deljezni\u010dka stanica udaljene je 3 km od autobusnog kolodvora.<\/p>\n<p>Iz Na\u0161ica <b>nekoliko autobusa dnevno vozi prema Osijeku<\/b>, Po\u017eegi i prema nekim mjestima u regiji. Koristite gore navedni pretra\u017eiva\u010d kako biste prona\u0161li vozni red iz i prema Na\u0161ica.<\/p>\n<p><script type=\"text\/javascript\">\/\/ <![CDATA[\ngoogle_ad_client = \"\";\n\/* Bus728-hr *\/\ngoogle_ad_slot = \"4900460214\";\ngoogle_ad_width = 728;\ngoogle_ad_height = 90;\n\/\/ ]]><\/script><br \/>\n<script type=\"text\/javascript\" src=\"https:\/\/pagead2.googlesyndication.com\/pagead\/show_ads.js\">\/\/ <![CDATA[\n\n\n\/\/ ]]><\/script><\/p>\n<p><b><span style=\"text-decoration: underline;\">Adresa autobusnog kolodvora Na\u0161ice<\/span><\/b><\/p>\n<ul>\n<li>Kralja Petra Kre\u0161imira IV 7<\/li>\n<li>31500 Na\u0161ice<\/li>\n<li>Tel: +385 60 334030<\/li>\n<\/ul>\n","protected":false},"excerpt":{"rendered":"<p>Autobusni kolodvor u Na\u0161icama se nalazi na samom ulazu u grad iz smjera sjevera. Centar Na\u0161ica udaljen je 600-800 metara od autobusnog kolodvora. Do autobusnog kolodvora nalaze se supermarketi Lidl i Plodine. \u017deljezni\u010dka stanica udaljene je 3 km od autobusnog kolodvora. Iz Na\u0161ica nekoliko autobusa dnevno vozi prema Osijeku, Po\u017eegi i prema nekim mjestima u [&hellip;]<\/p>\n","protected":false},"author":2,"featured_media":3118,"parent":0,"menu_order":0,"comment_status":"open","ping_status":"open","template":"","meta":[],"aioseo_notices":[],"_links":{"self":[{"href":"https:\/\/www.buscroatia.com\/hr\/wp-json\/wp\/v2\/pages\/2414"}],"collection":[{"href":"https:\/\/www.buscroatia.com\/hr\/wp-json\/wp\/v2\/pages"}],"about":[{"href":"https:\/\/www.buscroatia.com\/hr\/wp-json\/wp\/v2\/types\/page"}],"author":[{"embeddable":true,"href":"https:\/\/www.buscroatia.com\/hr\/wp-json\/wp\/v2\/users\/2"}],"replies":[{"embeddable":true,"href":"https:\/\/www.buscroatia.com\/hr\/wp-json\/wp\/v2\/comments?post=2414"}],"version-history":[{"count":3,"href":"https:\/\/www.buscroatia.com\/hr\/wp-json\/wp\/v2\/pages\/2414\/revisions"}],"predecessor-version":[{"id":3117,"href":"https:\/\/www.buscroatia.com\/hr\/wp-json\/wp\/v2\/pages\/2414\/revisions\/3117"}],"wp:featuredmedia":[{"embeddable":true,"href":"https:\/\/www.buscroatia.com\/hr\/wp-json\/wp\/v2\/media\/3118"}],"wp:attachment":[{"href":"https:\/\/www.buscroatia.com\/hr\/wp-json\/wp\/v2\/media?parent=2414"}],"curies":[{"name":"wp","href":"https:\/\/api.w.org\/{rel}","templated":true}]}}