{"id":2405,"date":"2013-10-25T11:26:45","date_gmt":"2013-10-25T11:26:45","guid":{"rendered":"http:\/\/www.buscroatia.com\/hr\/?page_id=2405"},"modified":"2014-01-10T12:16:03","modified_gmt":"2014-01-10T12:16:03","slug":"kolodvor-ludbreg","status":"publish","type":"page","link":"https:\/\/www.buscroatia.com\/hr\/kolodvor-ludbreg\/","title":{"rendered":"Kolodvor Ludbreg"},"content":{"rendered":"<p><b>Autobusni kolodvor u Ludbregu<\/b> se nalazi u centru grada. Udaljen je od \u017eeljezni\u010dke stanice 1.2 km.<\/p>\n<p>Iz Ludbrega \u010desto voze autobusi do Koprivnice kao i <b>nekoliko autobusa do okolnih gradova u regiji<\/b>. Koristite gore navedeni prtra\u017eiva\u010d kako biste prona\u0161li vozni red autobusa iz i prema Ludbregu.<\/p>\n<p><script type=\"text\/javascript\">\/\/ <![CDATA[\ngoogle_ad_client = \"\";\n\/* Bus728-hr *\/\ngoogle_ad_slot = \"4900460214\";\ngoogle_ad_width = 728;\ngoogle_ad_height = 90;\n\/\/ ]]><\/script><br \/>\n<script type=\"text\/javascript\" src=\"https:\/\/pagead2.googlesyndication.com\/pagead\/show_ads.js\">\/\/ <![CDATA[\n\n\n\/\/ ]]><\/script><\/p>\n<p><b><span style=\"text-decoration: underline;\">Adresa autobusnog kolodvora Ludbreg<\/span><\/b><\/p>\n<ul>\n<li>Koprivni\u010dka BB<\/li>\n<li>42230 Ludbreg<\/li>\n<li>Tel: +385 42 819166<\/li>\n<\/ul>\n","protected":false},"excerpt":{"rendered":"<p>Autobusni kolodvor u Ludbregu se nalazi u centru grada. Udaljen je od \u017eeljezni\u010dke stanice 1.2 km. Iz Ludbrega \u010desto voze autobusi do Koprivnice kao i nekoliko autobusa do okolnih gradova u regiji. Koristite gore navedeni prtra\u017eiva\u010d kako biste prona\u0161li vozni red autobusa iz i prema Ludbregu. Adresa autobusnog kolodvora Ludbreg Koprivni\u010dka BB 42230 Ludbreg Tel: [&hellip;]<\/p>\n","protected":false},"author":2,"featured_media":3128,"parent":0,"menu_order":0,"comment_status":"open","ping_status":"open","template":"","meta":[],"aioseo_notices":[],"_links":{"self":[{"href":"https:\/\/www.buscroatia.com\/hr\/wp-json\/wp\/v2\/pages\/2405"}],"collection":[{"href":"https:\/\/www.buscroatia.com\/hr\/wp-json\/wp\/v2\/pages"}],"about":[{"href":"https:\/\/www.buscroatia.com\/hr\/wp-json\/wp\/v2\/types\/page"}],"author":[{"embeddable":true,"href":"https:\/\/www.buscroatia.com\/hr\/wp-json\/wp\/v2\/users\/2"}],"replies":[{"embeddable":true,"href":"https:\/\/www.buscroatia.com\/hr\/wp-json\/wp\/v2\/comments?post=2405"}],"version-history":[{"count":3,"href":"https:\/\/www.buscroatia.com\/hr\/wp-json\/wp\/v2\/pages\/2405\/revisions"}],"predecessor-version":[{"id":3127,"href":"https:\/\/www.buscroatia.com\/hr\/wp-json\/wp\/v2\/pages\/2405\/revisions\/3127"}],"wp:featuredmedia":[{"embeddable":true,"href":"https:\/\/www.buscroatia.com\/hr\/wp-json\/wp\/v2\/media\/3128"}],"wp:attachment":[{"href":"https:\/\/www.buscroatia.com\/hr\/wp-json\/wp\/v2\/media?parent=2405"}],"curies":[{"name":"wp","href":"https:\/\/api.w.org\/{rel}","templated":true}]}}