{"id":2401,"date":"2013-10-25T11:24:41","date_gmt":"2013-10-25T11:24:41","guid":{"rendered":"http:\/\/www.buscroatia.com\/hr\/?page_id=2401"},"modified":"2014-01-10T12:20:33","modified_gmt":"2014-01-10T12:20:33","slug":"autobusni-kolodvor-labin","status":"publish","type":"page","link":"https:\/\/www.buscroatia.com\/hr\/autobusni-kolodvor-labin\/","title":{"rendered":"Kolodvor Labin"},"content":{"rendered":"<p><b>Autobusna stanica u Labinu<\/b> se nalazi u sjevernom dijelu grada, 500 metara od centra i 1.5 km od stare jezgre Labina. Na autobusnom kolodvoru prona\u0107i \u0107ete ured za prodaju karata, \u010dekaonicu, kiosk i kafi\u0107.<\/p>\n<p>S autobusnog kolodvora u Labinu voze autobusi prema ve\u0107ini gradova u Istri, <b>naj\u010de\u0161\u0107e prema <a title=\"Kolodvor Pula\" href=\"https:\/\/www.buscroatia.com\/hr\/kolodvor-pula-autobusi\/\">Puli<\/a> i <a title=\"Kolodvor Rijeka\" href=\"https:\/\/www.buscroatia.com\/hr\/kolodvor-rijeka-autobusi\/\">Rijeci<\/a><\/b>. Tijekom ljetne sezone uvodi se linija Labin-Rabac. Koristite gore navedeni prtra\u017eiva\u010d kako biste prona\u0161li vozni red autobusa iz i prema Labinu.<\/p>\n<p><script type=\"text\/javascript\">\/\/ <![CDATA[\ngoogle_ad_client = \"\"; \/* Bus728-hr *\/ google_ad_slot = \"4900460214\"; google_ad_width = 728; google_ad_height = 90;\n\/\/ ]]><\/script><br \/>\n<script type=\"text\/javascript\" src=\"https:\/\/pagead2.googlesyndication.com\/pagead\/show_ads.js\">\/\/ <![CDATA[\n\n\n\/\/ ]]><\/script><\/p>\n<p><b><span style=\"text-decoration: underline;\">Adresa autobusnog kolodvora Labin<\/span><\/b><\/p>\n<ul>\n<li>Trg 2. o\u017eujka BB<\/li>\n<li>52220 Labin<\/li>\n<li>+385 60 333888<\/li>\n<\/ul>\n","protected":false},"excerpt":{"rendered":"<p>Autobusna stanica u Labinu se nalazi u sjevernom dijelu grada, 500 metara od centra i 1.5 km od stare jezgre Labina. Na autobusnom kolodvoru prona\u0107i \u0107ete ured za prodaju karata, \u010dekaonicu, kiosk i kafi\u0107. S autobusnog kolodvora u Labinu voze autobusi prema ve\u0107ini gradova u Istri, naj\u010de\u0161\u0107e prema Puli i Rijeci. Tijekom ljetne sezone uvodi [&hellip;]<\/p>\n","protected":false},"author":2,"featured_media":3130,"parent":0,"menu_order":0,"comment_status":"open","ping_status":"open","template":"pages-templates\/bus-station.php","meta":[],"aioseo_notices":[],"_links":{"self":[{"href":"https:\/\/www.buscroatia.com\/hr\/wp-json\/wp\/v2\/pages\/2401"}],"collection":[{"href":"https:\/\/www.buscroatia.com\/hr\/wp-json\/wp\/v2\/pages"}],"about":[{"href":"https:\/\/www.buscroatia.com\/hr\/wp-json\/wp\/v2\/types\/page"}],"author":[{"embeddable":true,"href":"https:\/\/www.buscroatia.com\/hr\/wp-json\/wp\/v2\/users\/2"}],"replies":[{"embeddable":true,"href":"https:\/\/www.buscroatia.com\/hr\/wp-json\/wp\/v2\/comments?post=2401"}],"version-history":[{"count":3,"href":"https:\/\/www.buscroatia.com\/hr\/wp-json\/wp\/v2\/pages\/2401\/revisions"}],"predecessor-version":[{"id":3129,"href":"https:\/\/www.buscroatia.com\/hr\/wp-json\/wp\/v2\/pages\/2401\/revisions\/3129"}],"wp:featuredmedia":[{"embeddable":true,"href":"https:\/\/www.buscroatia.com\/hr\/wp-json\/wp\/v2\/media\/3130"}],"wp:attachment":[{"href":"https:\/\/www.buscroatia.com\/hr\/wp-json\/wp\/v2\/media?parent=2401"}],"curies":[{"name":"wp","href":"https:\/\/api.w.org\/{rel}","templated":true}]}}