{"id":2395,"date":"2013-10-25T10:56:08","date_gmt":"2013-10-25T10:56:08","guid":{"rendered":"http:\/\/www.buscroatia.com\/hr\/?page_id=2395"},"modified":"2014-01-10T12:21:46","modified_gmt":"2014-01-10T12:21:46","slug":"autobusni-kolodvor-krk","status":"publish","type":"page","link":"https:\/\/www.buscroatia.com\/hr\/autobusni-kolodvor-krk\/","title":{"rendered":"Kolodvor Krk"},"content":{"rendered":"<p><b>Autobusni kolodvor u Krku na otoku Krku<\/b> nalazi se u centru grada pored marine. Autobusni kolodvor je udaljen 2 km iz bilo kojeg dijela grada. Stari grad nalazi se oko 500 metara od autobusnog kolodvora.<\/p>\n<p>Od autobusnog kolodvora u Krku <b>\u010deste su autobusne veze s gradovima na otoku<\/b>, kao \u0161to su npr. <b>Malinska i Ba\u0161ka<\/b>. Tako\u0111er postoji nekoliko dnevnih polazaka do Rijeke odakle voze autobusi za cijelu Hrvatsku.<\/p>\n<p><script type=\"text\/javascript\">\/\/ <![CDATA[\ngoogle_ad_client = \"\";\n\/* Bus728-hr *\/\ngoogle_ad_slot = \"4900460214\";\ngoogle_ad_width = 728;\ngoogle_ad_height = 90;\n\/\/ ]]><\/script><br \/>\n<script type=\"text\/javascript\" src=\"https:\/\/pagead2.googlesyndication.com\/pagead\/show_ads.js\">\/\/ <![CDATA[\n\n\/\/ ]]><\/script><\/p>\n<p><b><span style=\"text-decoration: underline;\">Adresa autobusnog kolodvora Krk<\/span><\/b><\/p>\n<ul>\n<li>\u0160etali\u0161te Svetog Bernardina 3<\/li>\n<li>51500 Krk<\/li>\n<li>Tel: +385 51 221172<\/li>\n<\/ul>\n","protected":false},"excerpt":{"rendered":"<p>Autobusni kolodvor u Krku na otoku Krku nalazi se u centru grada pored marine. Autobusni kolodvor je udaljen 2 km iz bilo kojeg dijela grada. Stari grad nalazi se oko 500 metara od autobusnog kolodvora. Od autobusnog kolodvora u Krku \u010deste su autobusne veze s gradovima na otoku, kao \u0161to su npr. Malinska i Ba\u0161ka. [&hellip;]<\/p>\n","protected":false},"author":2,"featured_media":3131,"parent":0,"menu_order":0,"comment_status":"open","ping_status":"open","template":"pages-templates\/bus-station.php","meta":[],"aioseo_notices":[],"_links":{"self":[{"href":"https:\/\/www.buscroatia.com\/hr\/wp-json\/wp\/v2\/pages\/2395"}],"collection":[{"href":"https:\/\/www.buscroatia.com\/hr\/wp-json\/wp\/v2\/pages"}],"about":[{"href":"https:\/\/www.buscroatia.com\/hr\/wp-json\/wp\/v2\/types\/page"}],"author":[{"embeddable":true,"href":"https:\/\/www.buscroatia.com\/hr\/wp-json\/wp\/v2\/users\/2"}],"replies":[{"embeddable":true,"href":"https:\/\/www.buscroatia.com\/hr\/wp-json\/wp\/v2\/comments?post=2395"}],"version-history":[{"count":3,"href":"https:\/\/www.buscroatia.com\/hr\/wp-json\/wp\/v2\/pages\/2395\/revisions"}],"predecessor-version":[{"id":3132,"href":"https:\/\/www.buscroatia.com\/hr\/wp-json\/wp\/v2\/pages\/2395\/revisions\/3132"}],"wp:featuredmedia":[{"embeddable":true,"href":"https:\/\/www.buscroatia.com\/hr\/wp-json\/wp\/v2\/media\/3131"}],"wp:attachment":[{"href":"https:\/\/www.buscroatia.com\/hr\/wp-json\/wp\/v2\/media?parent=2395"}],"curies":[{"name":"wp","href":"https:\/\/api.w.org\/{rel}","templated":true}]}}