{"id":2388,"date":"2013-10-25T10:51:49","date_gmt":"2013-10-25T10:51:49","guid":{"rendered":"http:\/\/www.buscroatia.com\/hr\/?page_id=2388"},"modified":"2014-01-10T12:25:43","modified_gmt":"2014-01-10T12:25:43","slug":"autobusni-kolodvor-krapina","status":"publish","type":"page","link":"https:\/\/www.buscroatia.com\/hr\/autobusni-kolodvor-krapina\/","title":{"rendered":"Kolodvor Krapina"},"content":{"rendered":"<p><b>Autobusni kolodvor u Krapini<\/b> se nalazi u samom centru grada odmah do \u017eeljezni\u010dke stanice. U zgradi kolodvora postoji mjenja\u010dnica caffe bar, kiosk i bankomat.<\/p>\n<p>S autobusnog kolodvora u Krapini voze <b>autobusi prema manjim gradovima u regiji<\/b>; isto tako postoje i svakodnevne veze prema Zagrebu te Grazu u Austriji.<\/p>\n<p><script type=\"text\/javascript\">\/\/ <![CDATA[\ngoogle_ad_client = \"\";\n\/* Bus728-hr *\/\ngoogle_ad_slot = \"4900460214\";\ngoogle_ad_width = 728;\ngoogle_ad_height = 90;\n\/\/ ]]><\/script><br \/>\n<script type=\"text\/javascript\" src=\"https:\/\/pagead2.googlesyndication.com\/pagead\/show_ads.js\">\/\/ <![CDATA[\n\n\/\/ ]]><\/script><\/p>\n<p><b><span style=\"text-decoration: underline;\">Adresa autobusnog kolodvora Krapina<\/span><\/b><\/p>\n<ul>\n<li>Ante Star\u010devi\u0107a 3<\/li>\n<li>49000 Krapina<\/li>\n<li>Tel +385 49 315018<\/li>\n<\/ul>\n","protected":false},"excerpt":{"rendered":"<p>Autobusni kolodvor u Krapini se nalazi u samom centru grada odmah do \u017eeljezni\u010dke stanice. U zgradi kolodvora postoji mjenja\u010dnica caffe bar, kiosk i bankomat. S autobusnog kolodvora u Krapini voze autobusi prema manjim gradovima u regiji; isto tako postoje i svakodnevne veze prema Zagrebu te Grazu u Austriji. Adresa autobusnog kolodvora Krapina Ante Star\u010devi\u0107a 3 [&hellip;]<\/p>\n","protected":false},"author":2,"featured_media":3138,"parent":0,"menu_order":0,"comment_status":"open","ping_status":"open","template":"pages-templates\/bus-station.php","meta":[],"aioseo_notices":[],"_links":{"self":[{"href":"https:\/\/www.buscroatia.com\/hr\/wp-json\/wp\/v2\/pages\/2388"}],"collection":[{"href":"https:\/\/www.buscroatia.com\/hr\/wp-json\/wp\/v2\/pages"}],"about":[{"href":"https:\/\/www.buscroatia.com\/hr\/wp-json\/wp\/v2\/types\/page"}],"author":[{"embeddable":true,"href":"https:\/\/www.buscroatia.com\/hr\/wp-json\/wp\/v2\/users\/2"}],"replies":[{"embeddable":true,"href":"https:\/\/www.buscroatia.com\/hr\/wp-json\/wp\/v2\/comments?post=2388"}],"version-history":[{"count":3,"href":"https:\/\/www.buscroatia.com\/hr\/wp-json\/wp\/v2\/pages\/2388\/revisions"}],"predecessor-version":[{"id":3140,"href":"https:\/\/www.buscroatia.com\/hr\/wp-json\/wp\/v2\/pages\/2388\/revisions\/3140"}],"wp:featuredmedia":[{"embeddable":true,"href":"https:\/\/www.buscroatia.com\/hr\/wp-json\/wp\/v2\/media\/3138"}],"wp:attachment":[{"href":"https:\/\/www.buscroatia.com\/hr\/wp-json\/wp\/v2\/media?parent=2388"}],"curies":[{"name":"wp","href":"https:\/\/api.w.org\/{rel}","templated":true}]}}