{"id":2384,"date":"2013-10-25T10:44:39","date_gmt":"2013-10-25T10:44:39","guid":{"rendered":"http:\/\/www.buscroatia.com\/hr\/?page_id=2384"},"modified":"2014-01-10T12:28:04","modified_gmt":"2014-01-10T12:28:04","slug":"autobusni-kolodvor-koprivnica","status":"publish","type":"page","link":"https:\/\/www.buscroatia.com\/hr\/autobusni-kolodvor-koprivnica\/","title":{"rendered":"Kolodvor Koprivnica"},"content":{"rendered":"<p><b>Autobusni kolodvor u Koprivnici<\/b> se nalazi u zapadnom dijelu grada, odmah do \u017eeljezni\u010dke stanice, a od sredi\u0161ta grada udaljen je 1 km hoda.<\/p>\n<p>S autobusnog kolodvora u Koprivnici voze autobusi prema manjim gradovima u regiji, a <b>svakodnevno voze i autobusi prema ve\u0107im gradovima kao \u0161to su Vara\u017edin, Zagreb i Bjelovar<\/b>. Koristite gore navedeni pretra\u017eiva\u010d kako biste prona\u0161li vozni red autobusa iz i prema Koprivnici.<\/p>\n<p><script type=\"text\/javascript\">\/\/ <![CDATA[\ngoogle_ad_client = \"\"; \/* Bus728-hr *\/ google_ad_slot = \"4900460214\"; google_ad_width = 728; google_ad_height = 90;\n\/\/ ]]><\/script><br \/>\n<script type=\"text\/javascript\" src=\"https:\/\/pagead2.googlesyndication.com\/pagead\/show_ads.js\">\/\/ <![CDATA[\n\n\n\/\/ ]]><\/script><\/p>\n<p><b><span style=\"text-decoration: underline;\">Adresa autobusnog kolodvora Koprivnica<\/span><\/b><\/p>\n<ul>\n<li>Kolodvorska 31<\/li>\n<li>48000 Koprivnica<\/li>\n<li>Tel: +385 60 305040<\/li>\n<\/ul>\n","protected":false},"excerpt":{"rendered":"<p>Autobusni kolodvor u Koprivnici se nalazi u zapadnom dijelu grada, odmah do \u017eeljezni\u010dke stanice, a od sredi\u0161ta grada udaljen je 1 km hoda. S autobusnog kolodvora u Koprivnici voze autobusi prema manjim gradovima u regiji, a svakodnevno voze i autobusi prema ve\u0107im gradovima kao \u0161to su Vara\u017edin, Zagreb i Bjelovar. Koristite gore navedeni pretra\u017eiva\u010d kako [&hellip;]<\/p>\n","protected":false},"author":2,"featured_media":3145,"parent":0,"menu_order":0,"comment_status":"open","ping_status":"open","template":"pages-templates\/bus-station.php","meta":[],"aioseo_notices":[],"_links":{"self":[{"href":"https:\/\/www.buscroatia.com\/hr\/wp-json\/wp\/v2\/pages\/2384"}],"collection":[{"href":"https:\/\/www.buscroatia.com\/hr\/wp-json\/wp\/v2\/pages"}],"about":[{"href":"https:\/\/www.buscroatia.com\/hr\/wp-json\/wp\/v2\/types\/page"}],"author":[{"embeddable":true,"href":"https:\/\/www.buscroatia.com\/hr\/wp-json\/wp\/v2\/users\/2"}],"replies":[{"embeddable":true,"href":"https:\/\/www.buscroatia.com\/hr\/wp-json\/wp\/v2\/comments?post=2384"}],"version-history":[{"count":3,"href":"https:\/\/www.buscroatia.com\/hr\/wp-json\/wp\/v2\/pages\/2384\/revisions"}],"predecessor-version":[{"id":3142,"href":"https:\/\/www.buscroatia.com\/hr\/wp-json\/wp\/v2\/pages\/2384\/revisions\/3142"}],"wp:featuredmedia":[{"embeddable":true,"href":"https:\/\/www.buscroatia.com\/hr\/wp-json\/wp\/v2\/media\/3145"}],"wp:attachment":[{"href":"https:\/\/www.buscroatia.com\/hr\/wp-json\/wp\/v2\/media?parent=2384"}],"curies":[{"name":"wp","href":"https:\/\/api.w.org\/{rel}","templated":true}]}}