{"id":2341,"date":"2013-10-23T10:15:50","date_gmt":"2013-10-23T10:15:50","guid":{"rendered":"http:\/\/www.buscroatia.com\/hr\/?page_id=2341"},"modified":"2021-08-02T06:49:15","modified_gmt":"2021-08-02T06:49:15","slug":"autobusni-kolodvor-umag","status":"publish","type":"page","link":"https:\/\/www.buscroatia.com\/hr\/autobusni-kolodvor-umag\/","title":{"rendered":"Kolodvor Umag"},"content":{"rendered":"<p><strong>Autobusna stanica u Umagu<\/strong> se nalazi pored ulaza u grad, 1 km od povijesne jezgre i centra grada. ACI marina Umag udaljena je oko 2 km od autobusne stanice, a glavno podru\u010dje hotela u Umagu udaljeno je 2-4 km od autobusnog kolodvora (pogledajte mapu ispod sa vi\u0161e detalja o lokacijama).<\/p>\n<p style=\"text-align: center;\">\u00a0<a href=\"https:\/\/www.buscroatia.com\/hr\/wp-content\/uploads\/2013\/10\/Autobusni-kolodvor-Umag.jpg\" rel=\"lightbox[2341]\"><img decoding=\"async\" class=\"aligncenter  wp-image-2342\" src=\"https:\/\/www.buscroatia.com\/hr\/wp-content\/uploads\/2013\/10\/Autobusni-kolodvor-Umag.jpg\" alt=\"Autobusni kolodvor Umag\" width=\"700\" srcset=\"https:\/\/www.buscroatia.com\/hr\/wp-content\/uploads\/2013\/10\/Autobusni-kolodvor-Umag.jpg 1024w, https:\/\/www.buscroatia.com\/hr\/wp-content\/uploads\/2013\/10\/Autobusni-kolodvor-Umag-300x225.jpg 300w\" sizes=\"(max-width: 1024px) 100vw, 1024px\" \/><\/a><\/p>\n<h3><b><span style=\"text-decoration: underline;\">Usluge autobusnog kolodvora Umag<\/span><\/b><\/h3>\n<p>U zgradi kolodvora nalazi se ured za prodaju karata i \u010dekaonica u kojoj je mogu\u0107e ostaviti prtljagu. U drugom dijelu zgrade nalazi se kafi\u0107, mjenja\u010dnica i supermarket Mercator. Taksi se nalazi ispred zgrade kolodvora.<\/p>\n<h3><b><span style=\"text-decoration: underline;\">Smje\u0161taj pored autobusne stanice Umag<\/span><\/b><\/h3>\n<p>Kao \u0161to je ve\u0107 spomenuto, autobusni kolodvor se nalazi izvan grada, a to zna\u010di da u neposrednoj blizini autobusne stanice nema mogu\u0107nosti smje\u0161taja. Najbolja opcija je pje\u0161ice do centra grada gdje mo\u017eete prona\u0107i uglavnom hostele i apartmane.<\/p>\n<p><script type=\"text\/javascript\">\/\/ <![CDATA[\ngoogle_ad_client = \"\"; \/* Bus728-hr *\/ google_ad_slot = \"4900460214\"; google_ad_width = 728; google_ad_height = 90;\n\/\/ ]]><\/script><br \/>\n<script type=\"text\/javascript\" src=\"https:\/\/pagead2.googlesyndication.com\/pagead\/show_ads.js\">\/\/ <![CDATA[\n\n\n\/\/ ]]><\/script><\/p>\n<h3><b><span style=\"text-decoration: underline;\">Jednodnevni izleti busom iz Umaga<\/span><\/b><\/h3>\n<p>Iz Umaga se jednostavno mogu organizirati jednodnevni izleti u sljede\u0107e gradove: Trst, Novigrad, Pore\u010d, Pula, Rijeka, Motovun i Gro\u017enjan. Ako \u017eelite posjetiti popularne destinacije poput Venecije, Plitvi\u010dkih jezera ili Postojnsku jamu u Sloveniji, morat \u0107ete se pridru\u017eiti organiziranom izletu neke od putni\u010dkih agencija u Umagu. Popis dostupni izleta iz Umaga mo\u017eete provjeriti <a title=\"Izleti Umag\" href=\"https:\/\/www.buscroatia.com\/hr\/izleti-uma\/\">ovdje<\/a>.<\/p>\n<h3><b><span style=\"text-decoration: underline;\">Najpopularnija odredi\u0161ta busom iz Umaga<\/span><\/b><\/h3>\n<p>Iz Umaga dnevno vozi nekoliko autobusa prema ve\u0107im istarskim gradovima kao i prema Trstu u Italiji. Dnevno tako\u0111er polazi i nekoliko autobusa prema <a title=\"Kolodvor Zagreb\" href=\"https:\/\/www.buscroatia.com\/hr\/kolodvor-zagreb-autobusi\/\">Zagrebu<\/a> i <a title=\"Kolodvor Rijeka\" href=\"https:\/\/www.buscroatia.com\/hr\/kolodvor-rijeka-autobusi\/\">Rijeci<\/a>. Ako putujete dalje, npr. u Split, imat \u0107ete vi\u0161e opcija ako putujete preko Rijeke. Kliknite na rute u ovoj tablici kako biste vidjeli vozni red i informacije o putovanju za najpopularnija odredi\u0161ta iz Umaga.<\/p>\n<table border=\"1\" width=\"700\" cellspacing=\"1\" cellpadding=\"1\">\n<tbody>\n<tr>\n<td style=\"text-align: center;\" valign=\"top\" width=\"233\"><span style=\"color: #0000ff; text-decoration: underline;\">Me\u0111u\u017eupanijska linija<\/span><\/td>\n<td style=\"text-align: center;\" valign=\"top\" width=\"233\"><span style=\"color: #0000ff; text-decoration: underline;\">\u017dupanijska linija <\/span><\/td>\n<td style=\"text-align: center;\" valign=\"top\" width=\"233\"><span style=\"text-decoration: underline;\"><span style=\"color: #0000ff; text-decoration: underline;\">Me\u0111udr\u017eavna linija<br \/>\n<\/span><\/span><\/td>\n<\/tr>\n<tr>\n<td style=\"text-align: center;\" valign=\"top\" width=\"233\"><a title=\"Autobus Umag Zagreb\" href=\"https:\/\/www.buscroatia.com\/hr\/autobus-umag-zagreb\/\">\u00a0Umag \u2013 Zagreb<\/a><\/td>\n<td style=\"text-align: center;\" valign=\"top\" width=\"233\"><a title=\"Autobus Umag Novigrad\" href=\"https:\/\/www.buscroatia.com\/hr\/autobus-umag-novigrad\/\">Umag \u2013 Novigrad<\/a><\/td>\n<td style=\"text-align: center;\" valign=\"top\" width=\"233\"><a href=\"https:\/\/www.buscroatia.com\/hr\/pretraga-ruta\/?dS=Umag&amp;aS=Trst+%28IT%29&amp;d=&amp;t=\">Umag &#8211; Trst <\/a><\/td>\n<\/tr>\n<tr>\n<td style=\"text-align: center;\" valign=\"top\" width=\"233\"><a title=\"Autobus Umag Rijeka\" href=\"https:\/\/www.buscroatia.com\/hr\/autobus-umag-rijeka\/\">Umag &#8211; Rijeka <\/a><\/td>\n<td style=\"text-align: center;\" valign=\"top\" width=\"233\"><a title=\"Autobus Umag Pore\u010d\" href=\"https:\/\/www.buscroatia.com\/hr\/autobus-umag-porec\/\">Umag &#8211; Pore\u010d <\/a><\/td>\n<td style=\"text-align: center;\" valign=\"top\" width=\"233\"><\/td>\n<\/tr>\n<tr>\n<td style=\"text-align: center;\" valign=\"top\" width=\"233\"><\/td>\n<td style=\"text-align: center;\" valign=\"top\" width=\"233\"><a title=\"Autobus Umag Rovinj\" href=\"https:\/\/www.buscroatia.com\/hr\/autobus-umag-rovinj\/\">Umag \u2013 Rovinj <\/a><\/td>\n<td style=\"text-align: center;\" valign=\"top\" width=\"233\"><\/td>\n<\/tr>\n<tr>\n<td style=\"text-align: center;\" valign=\"top\" width=\"233\"><\/td>\n<td style=\"text-align: center;\" valign=\"top\" width=\"233\"><a title=\"Autobus Umag Pula\" href=\"https:\/\/www.buscroatia.com\/hr\/autobus-umag-pula\/\">Umag &#8211; Pula <\/a><\/td>\n<td style=\"text-align: center;\" valign=\"top\" width=\"233\"><\/td>\n<\/tr>\n<tr>\n<td style=\"text-align: center;\" valign=\"top\" width=\"233\"><\/td>\n<td style=\"text-align: center;\" valign=\"top\" width=\"233\"><\/td>\n<td style=\"text-align: center;\" valign=\"top\" width=\"233\"><\/td>\n<\/tr>\n<tr>\n<td style=\"text-align: center;\" valign=\"top\" width=\"233\"><\/td>\n<td style=\"text-align: center;\" valign=\"top\" width=\"233\"><\/td>\n<td style=\"text-align: center;\" valign=\"top\" width=\"233\"><\/td>\n<\/tr>\n<tr>\n<td style=\"text-align: center;\" valign=\"top\" width=\"233\"><\/td>\n<td style=\"text-align: center;\" valign=\"top\" width=\"233\"><\/td>\n<td style=\"text-align: center;\" valign=\"top\" width=\"233\"><\/td>\n<\/tr>\n<\/tbody>\n<\/table>\n<h3><b><span style=\"text-decoration: underline;\">Adresa autobusnog kolodvora u Umagu<\/span><\/b><\/h3>\n<ul>\n<li>Joakima Rakovca bb<\/li>\n<li>52470 Umag<\/li>\n<li>Tel: +385 52 741 817<\/li>\n<\/ul>\n<p><b><span style=\"text-decoration: underline;\">\u00a0<\/span><\/b><\/p>\n","protected":false},"excerpt":{"rendered":"<p>Autobusna stanica u Umagu se nalazi pored ulaza u grad, 1 km od povijesne jezgre i centra grada. ACI marina Umag udaljena je oko 2 km od autobusne stanice, a glavno podru\u010dje hotela u Umagu udaljeno je 2-4 km od autobusnog kolodvora (pogledajte mapu ispod sa vi\u0161e detalja o lokacijama). \u00a0 Usluge autobusnog kolodvora Umag [&hellip;]<\/p>\n","protected":false},"author":2,"featured_media":2342,"parent":0,"menu_order":0,"comment_status":"open","ping_status":"open","template":"pages-templates\/bus-station.php","meta":[],"aioseo_notices":[],"_links":{"self":[{"href":"https:\/\/www.buscroatia.com\/hr\/wp-json\/wp\/v2\/pages\/2341"}],"collection":[{"href":"https:\/\/www.buscroatia.com\/hr\/wp-json\/wp\/v2\/pages"}],"about":[{"href":"https:\/\/www.buscroatia.com\/hr\/wp-json\/wp\/v2\/types\/page"}],"author":[{"embeddable":true,"href":"https:\/\/www.buscroatia.com\/hr\/wp-json\/wp\/v2\/users\/2"}],"replies":[{"embeddable":true,"href":"https:\/\/www.buscroatia.com\/hr\/wp-json\/wp\/v2\/comments?post=2341"}],"version-history":[{"count":7,"href":"https:\/\/www.buscroatia.com\/hr\/wp-json\/wp\/v2\/pages\/2341\/revisions"}],"predecessor-version":[{"id":202564,"href":"https:\/\/www.buscroatia.com\/hr\/wp-json\/wp\/v2\/pages\/2341\/revisions\/202564"}],"wp:featuredmedia":[{"embeddable":true,"href":"https:\/\/www.buscroatia.com\/hr\/wp-json\/wp\/v2\/media\/2342"}],"wp:attachment":[{"href":"https:\/\/www.buscroatia.com\/hr\/wp-json\/wp\/v2\/media?parent=2341"}],"curies":[{"name":"wp","href":"https:\/\/api.w.org\/{rel}","templated":true}]}}