{"id":2332,"date":"2013-10-23T09:47:53","date_gmt":"2013-10-23T09:47:53","guid":{"rendered":"http:\/\/www.buscroatia.com\/hr\/?page_id=2332"},"modified":"2021-08-02T06:48:02","modified_gmt":"2021-08-02T06:48:02","slug":"autobusni-kolodvor-rovinj","status":"publish","type":"page","link":"https:\/\/www.buscroatia.com\/hr\/autobusni-kolodvor-rovinj\/","title":{"rendered":"Kolodvor Rovinj"},"content":{"rendered":"<p><strong>Autobusni kolodvor u Rovinju<\/strong> se nalazi na ju\u017enom dijelu centra grada, manje od 100 metara od rive i na pje\u0161a\u010dkoj udaljenosti od starog grada na poluotoku koji je udaljen manje od kilometra od autobusnog kolodvora. Do hotela kao \u0161to su Hotel Park i Hotel Eden i drugi ve\u0107i hoteli koji se nalaze ju\u017eno od centra grada, mo\u017ee se jednostavno do\u0107i pje\u0161ice od autobusnog kolodvora (pogledajte ispod mapu autobusnih stanica).<\/p>\n<p style=\"text-align: center;\"><a href=\"https:\/\/www.buscroatia.com\/hr\/wp-content\/uploads\/2013\/10\/Autobusni-kolodvor-Rovinj.jpg\" rel=\"lightbox[2332]\"><img decoding=\"async\" class=\"aligncenter  wp-image-2336\" src=\"https:\/\/www.buscroatia.com\/hr\/wp-content\/uploads\/2013\/10\/Autobusni-kolodvor-Rovinj.jpg\" alt=\"Autobusni kolodvor Rovinj\" width=\"700\" srcset=\"https:\/\/www.buscroatia.com\/hr\/wp-content\/uploads\/2013\/10\/Autobusni-kolodvor-Rovinj.jpg 1024w, https:\/\/www.buscroatia.com\/hr\/wp-content\/uploads\/2013\/10\/Autobusni-kolodvor-Rovinj-300x225.jpg 300w\" sizes=\"(max-width: 1024px) 100vw, 1024px\" \/><\/a><\/p>\n<h3><b><span style=\"text-decoration: underline;\">Usluge autobusnog kolodvora u Rovinju<\/span><\/b><\/h3>\n<p>Na autobusnom kolodvoru na\u0107i \u0107ete <strong>ured za prodaju karata<\/strong> koji je otvoren od ranih jutranjih sati do 21 ili 22 sata nave\u010der tijekom glavne sezone. U zgradi kolodvora tako\u0111er \u0107ete prona\u0107i kiosk, kafi\u0107 i nekoliko drugih trgovina. Na kolodvoru je mogu\u0107e ostaviti prtljagu. Stajali\u0161te taksija se nalazi ispred zgrade kolodvora.<\/p>\n<p>Manje od 50 metara od kolodvora nalazi se ulica Carrera, glavna \u0161oping ulica u Rovinju. U ovoj ulici tako\u0111er ima i nekoliko kafi\u0107a i fast food restorana.<\/p>\n<p><script type=\"text\/javascript\">\/\/ <![CDATA[\ngoogle_ad_client = \"\"; \/* Bus728-hr *\/ google_ad_slot = \"4900460214\"; google_ad_width = 728; google_ad_height = 90;\n\/\/ ]]><\/script><br \/>\n<script type=\"text\/javascript\" src=\"https:\/\/pagead2.googlesyndication.com\/pagead\/show_ads.js\">\/\/ <![CDATA[\n\n\n\/\/ ]]><\/script><\/p>\n<h3><b><span style=\"text-decoration: underline;\">Smje\u0161taj u blizini autobusnog kolodvora<\/span><\/b><\/h3>\n<p>U blizini autobusnog kolodvora mo\u017ee se na\u0107i smje\u0161taj bez pote\u0161ko\u0107a. Kao \u0161to je ve\u0107 spomenuto, nekoliko ve\u0107ih hotela nalaze se ju\u017eno od kolodvora. Ako tra\u017eite smje\u0161taj u hostelu ili apartmanu, mo\u017eete ga prona\u0107i u sljede\u0107im \u010detvrtima Rovinja: <b>Karmelo<\/b><b>, Lamanova<\/b><b>, Sv<\/b><b>. <\/b><b>Vid, Valbruna, Stari Grad, Centener<\/b>. Ove se \u010detvrti nalaze u krugu od 0 do 1.5 km od autobusnog kolodvora. Ovdje mo\u017eete provjeriti dostupnost razli\u010ditih tipova smje\u0161taja u Rovinju.<\/p>\n<h3><b><span style=\"text-decoration: underline;\">Rent-a-car Rovinj<\/span><\/b><\/h3>\n<p>Ako trebate unajmiti auto do svoje krajnje destinacije u podru\u010dju Rovinja, to mo\u017eete u\u010diniti u nekoj od agencija koje se nalaze u centru grada. <a href=\"https:\/\/www.buscroatia.com\/hr\/najam-auta\" target=\"_blank\" rel=\"noopener\">Ovdje<\/a> mo\u017eete vidjeti trenutne ponude rent-a-a-car agencija u Rovinju.<\/p>\n<p><script type=\"text\/javascript\">\/\/ <![CDATA[\ngoogle_ad_client = \"\"; \/* Bus728-hr *\/ google_ad_slot = \"4900460214\"; google_ad_width = 728; google_ad_height = 90;\n\/\/ ]]><\/script><br \/>\n<script type=\"text\/javascript\" src=\"https:\/\/pagead2.googlesyndication.com\/pagead\/show_ads.js\">\/\/ <![CDATA[\n\n\n\/\/ ]]><\/script><\/p>\n<h3><b><span style=\"text-decoration: underline;\">Jednodnevni izleti busom iz Rovinja<\/span><\/b><\/h3>\n<p><strong>Najbolje destinacije za jednodnevne izlete<\/strong> su Pula, Pore\u010d, Umag, Novigrad, Motovun i Gro\u017enjan. Popularni jednodnevni izleti na Plitvi\u010dka jezera, u Postojnsku jamu ili Veneciju ne mogu se samostalno organizirati autobusom. U ovomo slu\u010daju najbolje je i\u0107i u aran\u017eamanu lokalne turisti\u010dke agencije. Popis dostupnih izleta iz Rovinja mo\u017eete pogledati <a title=\"Izleti Rovinj\" href=\"https:\/\/www.buscroatia.com\/hr\/izleti-rovinj\/\">ovdje<\/a>.<\/p>\n<h3><b><span style=\"text-decoration: underline;\">Najpopularnija odredi\u0161ta autobusom iz Rovinja<\/span><\/b><\/h3>\n<p>Iz Rovinja postoji dosta autobusnih linija koje voze prema ve\u0107im istarskim gradovima kao i prema <a title=\"Kolodvor Rijeka\" href=\"https:\/\/www.buscroatia.com\/hr\/kolodvor-rijeka-autobusi\/\">Rijeci <\/a>i <a title=\"Kolodvor Zagreb\" href=\"https:\/\/www.buscroatia.com\/hr\/kolodvor-zagreb-autobusi\/\">Zagrebu<\/a>. Za udaljenije destinacije kao npr. Dubrovnik, manji je broj direktnih linija, ali ako putujete preko Rijeka imat \u0107ete vi\u0161e opcija. Direktne me\u0111unarodne veze su ograni\u010dene, ali postoje autobusi prema Trstu, Frankfurtu i Beogradu. Kliknite na rutu u tablici i <strong>pogledajte vozni red za najpopularnija odredi\u0161ta iz Rovinja<\/strong>.<\/p>\n<table border=\"1\" width=\"700\" cellspacing=\"1\" cellpadding=\"1\">\n<tbody>\n<tr>\n<td style=\"text-align: center;\" valign=\"top\" width=\"233\"><span style=\"color: #0000ff; text-decoration: underline;\">Me\u0111u\u017eupanijska linija <\/span><\/td>\n<td style=\"text-align: center;\" valign=\"top\" width=\"233\"><span style=\"color: #0000ff; text-decoration: underline;\">\u017dupanijska linija <\/span><\/td>\n<td style=\"text-align: center;\" valign=\"top\" width=\"233\"><span style=\"text-decoration: underline;\"><span style=\"color: #0000ff; text-decoration: underline;\">Me\u0111udr\u017eavna linija<\/span><\/span><\/td>\n<\/tr>\n<tr>\n<td style=\"text-align: center;\" valign=\"top\" width=\"233\">\u00a0\u00a0<a title=\"Autobus Rovinj Zagreb\" href=\"https:\/\/www.buscroatia.com\/hr\/autobus-rovinj-zagreb\/\">Rovinj \u2013 Zagreb<\/a><\/td>\n<td style=\"text-align: center;\" valign=\"top\" width=\"233\"><a title=\"Autobus Rovinj Pore\u010d\" href=\"https:\/\/www.buscroatia.com\/hr\/autobus-rovinj-porec\/\">Rovinj \u2013 Pore\u010d<\/a><\/td>\n<td style=\"text-align: center;\" valign=\"top\" width=\"233\">\u00a0<a title=\"Autobus Rovinj Trst\" href=\"https:\/\/www.buscroatia.com\/hr\/autobus-rovinj-trst\/\">Rovinj \u2013 Trst<\/a><\/td>\n<\/tr>\n<tr>\n<td style=\"text-align: center;\" valign=\"top\" width=\"233\">\u00a0<a title=\"Autobus Rovinj Rijeka\" href=\"https:\/\/www.buscroatia.com\/hr\/autobus-rovinj-rijeka\/\">Rovinj \u2013 Rijeka<\/a><\/td>\n<td style=\"text-align: center;\" valign=\"top\" width=\"233\"><a title=\"Autobus Rovinj Pula\" href=\"https:\/\/www.buscroatia.com\/hr\/autobus-rovinj-pula\/\">Rovinj \u2013 Pula<\/a><\/td>\n<td style=\"text-align: center;\" valign=\"top\" width=\"233\"><a title=\"Autobus Rovinj Beograd\" href=\"https:\/\/www.buscroatia.com\/hr\/autobus-rovinj-beograd\/\">Rovinj &#8211; Beograd<\/a><\/td>\n<\/tr>\n<tr>\n<td style=\"text-align: center;\" valign=\"top\" width=\"233\"><a title=\"Autobus Rovinj Zadar\" href=\"https:\/\/www.buscroatia.com\/hr\/autobus-rovinj-zadar\/\">Rovinj \u2013 Zadar<\/a><\/td>\n<td style=\"text-align: center;\" valign=\"top\" width=\"233\"><a title=\"Autobus Rovinj Novigrad\" href=\"https:\/\/www.buscroatia.com\/hr\/autobus-rovinj-novigrad\/\">Rovinj \u2013 Novigrad<\/a><\/td>\n<td style=\"text-align: center;\" valign=\"top\" width=\"233\"><a title=\"Autobus Rovinj Ljubljana\" href=\"https:\/\/www.buscroatia.com\/hr\/autobus-rovinj-ljubljana\/\">Rovinj &#8211; Ljubljana<\/a><\/td>\n<\/tr>\n<tr>\n<td style=\"text-align: center;\" valign=\"top\" width=\"233\">\u00a0<a title=\"Autobus Rovinj Split\" href=\"https:\/\/www.buscroatia.com\/hr\/autobus-rovinj-split\/\">Rovinj \u2013 Split<\/a><\/td>\n<td style=\"text-align: center;\" valign=\"top\" width=\"233\">\u00a0<a title=\"Autobus Rovinj Umag\" href=\"https:\/\/www.buscroatia.com\/hr\/autobus-rovinj-umag\/\">Rovinj \u2013 Umag<\/a><\/td>\n<td style=\"text-align: center;\" valign=\"top\" width=\"233\"><\/td>\n<\/tr>\n<tr>\n<td style=\"text-align: center;\" valign=\"top\" width=\"233\"><\/td>\n<td style=\"text-align: center;\" valign=\"top\" width=\"233\"><\/td>\n<td style=\"text-align: center;\" valign=\"top\" width=\"233\"><\/td>\n<\/tr>\n<tr>\n<td style=\"text-align: center;\" valign=\"top\" width=\"233\"><\/td>\n<td style=\"text-align: center;\" valign=\"top\" width=\"233\"><\/td>\n<td style=\"text-align: center;\" valign=\"top\" width=\"233\"><\/td>\n<\/tr>\n<tr>\n<td style=\"text-align: center;\" valign=\"top\" width=\"233\"><\/td>\n<td style=\"text-align: center;\" valign=\"top\" width=\"233\"><\/td>\n<td style=\"text-align: center;\" valign=\"top\" width=\"233\"><\/td>\n<\/tr>\n<\/tbody>\n<\/table>\n<h3><b><span style=\"text-decoration: underline;\">Adresa autobusnog kolodvora u Rovinju<\/span><\/b><\/h3>\n<ul>\n<li>Ul. Mattea Benussia<\/li>\n<li>52210 Rovinj<\/li>\n<li>Tel: +385 52 811 453<\/li>\n<\/ul>\n","protected":false},"excerpt":{"rendered":"<p>Autobusni kolodvor u Rovinju se nalazi na ju\u017enom dijelu centra grada, manje od 100 metara od rive i na pje\u0161a\u010dkoj udaljenosti od starog grada na poluotoku koji je udaljen manje od kilometra od autobusnog kolodvora. Do hotela kao \u0161to su Hotel Park i Hotel Eden i drugi ve\u0107i hoteli koji se nalaze ju\u017eno od centra [&hellip;]<\/p>\n","protected":false},"author":2,"featured_media":3032,"parent":0,"menu_order":0,"comment_status":"open","ping_status":"open","template":"pages-templates\/bus-station.php","meta":[],"aioseo_notices":[],"_links":{"self":[{"href":"https:\/\/www.buscroatia.com\/hr\/wp-json\/wp\/v2\/pages\/2332"}],"collection":[{"href":"https:\/\/www.buscroatia.com\/hr\/wp-json\/wp\/v2\/pages"}],"about":[{"href":"https:\/\/www.buscroatia.com\/hr\/wp-json\/wp\/v2\/types\/page"}],"author":[{"embeddable":true,"href":"https:\/\/www.buscroatia.com\/hr\/wp-json\/wp\/v2\/users\/2"}],"replies":[{"embeddable":true,"href":"https:\/\/www.buscroatia.com\/hr\/wp-json\/wp\/v2\/comments?post=2332"}],"version-history":[{"count":12,"href":"https:\/\/www.buscroatia.com\/hr\/wp-json\/wp\/v2\/pages\/2332\/revisions"}],"predecessor-version":[{"id":202563,"href":"https:\/\/www.buscroatia.com\/hr\/wp-json\/wp\/v2\/pages\/2332\/revisions\/202563"}],"wp:featuredmedia":[{"embeddable":true,"href":"https:\/\/www.buscroatia.com\/hr\/wp-json\/wp\/v2\/media\/3032"}],"wp:attachment":[{"href":"https:\/\/www.buscroatia.com\/hr\/wp-json\/wp\/v2\/media?parent=2332"}],"curies":[{"name":"wp","href":"https:\/\/api.w.org\/{rel}","templated":true}]}}