{"id":2326,"date":"2013-10-23T09:46:10","date_gmt":"2013-10-23T09:46:10","guid":{"rendered":"http:\/\/www.buscroatia.com\/hr\/?page_id=2326"},"modified":"2021-08-02T06:52:54","modified_gmt":"2021-08-02T06:52:54","slug":"autobusni-kolodvor-plitvice","status":"publish","type":"page","link":"https:\/\/www.buscroatia.com\/hr\/autobusni-kolodvor-plitvice\/","title":{"rendered":"Kolodvor Plitvice"},"content":{"rendered":"<p>Kod Nacionalnog Parka Plitvice nema autobusnog kolodvora, ali postoji nekoliko autobusnih stanica na glavnoj cesti koja prolazi pored parka. S obzirom da Nacionalni Park ima dva slu\u017ebena ulaza odakle postoji nekoliko staza za pje\u0161a\u010denje kroz park, preporu\u010dljivo je odlu\u010diti kojom \u0107ete rutom i\u0107i i na koji \u0107ete ulaz u\u0107i prije dolaska va\u0161eg autobusa kako biste izbjegli silazak kraj &#8220;krivog&#8221; ulaza. Polo\u017eaj autobusnih stanica s obzirom na ulaze u park mo\u017eete vidjeti na mapi ispod.<\/p>\n<p style=\"text-align: center;\"><a href=\"https:\/\/www.buscroatia.com\/hr\/wp-content\/uploads\/2013\/10\/Plitvice-fall.jpg\" rel=\"lightbox[2326]\"><img decoding=\"async\" class=\"aligncenter  wp-image-2375\" src=\"https:\/\/www.buscroatia.com\/hr\/wp-content\/uploads\/2013\/10\/Plitvice-fall.jpg\" alt=\"Plitvice fall\" width=\"700\" srcset=\"https:\/\/www.buscroatia.com\/hr\/wp-content\/uploads\/2013\/10\/Plitvice-fall.jpg 1024w, https:\/\/www.buscroatia.com\/hr\/wp-content\/uploads\/2013\/10\/Plitvice-fall-300x225.jpg 300w\" sizes=\"(max-width: 1024px) 100vw, 1024px\" \/><\/a><\/p>\n<h3><b><span style=\"text-decoration: underline;\">\u0160to je dobro znati kada posje\u0107ujete NP Plitvice <\/span><\/b><\/h3>\n<p>Kod oba ulaza u Nacionalni Park mo\u017ee se besplatno ostaviti prtljaga. Kod ulaza i na nekim mjestima unutar parka mo\u017eete prona\u0107i hranu i osvje\u017eenje; cijene su vi\u0161e nego u okolici, ali imajte na umu da se sav prihod parka koristi za njegovo odr\u017eavanje.<\/p>\n<p>Du\u017e staza, vidjet \u0107ete mnogo kanti za otpatke, stoga molimo da ih koristite!<\/p>\n<p><script type=\"text\/javascript\">\/\/ <![CDATA[\ngoogle_ad_client = \"\";\n\/* Bus728-hr *\/\ngoogle_ad_slot = \"4900460214\";\ngoogle_ad_width = 728;\ngoogle_ad_height = 90;\n\/\/ ]]><\/script><br \/>\n<script type=\"text\/javascript\" src=\"https:\/\/pagead2.googlesyndication.com\/pagead\/show_ads.js\">\/\/ <![CDATA[\n\n\n\/\/ ]]><\/script><\/p>\n<h3><b><span style=\"text-decoration: underline;\">No\u0107enje na Plitvi\u010dkim jezerima<\/span><\/b><\/h3>\n<p>Ako \u017eelite preno\u0107iti na Plitvi\u010dkim jezerima, imate mnogo opcija. Uprava parka vodi nekoliko hotela koji se nalaze pored ulaza u park ili u blizini parka. To sigurno nije najekonomi\u010dnija opcija, ali je najbolja ako ovisite o javnom priijevozu. Druga opcija je odsjesti u nekom od mnogih hostela ili apartmana u prekrasnoj okolici Plitvica. S obzirom da autobus staje samo na glavnoj cesti, imajte na umu da \u0107ete morati malo hodati kako biste stigli na autobus do parka i od parka, posebno ako imate prtljagu.<\/p>\n<h3><b><span style=\"text-decoration: underline;\">Putovanje busom do Plitvi\u010dkih jezera<\/span><\/b><\/h3>\n<p>Do Plitvica mo\u017eete do\u0107i direktnim linijama iz nekoliko ve\u0107ih gradova, a ovdje pogledajte kako do\u0107i od:<\/p>\n<ul>\n<li><a title=\"Autobus Split Plitvice\" href=\"https:\/\/www.buscroatia.com\/hr\/autobus-split-plitvice\/\">Splita do Plitvica<\/a><\/li>\n<li><a title=\"Autobus Zadar Plitvice\" href=\"https:\/\/www.buscroatia.com\/hr\/autobus-zadar-plitvice\/\">Zadra do Plitvica<\/a><\/li>\n<li><a title=\"Autobus Zagreb Plitvice\" href=\"https:\/\/www.buscroatia.com\/hr\/autobus-zagreb-plitvice\/\">Zagreba do Plitvica<\/a><\/li>\n<li><a title=\"Autobus Dubrovnik Plitvice\" href=\"https:\/\/www.buscroatia.com\/hr\/autobus-dubrovnik-plitvice\/\">Dubrovnika do Plitvica<\/a><\/li>\n<\/ul>\n<p>Ako putujete iz Istre ili Kvarnera, morat \u0107ete i\u0107i preko Karlovca i Rijeke. Druga opcija je unajmiti automobil ili se pridru\u017eiti izletu na Plitvi\u010dka jezera.<\/p>\n<h3><b><span style=\"text-decoration: underline;\">Putovanje od Plitvi\u010dkih jezera<\/span><\/b><\/h3>\n<p>Na Plitvicama mo\u017eete u\u0107i na autobus na bilo kojoj stanici pored parka. Mo\u017eete putovati direktim autobusom prema sljede\u0107im gradovima: Zagreb, Karlovac, Zadar, Split, Dubrovnik; tijekom ljetne sezone broj autobusnih linija je ve\u0107i. Koristite gore navedeni pretra\u017eiva\u010d kako biste prona\u0161li vozni red autobus prema i iz Plitvica.<b><\/b><\/p>\n","protected":false},"excerpt":{"rendered":"<p>Kod Nacionalnog Parka Plitvice nema autobusnog kolodvora, ali postoji nekoliko autobusnih stanica na glavnoj cesti koja prolazi pored parka. S obzirom da Nacionalni Park ima dva slu\u017ebena ulaza odakle postoji nekoliko staza za pje\u0161a\u010denje kroz park, preporu\u010dljivo je odlu\u010diti kojom \u0107ete rutom i\u0107i i na koji \u0107ete ulaz u\u0107i prije dolaska va\u0161eg autobusa kako biste [&hellip;]<\/p>\n","protected":false},"author":2,"featured_media":3051,"parent":0,"menu_order":0,"comment_status":"open","ping_status":"open","template":"pages-templates\/bus-station.php","meta":[],"aioseo_notices":[],"_links":{"self":[{"href":"https:\/\/www.buscroatia.com\/hr\/wp-json\/wp\/v2\/pages\/2326"}],"collection":[{"href":"https:\/\/www.buscroatia.com\/hr\/wp-json\/wp\/v2\/pages"}],"about":[{"href":"https:\/\/www.buscroatia.com\/hr\/wp-json\/wp\/v2\/types\/page"}],"author":[{"embeddable":true,"href":"https:\/\/www.buscroatia.com\/hr\/wp-json\/wp\/v2\/users\/2"}],"replies":[{"embeddable":true,"href":"https:\/\/www.buscroatia.com\/hr\/wp-json\/wp\/v2\/comments?post=2326"}],"version-history":[{"count":9,"href":"https:\/\/www.buscroatia.com\/hr\/wp-json\/wp\/v2\/pages\/2326\/revisions"}],"predecessor-version":[{"id":202571,"href":"https:\/\/www.buscroatia.com\/hr\/wp-json\/wp\/v2\/pages\/2326\/revisions\/202571"}],"wp:featuredmedia":[{"embeddable":true,"href":"https:\/\/www.buscroatia.com\/hr\/wp-json\/wp\/v2\/media\/3051"}],"wp:attachment":[{"href":"https:\/\/www.buscroatia.com\/hr\/wp-json\/wp\/v2\/media?parent=2326"}],"curies":[{"name":"wp","href":"https:\/\/api.w.org\/{rel}","templated":true}]}}