{"id":2323,"date":"2013-10-23T09:23:05","date_gmt":"2013-10-23T09:23:05","guid":{"rendered":"http:\/\/www.buscroatia.com\/hr\/?page_id=2323"},"modified":"2014-01-10T10:58:51","modified_gmt":"2014-01-10T10:58:51","slug":"autobusni-kolodvor-pazin","status":"publish","type":"page","link":"https:\/\/www.buscroatia.com\/hr\/autobusni-kolodvor-pazin\/","title":{"rendered":"Kolodvor Pazin"},"content":{"rendered":"<p><strong>Autobusni kolodvor u Pazinu<\/strong> se nalazi blizu centra grada, a \u017eeljezni\u010dki kolodvor udaljen je samo 200 metara od autobusnog kolodvora.<\/p>\n<p>Od Pazina voze autobusi prema istraskim gradovima kao \u0161to su Pula, Rovinj, Pore\u010d i drugi kao i prema udaljenijim gradovima poput Zagreba i Rijeke te me\u0111unarodni autobusi prema Trstu i Veneciji.<\/p>\n<p>Od Pazina postoje i vlakovi prema nekoliko gradova u Hrvatskoj.<\/p>\n<p><script type=\"text\/javascript\">\/\/ <![CDATA[\ngoogle_ad_client = \"\"; \/* Bus728-hr *\/ google_ad_slot = \"4900460214\"; google_ad_width = 728; google_ad_height = 90;\n\/\/ ]]><\/script><br \/>\n<script type=\"text\/javascript\" src=\"https:\/\/pagead2.googlesyndication.com\/pagead\/show_ads.js\">\/\/ <![CDATA[\n\n\n\/\/ ]]><\/script><\/p>\n<p><b><span style=\"text-decoration: underline;\">Adresa autobusnog kolodvora Pazin<\/span><\/b><\/p>\n<ul>\n<li>Ulica Miroslava Bule\u0161i\u0107a 2,<\/li>\n<li>52000, Pazin<\/li>\n<li>Tel: +385 52 624 364<\/li>\n<\/ul>\n","protected":false},"excerpt":{"rendered":"<p>Autobusni kolodvor u Pazinu se nalazi blizu centra grada, a \u017eeljezni\u010dki kolodvor udaljen je samo 200 metara od autobusnog kolodvora. Od Pazina voze autobusi prema istraskim gradovima kao \u0161to su Pula, Rovinj, Pore\u010d i drugi kao i prema udaljenijim gradovima poput Zagreba i Rijeke te me\u0111unarodni autobusi prema Trstu i Veneciji. Od Pazina postoje i [&hellip;]<\/p>\n","protected":false},"author":2,"featured_media":3057,"parent":0,"menu_order":0,"comment_status":"open","ping_status":"open","template":"pages-templates\/bus-station.php","meta":[],"aioseo_notices":[],"_links":{"self":[{"href":"https:\/\/www.buscroatia.com\/hr\/wp-json\/wp\/v2\/pages\/2323"}],"collection":[{"href":"https:\/\/www.buscroatia.com\/hr\/wp-json\/wp\/v2\/pages"}],"about":[{"href":"https:\/\/www.buscroatia.com\/hr\/wp-json\/wp\/v2\/types\/page"}],"author":[{"embeddable":true,"href":"https:\/\/www.buscroatia.com\/hr\/wp-json\/wp\/v2\/users\/2"}],"replies":[{"embeddable":true,"href":"https:\/\/www.buscroatia.com\/hr\/wp-json\/wp\/v2\/comments?post=2323"}],"version-history":[{"count":2,"href":"https:\/\/www.buscroatia.com\/hr\/wp-json\/wp\/v2\/pages\/2323\/revisions"}],"predecessor-version":[{"id":3056,"href":"https:\/\/www.buscroatia.com\/hr\/wp-json\/wp\/v2\/pages\/2323\/revisions\/3056"}],"wp:featuredmedia":[{"embeddable":true,"href":"https:\/\/www.buscroatia.com\/hr\/wp-json\/wp\/v2\/media\/3057"}],"wp:attachment":[{"href":"https:\/\/www.buscroatia.com\/hr\/wp-json\/wp\/v2\/media?parent=2323"}],"curies":[{"name":"wp","href":"https:\/\/api.w.org\/{rel}","templated":true}]}}