{"id":2318,"date":"2013-10-23T09:19:12","date_gmt":"2013-10-23T09:19:12","guid":{"rendered":"http:\/\/www.buscroatia.com\/hr\/?page_id=2318"},"modified":"2021-08-02T06:49:51","modified_gmt":"2021-08-02T06:49:51","slug":"autobusni-kolodvor-novigrad","status":"publish","type":"page","link":"https:\/\/www.buscroatia.com\/hr\/autobusni-kolodvor-novigrad\/","title":{"rendered":"Kolodvor Novigrad"},"content":{"rendered":"<p><strong>Autobusni kolodvor u Novigradu<\/strong> se nalazi izvan grada, blizu magistrale. Centar grada je udaljen od autobusnog kolodvora 1 km, a od ACI marine u Novigradu oko 400 metara. S obzirom da u Novigradu nema gradskih autobusa, do svoje krajnje destinacije morat \u0107ete do\u0107i pje\u0161ice ili taksijem s autobusnog kolodvora. (dolje pogledajte mapu autobusnih stanica).<\/p>\n<p style=\"text-align: center;\"><a href=\"https:\/\/www.buscroatia.com\/hr\/wp-content\/uploads\/2013\/10\/Autobusni_kolodvor-Novigrad.jpg\" rel=\"lightbox[2318]\"><img decoding=\"async\" class=\"aligncenter  wp-image-2366\" src=\"https:\/\/www.buscroatia.com\/hr\/wp-content\/uploads\/2013\/10\/Autobusni_kolodvor-Novigrad.jpg\" alt=\"Autobusni_kolodvor-Novigrad\" width=\"700\" srcset=\"https:\/\/www.buscroatia.com\/hr\/wp-content\/uploads\/2013\/10\/Autobusni_kolodvor-Novigrad.jpg 1024w, https:\/\/www.buscroatia.com\/hr\/wp-content\/uploads\/2013\/10\/Autobusni_kolodvor-Novigrad-300x225.jpg 300w\" sizes=\"(max-width: 1024px) 100vw, 1024px\" \/><\/a><\/p>\n<h3><b><span style=\"text-decoration: underline;\">Usluge autobusnog kolodvora u Novigradu<\/span><\/b><\/h3>\n<p>U zgradi autobusnog kolodvora mo\u017eete prona\u0107i <strong>ured za prodaju karata<\/strong> i \u010dekaonica u kojoj postoji i prostor za pohranjivanje prtljage. U zgradi \u0107ete tako\u0111er prona\u0107i i banku sa bankomatom, pekarnicu, kiosk i cafe bar.<\/p>\n<p>Taksi se uobi\u010dajeno nalazi na parkirali\u0161tu iza zgrade autobusnog kolodvora.<\/p>\n<p><script type=\"text\/javascript\">\/\/ <![CDATA[\ngoogle_ad_client = \"\"; \/* Bus728-hr *\/ google_ad_slot = \"4900460214\"; google_ad_width = 728; google_ad_height = 90;\n\/\/ ]]><\/script><br \/>\n<script type=\"text\/javascript\" src=\"https:\/\/pagead2.googlesyndication.com\/pagead\/show_ads.js\">\/\/ <![CDATA[\n\n\n\/\/ ]]><\/script><\/p>\n<h3><b><span style=\"text-decoration: underline;\">Smje\u0161taj blizu autobusne stanice u Novigradu<\/span><\/b><\/h3>\n<p>Ve\u0107ina ljudi u Novigradu nalazi smje\u0161taj u kampovima i hotelima koji e se nalaze sjeverno i ju\u017eno od grada. Glavno podru\u010dje s apartmanima tako\u0111er se nalazi sjeverno od grada, otprilike 1 km od autobusnog kolodvora, ali isto tako je mogu\u0107e prona\u0107i apartman u centru ili oko centra grada. Ovdje mo\u017eete pogledati razne vrste smje\u0161taja.<\/p>\n<h3><b><span style=\"text-decoration: underline;\">Jednodnevni izleti busom iz Novigrada<\/span><\/b><\/h3>\n<p><strong>Iz Novigrada je mogu\u0107e i\u0107i na jednodnevne izlete busom<\/strong> u istarske gradove kao \u0161to su Pula, Pore\u010d, Rovinj i Umag te Trst u Italiji. Na popularne dnevne izlete u Postojnsku jamu u Sloveniji, Veneciju i Nacionalni Park Plitvice mo\u017ee se i\u0107i samo automobilom ili u organizaciji lokalne turisti\u010dke agencije. <a title=\"Izleti Novigrad\" href=\"https:\/\/www.buscroatia.com\/hr\/izleti-novigrad\/\">Ovdje<\/a> mo\u017eete vidjeti kratak pregled jednodnevnih izleta iz Novigrada.<\/p>\n<h3><b><span style=\"text-decoration: underline;\">Najpopularnije destinacije iz Novigrada<\/span><\/b><\/h3>\n<p>Dnevno iz Novigrada vozi nekoliko autobusa prema ve\u0107im gradovima u Istri kao i nekoliko autobusa prema i iz Rijeke i Zagreba. Kliknite na grad u tablici ispod kako biste saznali koje su opcije putovanja iz Novigrada.<\/p>\n<table border=\"1\" width=\"700\" cellspacing=\"1\" cellpadding=\"1\">\n<tbody>\n<tr>\n<td style=\"text-align: center;\" valign=\"top\" width=\"233\"><span style=\"color: #0000ff; text-decoration: underline;\">Me\u0111u\u017eupanijska linija<\/span><\/td>\n<td style=\"text-align: center;\" valign=\"top\" width=\"233\"><span style=\"color: #0000ff; text-decoration: underline;\">\u017dupanijska linija<\/span><\/td>\n<td style=\"text-align: center;\" valign=\"top\" width=\"233\"><span style=\"text-decoration: underline;\"><span style=\"color: #0000ff; text-decoration: underline;\">Me\u0111unarodna linija<br \/>\n<\/span><\/span><\/td>\n<\/tr>\n<tr>\n<td style=\"text-align: center;\" valign=\"top\" width=\"233\"><a title=\"Autobus Novigrad Zagreb\" href=\"https:\/\/www.buscroatia.com\/hr\/autobus-novigrad-zagreb\/\">Novigrad \u2013 Zagreb<\/a><\/td>\n<td style=\"text-align: center;\" valign=\"top\" width=\"233\"><a title=\"Autobus Novigrad Umag\" href=\"https:\/\/www.buscroatia.com\/hr\/autobus-novigrad-umag\/\">Novigrad \u2013 Umag<\/a><\/td>\n<td style=\"text-align: center;\" valign=\"top\" width=\"233\"><a href=\"https:\/\/www.buscroatia.com\/hr\/pretraga-ruta\/?dS=Novigrad&amp;aS=Trst+%28IT%29&amp;d=&amp;t=\">Novigrad \u2013 Trst <\/a><\/td>\n<\/tr>\n<tr>\n<td style=\"text-align: center;\" valign=\"top\" width=\"233\"><a title=\"Autobus Novigrad Rijeka\" href=\"https:\/\/www.buscroatia.com\/hr\/autobus-novigrad-rijeka\/\">Novigrad \u2013 Rijeka<\/a><\/td>\n<td style=\"text-align: center;\" valign=\"top\" width=\"233\"><a title=\"Autobus Novigrad Pore\u010d\" href=\"https:\/\/www.buscroatia.com\/hr\/autobus-novigrad-porec\/\">Novigrad \u2013 Porec<\/a><\/td>\n<td style=\"text-align: center;\" valign=\"top\" width=\"233\"><\/td>\n<\/tr>\n<tr>\n<td style=\"text-align: center;\" valign=\"top\" width=\"233\"><\/td>\n<td style=\"text-align: center;\" valign=\"top\" width=\"233\"><a title=\"Autobus Novigrad Rovinj\" href=\"https:\/\/www.buscroatia.com\/hr\/autobus-novigrad-rovinj\/\">Novigrad \u2013 Rovinj\u00a0<\/a><\/td>\n<td style=\"text-align: center;\" valign=\"top\" width=\"233\"><\/td>\n<\/tr>\n<tr>\n<td style=\"text-align: center;\" valign=\"top\" width=\"233\"><\/td>\n<td style=\"text-align: center;\" valign=\"top\" width=\"233\">\u00a0<a title=\"Autobus Novigrad Pula\" href=\"https:\/\/www.buscroatia.com\/hr\/autobus-novigrad-pula\/\">Novigrad \u2013 Pula <\/a><\/td>\n<td style=\"text-align: center;\" valign=\"top\" width=\"233\"><\/td>\n<\/tr>\n<tr>\n<td style=\"text-align: center;\" valign=\"top\" width=\"233\"><\/td>\n<td style=\"text-align: center;\" valign=\"top\" width=\"233\"><\/td>\n<td style=\"text-align: center;\" valign=\"top\" width=\"233\"><\/td>\n<\/tr>\n<tr>\n<td style=\"text-align: center;\" valign=\"top\" width=\"233\"><\/td>\n<td style=\"text-align: center;\" valign=\"top\" width=\"233\"><\/td>\n<td style=\"text-align: center;\" valign=\"top\" width=\"233\"><\/td>\n<\/tr>\n<tr>\n<td style=\"text-align: center;\" valign=\"top\" width=\"233\"><\/td>\n<td style=\"text-align: center;\" valign=\"top\" width=\"233\"><\/td>\n<td style=\"text-align: center;\" valign=\"top\" width=\"233\"><\/td>\n<\/tr>\n<\/tbody>\n<\/table>\n<h3><b><span style=\"text-decoration: underline;\">Adresa autobusnog kolodvora u Novigradu<\/span><\/b><\/h3>\n<ul>\n<li>Murve 15<\/li>\n<li>52466 Novigrad<\/li>\n<li>Tel: +385 52 757 660\u00a0\u200e<\/li>\n<\/ul>\n","protected":false},"excerpt":{"rendered":"<p>Autobusni kolodvor u Novigradu se nalazi izvan grada, blizu magistrale. Centar grada je udaljen od autobusnog kolodvora 1 km, a od ACI marine u Novigradu oko 400 metara. S obzirom da u Novigradu nema gradskih autobusa, do svoje krajnje destinacije morat \u0107ete do\u0107i pje\u0161ice ili taksijem s autobusnog kolodvora. (dolje pogledajte mapu autobusnih stanica). Usluge [&hellip;]<\/p>\n","protected":false},"author":2,"featured_media":2366,"parent":0,"menu_order":0,"comment_status":"open","ping_status":"open","template":"pages-templates\/bus-station.php","meta":[],"aioseo_notices":[],"_links":{"self":[{"href":"https:\/\/www.buscroatia.com\/hr\/wp-json\/wp\/v2\/pages\/2318"}],"collection":[{"href":"https:\/\/www.buscroatia.com\/hr\/wp-json\/wp\/v2\/pages"}],"about":[{"href":"https:\/\/www.buscroatia.com\/hr\/wp-json\/wp\/v2\/types\/page"}],"author":[{"embeddable":true,"href":"https:\/\/www.buscroatia.com\/hr\/wp-json\/wp\/v2\/users\/2"}],"replies":[{"embeddable":true,"href":"https:\/\/www.buscroatia.com\/hr\/wp-json\/wp\/v2\/comments?post=2318"}],"version-history":[{"count":8,"href":"https:\/\/www.buscroatia.com\/hr\/wp-json\/wp\/v2\/pages\/2318\/revisions"}],"predecessor-version":[{"id":202565,"href":"https:\/\/www.buscroatia.com\/hr\/wp-json\/wp\/v2\/pages\/2318\/revisions\/202565"}],"wp:featuredmedia":[{"embeddable":true,"href":"https:\/\/www.buscroatia.com\/hr\/wp-json\/wp\/v2\/media\/2366"}],"wp:attachment":[{"href":"https:\/\/www.buscroatia.com\/hr\/wp-json\/wp\/v2\/media?parent=2318"}],"curies":[{"name":"wp","href":"https:\/\/api.w.org\/{rel}","templated":true}]}}