{"id":2312,"date":"2013-10-23T09:12:21","date_gmt":"2013-10-23T09:12:21","guid":{"rendered":"http:\/\/www.buscroatia.com\/hr\/?page_id=2312"},"modified":"2014-01-10T14:42:19","modified_gmt":"2014-01-10T14:42:19","slug":"autobusni-kolodvor-imotski","status":"publish","type":"page","link":"https:\/\/www.buscroatia.com\/hr\/autobusni-kolodvor-imotski\/","title":{"rendered":"Kolodvor Imotski"},"content":{"rendered":"<p><strong>Autobusni kolodvor u Imotskom<\/strong> nalazi se u isto\u010dnom dijelu grada i udaljen je 800 metara od centra. Glavne prirodne znamenitosti u Imotskom su Crveno i Modro jezero koji se nalaze zapadno od grada, 1-1.5 km od autobusnog kolodvora.<\/p>\n<p>Svaki dan iz Imotskog voze autobusi prema mnogim hrvatskim gradovima kao \u0161to su <a title=\"Kolodvor Split\" href=\"https:\/\/www.buscroatia.com\/hr\/kolodvor-split-autobusi\/\">Split,<\/a> <a title=\"Kolodvor Zagreb\" href=\"https:\/\/www.buscroatia.com\/hr\/kolodvor-zagreb-autobusi\/\">Zagreb<\/a>, <a title=\"Kolodvor Dubrovnik\" href=\"https:\/\/www.buscroatia.com\/hr\/kolodvor-dubrovnik-autobusi\/\">Dubrovnik<\/a> i <a title=\"Kolodvor Zadar\" href=\"https:\/\/www.buscroatia.com\/hr\/kolodvor-zadar-autobusi\/\">Zadar<\/a>. Koristite gore navedeni prtra\u017eiva\u010d kako biste prona\u0161li <strong>vozni red autobusa prema i iz Imotskog<\/strong>.<\/p>\n<p><script type=\"text\/javascript\">\/\/ <![CDATA[\ngoogle_ad_client = \"\";\n\/* Bus728-hr *\/\ngoogle_ad_slot = \"4900460214\";\ngoogle_ad_width = 728;\ngoogle_ad_height = 90;\n\/\/ ]]><\/script><br \/>\n<script type=\"text\/javascript\" src=\"https:\/\/pagead2.googlesyndication.com\/pagead\/show_ads.js\">\/\/ <![CDATA[\n\n\/\/ ]]><\/script><\/p>\n<p><b><span style=\"text-decoration: underline;\">Adresa autobusnog kolodvora u Imotskom <\/span><\/b><\/p>\n<ul>\n<li>Kralja Zvonimira 75<\/li>\n<li>21260 Imotski<\/li>\n<li>Tel: +385 21 841442<\/li>\n<\/ul>\n","protected":false},"excerpt":{"rendered":"<p>Autobusni kolodvor u Imotskom nalazi se u isto\u010dnom dijelu grada i udaljen je 800 metara od centra. Glavne prirodne znamenitosti u Imotskom su Crveno i Modro jezero koji se nalaze zapadno od grada, 1-1.5 km od autobusnog kolodvora. Svaki dan iz Imotskog voze autobusi prema mnogim hrvatskim gradovima kao \u0161to su Split, Zagreb, Dubrovnik i [&hellip;]<\/p>\n","protected":false},"author":2,"featured_media":3192,"parent":0,"menu_order":0,"comment_status":"open","ping_status":"open","template":"pages-templates\/bus-station.php","meta":[],"aioseo_notices":[],"_links":{"self":[{"href":"https:\/\/www.buscroatia.com\/hr\/wp-json\/wp\/v2\/pages\/2312"}],"collection":[{"href":"https:\/\/www.buscroatia.com\/hr\/wp-json\/wp\/v2\/pages"}],"about":[{"href":"https:\/\/www.buscroatia.com\/hr\/wp-json\/wp\/v2\/types\/page"}],"author":[{"embeddable":true,"href":"https:\/\/www.buscroatia.com\/hr\/wp-json\/wp\/v2\/users\/2"}],"replies":[{"embeddable":true,"href":"https:\/\/www.buscroatia.com\/hr\/wp-json\/wp\/v2\/comments?post=2312"}],"version-history":[{"count":3,"href":"https:\/\/www.buscroatia.com\/hr\/wp-json\/wp\/v2\/pages\/2312\/revisions"}],"predecessor-version":[{"id":3193,"href":"https:\/\/www.buscroatia.com\/hr\/wp-json\/wp\/v2\/pages\/2312\/revisions\/3193"}],"wp:featuredmedia":[{"embeddable":true,"href":"https:\/\/www.buscroatia.com\/hr\/wp-json\/wp\/v2\/media\/3192"}],"wp:attachment":[{"href":"https:\/\/www.buscroatia.com\/hr\/wp-json\/wp\/v2\/media?parent=2312"}],"curies":[{"name":"wp","href":"https:\/\/api.w.org\/{rel}","templated":true}]}}