{"id":2309,"date":"2013-10-23T09:06:31","date_gmt":"2013-10-23T09:06:31","guid":{"rendered":"http:\/\/www.buscroatia.com\/hr\/?page_id=2309"},"modified":"2014-03-04T11:10:55","modified_gmt":"2014-03-04T11:10:55","slug":"autobusni-kolodvor-grubisno-polje","status":"publish","type":"page","link":"https:\/\/www.buscroatia.com\/hr\/autobusni-kolodvor-grubisno-polje\/","title":{"rendered":"Kolodvor Grubi\u0161no Polje"},"content":{"rendered":"<p><strong>Autobusni kolodvor u Grubi\u0161nom Polju<\/strong> nalazi se u centru grada; do svih se dijelova grada mo\u017ee do\u0107i pje\u0161ice.<\/p>\n<p>S autobusnog kolodvora u Grubi\u0161nom Polju voze autobusi prema susjednim gradovima kao i prema nekim udaljenijim gradovima. Koristite gore navedeni pretra\u017eiva\u010d kako biste prona\u0161li <strong>vozni red autobusa prema i iz Grubi\u0161nog Polja<\/strong>.<\/p>\n<p><script type=\"text\/javascript\"><!--\ngoogle_ad_client = \"\";\n\/* Bus728-hr *\/\ngoogle_ad_slot = \"4900460214\";\ngoogle_ad_width = 728;\ngoogle_ad_height = 90;\n\/\/-->\n<\/script><br \/>\n<script type=\"text\/javascript\"\nsrc=\"https:\/\/pagead2.googlesyndication.com\/pagead\/show_ads.js\">\n<\/script><\/p>\n<p><b><span style=\"text-decoration: underline;\">Adresa autobusnog kolodvora u Grubi\u0161nom Polju<\/span><\/b><\/p>\n<ul>\n<li>Kolodvorska 3<\/li>\n<li>43290 Grubi\u0161no Polje<\/li>\n<li>Tel: +385 43 485230<\/li>\n<\/ul>\n","protected":false},"excerpt":{"rendered":"<p>Autobusni kolodvor u Grubi\u0161nom Polju nalazi se u centru grada; do svih se dijelova grada mo\u017ee do\u0107i pje\u0161ice. S autobusnog kolodvora u Grubi\u0161nom Polju voze autobusi prema susjednim gradovima kao i prema nekim udaljenijim gradovima. Koristite gore navedeni pretra\u017eiva\u010d kako biste prona\u0161li vozni red autobusa prema i iz Grubi\u0161nog Polja. Adresa autobusnog kolodvora u Grubi\u0161nom [&hellip;]<\/p>\n","protected":false},"author":2,"featured_media":4194,"parent":0,"menu_order":0,"comment_status":"open","ping_status":"open","template":"pages-templates\/bus-station.php","meta":[],"aioseo_notices":[],"_links":{"self":[{"href":"https:\/\/www.buscroatia.com\/hr\/wp-json\/wp\/v2\/pages\/2309"}],"collection":[{"href":"https:\/\/www.buscroatia.com\/hr\/wp-json\/wp\/v2\/pages"}],"about":[{"href":"https:\/\/www.buscroatia.com\/hr\/wp-json\/wp\/v2\/types\/page"}],"author":[{"embeddable":true,"href":"https:\/\/www.buscroatia.com\/hr\/wp-json\/wp\/v2\/users\/2"}],"replies":[{"embeddable":true,"href":"https:\/\/www.buscroatia.com\/hr\/wp-json\/wp\/v2\/comments?post=2309"}],"version-history":[{"count":1,"href":"https:\/\/www.buscroatia.com\/hr\/wp-json\/wp\/v2\/pages\/2309\/revisions"}],"predecessor-version":[{"id":2310,"href":"https:\/\/www.buscroatia.com\/hr\/wp-json\/wp\/v2\/pages\/2309\/revisions\/2310"}],"wp:featuredmedia":[{"embeddable":true,"href":"https:\/\/www.buscroatia.com\/hr\/wp-json\/wp\/v2\/media\/4194"}],"wp:attachment":[{"href":"https:\/\/www.buscroatia.com\/hr\/wp-json\/wp\/v2\/media?parent=2309"}],"curies":[{"name":"wp","href":"https:\/\/api.w.org\/{rel}","templated":true}]}}