{"id":2306,"date":"2013-10-23T09:04:42","date_gmt":"2013-10-23T09:04:42","guid":{"rendered":"http:\/\/www.buscroatia.com\/hr\/?page_id=2306"},"modified":"2014-01-10T14:43:28","modified_gmt":"2014-01-10T14:43:28","slug":"autobusni-kolodvor-gospic","status":"publish","type":"page","link":"https:\/\/www.buscroatia.com\/hr\/autobusni-kolodvor-gospic\/","title":{"rendered":"Kolodvor Gospi\u0107"},"content":{"rendered":"<p><strong>Autobusni kolodvor u Gospi\u0107u<\/strong> udaljen je 800 metara od centra grada. \u017deljezni\u010dki kolodvor, koji se nalazi jugoisto\u010dno od grada, udaljen je otprilike 2.7 km.<\/p>\n<p>S autobusnog kolodvora u Gospi\u0107u svaki dan voze busevi prema <a title=\"Kolodvor Zagreb\" href=\"https:\/\/www.buscroatia.com\/hr\/kolodvor-zagreb-autobusi\/\">Zagrebu<\/a>, <a title=\"Kolodvor Zadar\" href=\"https:\/\/www.buscroatia.com\/hr\/kolodvor-zadar-autobusi\/\">Zadru<\/a> i Dubrovniku. Koristite gore navedeni pretra\u017eiva\u010d kako biste prona\u0161li vozni red autobusa prema i iz Gospi\u0107a.<\/p>\n<p><script type=\"text\/javascript\">\/\/ <![CDATA[\ngoogle_ad_client = \"\";\n\/* Bus728-hr *\/\ngoogle_ad_slot = \"4900460214\";\ngoogle_ad_width = 728;\ngoogle_ad_height = 90;\n\/\/ ]]><\/script><br \/>\n<script type=\"text\/javascript\" src=\"https:\/\/pagead2.googlesyndication.com\/pagead\/show_ads.js\">\/\/ <![CDATA[\n\n\/\/ ]]><\/script><\/p>\n<p><b><span style=\"text-decoration: underline;\">Adresa autobusnog kolodvora u Gospi\u0107u<\/span><\/b><\/p>\n<ul>\n<li>Trg Zrinskih i Frankopana 4<\/li>\n<li>53000 Gospi\u0107<\/li>\n<li>Tel: +385 53 572 658<\/li>\n<\/ul>\n","protected":false},"excerpt":{"rendered":"<p>Autobusni kolodvor u Gospi\u0107u udaljen je 800 metara od centra grada. \u017deljezni\u010dki kolodvor, koji se nalazi jugoisto\u010dno od grada, udaljen je otprilike 2.7 km. S autobusnog kolodvora u Gospi\u0107u svaki dan voze busevi prema Zagrebu, Zadru i Dubrovniku. Koristite gore navedeni pretra\u017eiva\u010d kako biste prona\u0161li vozni red autobusa prema i iz Gospi\u0107a. Adresa autobusnog kolodvora [&hellip;]<\/p>\n","protected":false},"author":2,"featured_media":3194,"parent":0,"menu_order":0,"comment_status":"open","ping_status":"open","template":"pages-templates\/bus-station.php","meta":[],"aioseo_notices":[],"_links":{"self":[{"href":"https:\/\/www.buscroatia.com\/hr\/wp-json\/wp\/v2\/pages\/2306"}],"collection":[{"href":"https:\/\/www.buscroatia.com\/hr\/wp-json\/wp\/v2\/pages"}],"about":[{"href":"https:\/\/www.buscroatia.com\/hr\/wp-json\/wp\/v2\/types\/page"}],"author":[{"embeddable":true,"href":"https:\/\/www.buscroatia.com\/hr\/wp-json\/wp\/v2\/users\/2"}],"replies":[{"embeddable":true,"href":"https:\/\/www.buscroatia.com\/hr\/wp-json\/wp\/v2\/comments?post=2306"}],"version-history":[{"count":2,"href":"https:\/\/www.buscroatia.com\/hr\/wp-json\/wp\/v2\/pages\/2306\/revisions"}],"predecessor-version":[{"id":3195,"href":"https:\/\/www.buscroatia.com\/hr\/wp-json\/wp\/v2\/pages\/2306\/revisions\/3195"}],"wp:featuredmedia":[{"embeddable":true,"href":"https:\/\/www.buscroatia.com\/hr\/wp-json\/wp\/v2\/media\/3194"}],"wp:attachment":[{"href":"https:\/\/www.buscroatia.com\/hr\/wp-json\/wp\/v2\/media?parent=2306"}],"curies":[{"name":"wp","href":"https:\/\/api.w.org\/{rel}","templated":true}]}}