{"id":2302,"date":"2013-10-23T08:59:03","date_gmt":"2013-10-23T08:59:03","guid":{"rendered":"http:\/\/www.buscroatia.com\/hr\/?page_id=2302"},"modified":"2014-03-04T11:07:14","modified_gmt":"2014-03-04T11:07:14","slug":"autobusni-kolodvor-glina","status":"publish","type":"page","link":"https:\/\/www.buscroatia.com\/hr\/autobusni-kolodvor-glina\/","title":{"rendered":"Kolodvor Glina"},"content":{"rendered":"<p><strong>Autobusni kolodvor u Glini<\/strong> udaljen je 400 metara od centra grada, a do svih se dijelova grada mo\u017ee do\u0107i pje\u0161ice. Na autobusnom kolodvoru na\u0107i \u0107ete \u010dekaonicu, kafi\u0107 i kiosk.<\/p>\n<p>Sa autobusnog kolodvora u Glini svaki dan voze autobusi prema Petrinji, <a title=\"Kolodvor Zagreb\" href=\"https:\/\/www.buscroatia.com\/hr\/kolodvor-zagreb-autobusi\/\">Zagrebu<\/a> i Sisku te nekoliko drugih gradova u okolici. Koristite gore navedeni pretra\u017eiva\u010d kako biste prona\u0161li <strong>vozni red autobus prema i iz Gline<\/strong>.<\/p>\n<p><script type=\"text\/javascript\"><!--\ngoogle_ad_client = \"\";\n\/* Bus728-hr *\/\ngoogle_ad_slot = \"4900460214\";\ngoogle_ad_width = 728;\ngoogle_ad_height = 90;\n\/\/-->\n<\/script><br \/>\n<script type=\"text\/javascript\"\nsrc=\"https:\/\/pagead2.googlesyndication.com\/pagead\/show_ads.js\">\n<\/script><\/p>\n<p><b><span style=\"text-decoration: underline;\">Adresa autobusnog kolodvora u Glini<\/span><\/b><\/p>\n<ul>\n<li>Trg bana Josipa Jela\u010di\u0107a 1<\/li>\n<li>44400 Glina<\/li>\n<li>Tel: +385 44 880099<\/li>\n<\/ul>\n","protected":false},"excerpt":{"rendered":"<p>Autobusni kolodvor u Glini udaljen je 400 metara od centra grada, a do svih se dijelova grada mo\u017ee do\u0107i pje\u0161ice. Na autobusnom kolodvoru na\u0107i \u0107ete \u010dekaonicu, kafi\u0107 i kiosk. Sa autobusnog kolodvora u Glini svaki dan voze autobusi prema Petrinji, Zagrebu i Sisku te nekoliko drugih gradova u okolici. Koristite gore navedeni pretra\u017eiva\u010d kako biste [&hellip;]<\/p>\n","protected":false},"author":2,"featured_media":4193,"parent":0,"menu_order":0,"comment_status":"open","ping_status":"open","template":"pages-templates\/bus-station.php","meta":[],"aioseo_notices":[],"_links":{"self":[{"href":"https:\/\/www.buscroatia.com\/hr\/wp-json\/wp\/v2\/pages\/2302"}],"collection":[{"href":"https:\/\/www.buscroatia.com\/hr\/wp-json\/wp\/v2\/pages"}],"about":[{"href":"https:\/\/www.buscroatia.com\/hr\/wp-json\/wp\/v2\/types\/page"}],"author":[{"embeddable":true,"href":"https:\/\/www.buscroatia.com\/hr\/wp-json\/wp\/v2\/users\/2"}],"replies":[{"embeddable":true,"href":"https:\/\/www.buscroatia.com\/hr\/wp-json\/wp\/v2\/comments?post=2302"}],"version-history":[{"count":3,"href":"https:\/\/www.buscroatia.com\/hr\/wp-json\/wp\/v2\/pages\/2302\/revisions"}],"predecessor-version":[{"id":2467,"href":"https:\/\/www.buscroatia.com\/hr\/wp-json\/wp\/v2\/pages\/2302\/revisions\/2467"}],"wp:featuredmedia":[{"embeddable":true,"href":"https:\/\/www.buscroatia.com\/hr\/wp-json\/wp\/v2\/media\/4193"}],"wp:attachment":[{"href":"https:\/\/www.buscroatia.com\/hr\/wp-json\/wp\/v2\/media?parent=2302"}],"curies":[{"name":"wp","href":"https:\/\/api.w.org\/{rel}","templated":true}]}}