{"id":2299,"date":"2013-10-23T08:57:23","date_gmt":"2013-10-23T08:57:23","guid":{"rendered":"http:\/\/www.buscroatia.com\/hr\/?page_id=2299"},"modified":"2014-03-04T11:06:20","modified_gmt":"2014-03-04T11:06:20","slug":"autobusni-kolodvor-garesnica","status":"publish","type":"page","link":"https:\/\/www.buscroatia.com\/hr\/autobusni-kolodvor-garesnica\/","title":{"rendered":"Kolodvor Gare\u0161nica"},"content":{"rendered":"<p><strong>Autobusni kolodvor u Gare\u0161nici s<\/strong>e nalazi u centru grada, a s obzirom da je grad vrlo malen, do svih se dijelova mo\u017ee do\u0107i pje\u0161ice od autobusnog kolodvora.<\/p>\n<p>Koristite gore navedeni pretra\u017eiva\u010d kako biste prona\u0161li <strong>vozni red autobusa prema i iz Gare\u0161nice<\/strong>.<\/p>\n<p><script type=\"text\/javascript\">\/\/ <![CDATA[\ngoogle_ad_client = \"\"; \/* Bus728-hr *\/ google_ad_slot = \"4900460214\"; google_ad_width = 728; google_ad_height = 90;\n\/\/ ]]><\/script><br \/>\n<script type=\"text\/javascript\" src=\"https:\/\/pagead2.googlesyndication.com\/pagead\/show_ads.js\">\/\/ <![CDATA[\n\n\/\/ ]]><\/script><\/p>\n<p><b><span style=\"text-decoration: underline;\">Adresa autobusnog kolodvora u Gare\u0161nici<\/span><\/b><\/p>\n<ul>\n<li>Grani\u010darska 1A<\/li>\n<li>43280 Gare\u0161nica<\/li>\n<li>Tel: +385 43 531205<\/li>\n<\/ul>\n","protected":false},"excerpt":{"rendered":"<p>Autobusni kolodvor u Gare\u0161nici se nalazi u centru grada, a s obzirom da je grad vrlo malen, do svih se dijelova mo\u017ee do\u0107i pje\u0161ice od autobusnog kolodvora. Koristite gore navedeni pretra\u017eiva\u010d kako biste prona\u0161li vozni red autobusa prema i iz Gare\u0161nice. Adresa autobusnog kolodvora u Gare\u0161nici Grani\u010darska 1A 43280 Gare\u0161nica Tel: +385 43 531205<\/p>\n","protected":false},"author":2,"featured_media":4192,"parent":0,"menu_order":0,"comment_status":"open","ping_status":"open","template":"pages-templates\/bus-station.php","meta":[],"aioseo_notices":[],"_links":{"self":[{"href":"https:\/\/www.buscroatia.com\/hr\/wp-json\/wp\/v2\/pages\/2299"}],"collection":[{"href":"https:\/\/www.buscroatia.com\/hr\/wp-json\/wp\/v2\/pages"}],"about":[{"href":"https:\/\/www.buscroatia.com\/hr\/wp-json\/wp\/v2\/types\/page"}],"author":[{"embeddable":true,"href":"https:\/\/www.buscroatia.com\/hr\/wp-json\/wp\/v2\/users\/2"}],"replies":[{"embeddable":true,"href":"https:\/\/www.buscroatia.com\/hr\/wp-json\/wp\/v2\/comments?post=2299"}],"version-history":[{"count":1,"href":"https:\/\/www.buscroatia.com\/hr\/wp-json\/wp\/v2\/pages\/2299\/revisions"}],"predecessor-version":[{"id":2300,"href":"https:\/\/www.buscroatia.com\/hr\/wp-json\/wp\/v2\/pages\/2299\/revisions\/2300"}],"wp:featuredmedia":[{"embeddable":true,"href":"https:\/\/www.buscroatia.com\/hr\/wp-json\/wp\/v2\/media\/4192"}],"wp:attachment":[{"href":"https:\/\/www.buscroatia.com\/hr\/wp-json\/wp\/v2\/media?parent=2299"}],"curies":[{"name":"wp","href":"https:\/\/api.w.org\/{rel}","templated":true}]}}