{"id":2296,"date":"2013-10-23T08:55:43","date_gmt":"2013-10-23T08:55:43","guid":{"rendered":"http:\/\/www.buscroatia.com\/hr\/?page_id=2296"},"modified":"2014-03-04T11:55:33","modified_gmt":"2014-03-04T11:55:33","slug":"autobusni-kolodvor-durdevac","status":"publish","type":"page","link":"https:\/\/www.buscroatia.com\/hr\/autobusni-kolodvor-durdevac\/","title":{"rendered":"Kolodvor \u0110ur\u0111evac"},"content":{"rendered":"<p><strong>Autobusni kolodvor u \u0110ur\u0111evcu<\/strong> je udaljen 1.2 km od centra grada i 200 metara od<strong> \u017eeljezni\u010dkog kolodvora u \u0110u\u0111evcu<\/strong>. Na autobusnom kolodvoru prona\u0107i \u0107ete kiosk i \u010dekaonicu, a iza zgrade kolodvora nalazi se supermarket Lidl.<\/p>\n<p>S autobusnog kolodvora u \u0110ur\u0111evcu svaki dan nekoliko puta voze autobusi prema Koprivnici i Bjelovaru. Koristite gore navedeni pretra\u017eiva\u010d kako biste prona\u0161li <strong>vozni red autobusa prema i iz \u0110ur\u0111evca<\/strong>.<\/p>\n<p><script type=\"text\/javascript\">\/\/ <![CDATA[\ngoogle_ad_client = \"\"; \/* Bus728-hr *\/ google_ad_slot = \"4900460214\"; google_ad_width = 728; google_ad_height = 90;\n\/\/ ]]><\/script><br \/>\n<script type=\"text\/javascript\" src=\"https:\/\/pagead2.googlesyndication.com\/pagead\/show_ads.js\">\/\/ <![CDATA[\n\n\/\/ ]]><\/script><\/p>\n<p><b><span style=\"text-decoration: underline;\">Adresa autobusnog kolodvora u \u0110ur\u0111evcu<\/span><\/b><\/p>\n<ul>\n<li>Stjepana Radi\u0107a 110A<\/li>\n<li>48350 \u0110ur\u0111evac<\/li>\n<li>Tel: +385 48 812002<\/li>\n<\/ul>\n","protected":false},"excerpt":{"rendered":"<p>Autobusni kolodvor u \u0110ur\u0111evcu je udaljen 1.2 km od centra grada i 200 metara od \u017eeljezni\u010dkog kolodvora u \u0110u\u0111evcu. Na autobusnom kolodvoru prona\u0107i \u0107ete kiosk i \u010dekaonicu, a iza zgrade kolodvora nalazi se supermarket Lidl. S autobusnog kolodvora u \u0110ur\u0111evcu svaki dan nekoliko puta voze autobusi prema Koprivnici i Bjelovaru. Koristite gore navedeni pretra\u017eiva\u010d kako [&hellip;]<\/p>\n","protected":false},"author":2,"featured_media":4213,"parent":0,"menu_order":0,"comment_status":"open","ping_status":"open","template":"pages-templates\/bus-station.php","meta":[],"aioseo_notices":[],"_links":{"self":[{"href":"https:\/\/www.buscroatia.com\/hr\/wp-json\/wp\/v2\/pages\/2296"}],"collection":[{"href":"https:\/\/www.buscroatia.com\/hr\/wp-json\/wp\/v2\/pages"}],"about":[{"href":"https:\/\/www.buscroatia.com\/hr\/wp-json\/wp\/v2\/types\/page"}],"author":[{"embeddable":true,"href":"https:\/\/www.buscroatia.com\/hr\/wp-json\/wp\/v2\/users\/2"}],"replies":[{"embeddable":true,"href":"https:\/\/www.buscroatia.com\/hr\/wp-json\/wp\/v2\/comments?post=2296"}],"version-history":[{"count":1,"href":"https:\/\/www.buscroatia.com\/hr\/wp-json\/wp\/v2\/pages\/2296\/revisions"}],"predecessor-version":[{"id":2297,"href":"https:\/\/www.buscroatia.com\/hr\/wp-json\/wp\/v2\/pages\/2296\/revisions\/2297"}],"wp:featuredmedia":[{"embeddable":true,"href":"https:\/\/www.buscroatia.com\/hr\/wp-json\/wp\/v2\/media\/4213"}],"wp:attachment":[{"href":"https:\/\/www.buscroatia.com\/hr\/wp-json\/wp\/v2\/media?parent=2296"}],"curies":[{"name":"wp","href":"https:\/\/api.w.org\/{rel}","templated":true}]}}