{"id":2281,"date":"2013-10-23T08:44:58","date_gmt":"2013-10-23T08:44:58","guid":{"rendered":"http:\/\/www.buscroatia.com\/hr\/?page_id=2281"},"modified":"2014-01-10T14:50:17","modified_gmt":"2014-01-10T14:50:17","slug":"autobusni-kolodvor-delnice","status":"publish","type":"page","link":"https:\/\/www.buscroatia.com\/hr\/autobusni-kolodvor-delnice\/","title":{"rendered":"Kolodvor Delnice"},"content":{"rendered":"<p><strong>Autobusni kolodvor u Delnicama<\/strong> se nalazi u ju\u017enom dijelu grada, oko 800 metara od centra i manje od 200 metara od \u017eeljezni\u010dke stanice. Na <strong>autobusnom kolodvoru<\/strong> na\u0107i \u0107ete ured za prodaju karata, \u010dekaonicu, kafi\u0107 i mini market.<\/p>\n<p>Iz Delnica svaki dan voze autobusi prema Zagrebu, Rijeci, Crikvenici i Novom Vinodolskom. Koristite gore navedeni pretra\u017eiva\u010d kako biste prona\u0161li vozni red autobus prema i iz Delnica.<\/p>\n<p><script type=\"text\/javascript\">\/\/ <![CDATA[\ngoogle_ad_client = \"\";\n\/* Bus728-hr *\/\ngoogle_ad_slot = \"4900460214\";\ngoogle_ad_width = 728;\ngoogle_ad_height = 90;\n\/\/ ]]><\/script><br \/>\n<script type=\"text\/javascript\" src=\"https:\/\/pagead2.googlesyndication.com\/pagead\/show_ads.js\">\/\/ <![CDATA[\n\n\n\/\/ ]]><\/script><\/p>\n<p><b><span style=\"text-decoration: underline;\">Adresa autobusnog kolodvora u Delnicama<\/span><\/b><\/p>\n<ul>\n<li>Lujzinska cesta 15<\/li>\n<li>51300 Delnice<\/li>\n<li>Tel: +385 60 363060<\/li>\n<\/ul>\n","protected":false},"excerpt":{"rendered":"<p>Autobusni kolodvor u Delnicama se nalazi u ju\u017enom dijelu grada, oko 800 metara od centra i manje od 200 metara od \u017eeljezni\u010dke stanice. Na autobusnom kolodvoru na\u0107i \u0107ete ured za prodaju karata, \u010dekaonicu, kafi\u0107 i mini market. Iz Delnica svaki dan voze autobusi prema Zagrebu, Rijeci, Crikvenici i Novom Vinodolskom. Koristite gore navedeni pretra\u017eiva\u010d kako [&hellip;]<\/p>\n","protected":false},"author":2,"featured_media":3209,"parent":0,"menu_order":0,"comment_status":"open","ping_status":"open","template":"pages-templates\/bus-station.php","meta":[],"aioseo_notices":[],"_links":{"self":[{"href":"https:\/\/www.buscroatia.com\/hr\/wp-json\/wp\/v2\/pages\/2281"}],"collection":[{"href":"https:\/\/www.buscroatia.com\/hr\/wp-json\/wp\/v2\/pages"}],"about":[{"href":"https:\/\/www.buscroatia.com\/hr\/wp-json\/wp\/v2\/types\/page"}],"author":[{"embeddable":true,"href":"https:\/\/www.buscroatia.com\/hr\/wp-json\/wp\/v2\/users\/2"}],"replies":[{"embeddable":true,"href":"https:\/\/www.buscroatia.com\/hr\/wp-json\/wp\/v2\/comments?post=2281"}],"version-history":[{"count":2,"href":"https:\/\/www.buscroatia.com\/hr\/wp-json\/wp\/v2\/pages\/2281\/revisions"}],"predecessor-version":[{"id":3207,"href":"https:\/\/www.buscroatia.com\/hr\/wp-json\/wp\/v2\/pages\/2281\/revisions\/3207"}],"wp:featuredmedia":[{"embeddable":true,"href":"https:\/\/www.buscroatia.com\/hr\/wp-json\/wp\/v2\/media\/3209"}],"wp:attachment":[{"href":"https:\/\/www.buscroatia.com\/hr\/wp-json\/wp\/v2\/media?parent=2281"}],"curies":[{"name":"wp","href":"https:\/\/api.w.org\/{rel}","templated":true}]}}