{"id":2278,"date":"2013-10-23T08:43:38","date_gmt":"2013-10-23T08:43:38","guid":{"rendered":"http:\/\/www.buscroatia.com\/hr\/?page_id=2278"},"modified":"2014-01-10T14:55:42","modified_gmt":"2014-01-10T14:55:42","slug":"autobusni-kolodvor-daruvar","status":"publish","type":"page","link":"https:\/\/www.buscroatia.com\/hr\/autobusni-kolodvor-daruvar\/","title":{"rendered":"Kolodvor Daruvar"},"content":{"rendered":"<p><strong>Autobusni kolodvor u Daruvaru<\/strong> udaljen je nekoliko stotina metara od centra grada i pored \u017eeljezni\u010dke postaje. Na <strong>autobusnom kolodvoru<\/strong> nalazi se kiosk i cafe bar.<\/p>\n<p>Od Daruvara vozi nekoliko autobusa prema manjim gradovima u regiji kao i nekoliko autobusa dnevno prema zagrebu i Bjelovaru. Koristite gore navedeni pretra\u017eiva\u010d kako biste prona\u0161li vozni red autobusa za Daruvar i od Daruvara.<\/p>\n<p><script type=\"text\/javascript\">\/\/ <![CDATA[\ngoogle_ad_client = \"\";\n\/* Bus728-hr *\/\ngoogle_ad_slot = \"4900460214\";\ngoogle_ad_width = 728;\ngoogle_ad_height = 90;\n\/\/ ]]><\/script><br \/>\n<script type=\"text\/javascript\" src=\"https:\/\/pagead2.googlesyndication.com\/pagead\/show_ads.js\">\/\/ <![CDATA[\n\n\n\/\/ ]]><\/script><\/p>\n<p><b><span style=\"text-decoration: underline;\">Adresa autobusnog kolodvora u Daruvaru<\/span><\/b><\/p>\n<ul>\n<li>Kolodvorska 24<\/li>\n<li>43500 Daruvar<\/li>\n<li>Tel: +385 43 331319<\/li>\n<\/ul>\n","protected":false},"excerpt":{"rendered":"<p>Autobusni kolodvor u Daruvaru udaljen je nekoliko stotina metara od centra grada i pored \u017eeljezni\u010dke postaje. Na autobusnom kolodvoru nalazi se kiosk i cafe bar. Od Daruvara vozi nekoliko autobusa prema manjim gradovima u regiji kao i nekoliko autobusa dnevno prema zagrebu i Bjelovaru. Koristite gore navedeni pretra\u017eiva\u010d kako biste prona\u0161li vozni red autobusa za [&hellip;]<\/p>\n","protected":false},"author":2,"featured_media":3210,"parent":0,"menu_order":0,"comment_status":"open","ping_status":"open","template":"pages-templates\/bus-station.php","meta":[],"aioseo_notices":[],"_links":{"self":[{"href":"https:\/\/www.buscroatia.com\/hr\/wp-json\/wp\/v2\/pages\/2278"}],"collection":[{"href":"https:\/\/www.buscroatia.com\/hr\/wp-json\/wp\/v2\/pages"}],"about":[{"href":"https:\/\/www.buscroatia.com\/hr\/wp-json\/wp\/v2\/types\/page"}],"author":[{"embeddable":true,"href":"https:\/\/www.buscroatia.com\/hr\/wp-json\/wp\/v2\/users\/2"}],"replies":[{"embeddable":true,"href":"https:\/\/www.buscroatia.com\/hr\/wp-json\/wp\/v2\/comments?post=2278"}],"version-history":[{"count":3,"href":"https:\/\/www.buscroatia.com\/hr\/wp-json\/wp\/v2\/pages\/2278\/revisions"}],"predecessor-version":[{"id":3212,"href":"https:\/\/www.buscroatia.com\/hr\/wp-json\/wp\/v2\/pages\/2278\/revisions\/3212"}],"wp:featuredmedia":[{"embeddable":true,"href":"https:\/\/www.buscroatia.com\/hr\/wp-json\/wp\/v2\/media\/3210"}],"wp:attachment":[{"href":"https:\/\/www.buscroatia.com\/hr\/wp-json\/wp\/v2\/media?parent=2278"}],"curies":[{"name":"wp","href":"https:\/\/api.w.org\/{rel}","templated":true}]}}