{"id":2274,"date":"2013-10-23T08:41:13","date_gmt":"2013-10-23T08:41:13","guid":{"rendered":"http:\/\/www.buscroatia.com\/hr\/?page_id=2274"},"modified":"2014-01-14T12:32:31","modified_gmt":"2014-01-14T12:32:31","slug":"autobusni-kolodvor-cazma","status":"publish","type":"page","link":"https:\/\/www.buscroatia.com\/hr\/autobusni-kolodvor-cazma\/","title":{"rendered":"Kolodvor \u010cazma"},"content":{"rendered":"<p><strong>Autobusni kolodvor u \u010cazmi<\/strong> se nalazi u centru grada, a s obzirom da grad niej velik, mogu\u0107e je pje\u0161ice do\u0107i do svakog mjesta unutar grada.<\/p>\n<p>S autobusnog kolodvora u \u010cazmi \u010desto voze autobusi prema Zagrebu, Bjelovaru i Ivani\u0107-Gradu. Koristite gore navedeni pretra\u017eiva\u010d kako biste prona\u0161li <strong>vozni red autobusa iz i prema \u010cazmi.<\/strong><\/p>\n<p><script type=\"text\/javascript\">\/\/ <![CDATA[\ngoogle_ad_client = \"\"; \/* Bus728-hr *\/ google_ad_slot = \"4900460214\"; google_ad_width = 728; google_ad_height = 90;\n\/\/ ]]><\/script><br \/>\n<script type=\"text\/javascript\" src=\"https:\/\/pagead2.googlesyndication.com\/pagead\/show_ads.js\">\/\/ <![CDATA[\n\n\n\/\/ ]]><\/script><\/p>\n<p><b><span style=\"text-decoration: underline;\">Adresa utobusnog kolodvora \u010cazma<\/span><\/b><\/p>\n<ul>\n<li>Nova\u010di\u0107a Milana 10<\/li>\n<li>43240 \u010cazma<\/li>\n<li>Tel: +385 43 277 255<\/li>\n<\/ul>\n","protected":false},"excerpt":{"rendered":"<p>Autobusni kolodvor u \u010cazmi se nalazi u centru grada, a s obzirom da grad niej velik, mogu\u0107e je pje\u0161ice do\u0107i do svakog mjesta unutar grada. S autobusnog kolodvora u \u010cazmi \u010desto voze autobusi prema Zagrebu, Bjelovaru i Ivani\u0107-Gradu. Koristite gore navedeni pretra\u017eiva\u010d kako biste prona\u0161li vozni red autobusa iz i prema \u010cazmi. Adresa utobusnog kolodvora [&hellip;]<\/p>\n","protected":false},"author":2,"featured_media":3350,"parent":0,"menu_order":0,"comment_status":"open","ping_status":"open","template":"pages-templates\/bus-station.php","meta":[],"aioseo_notices":[],"_links":{"self":[{"href":"https:\/\/www.buscroatia.com\/hr\/wp-json\/wp\/v2\/pages\/2274"}],"collection":[{"href":"https:\/\/www.buscroatia.com\/hr\/wp-json\/wp\/v2\/pages"}],"about":[{"href":"https:\/\/www.buscroatia.com\/hr\/wp-json\/wp\/v2\/types\/page"}],"author":[{"embeddable":true,"href":"https:\/\/www.buscroatia.com\/hr\/wp-json\/wp\/v2\/users\/2"}],"replies":[{"embeddable":true,"href":"https:\/\/www.buscroatia.com\/hr\/wp-json\/wp\/v2\/comments?post=2274"}],"version-history":[{"count":2,"href":"https:\/\/www.buscroatia.com\/hr\/wp-json\/wp\/v2\/pages\/2274\/revisions"}],"predecessor-version":[{"id":3349,"href":"https:\/\/www.buscroatia.com\/hr\/wp-json\/wp\/v2\/pages\/2274\/revisions\/3349"}],"wp:featuredmedia":[{"embeddable":true,"href":"https:\/\/www.buscroatia.com\/hr\/wp-json\/wp\/v2\/media\/3350"}],"wp:attachment":[{"href":"https:\/\/www.buscroatia.com\/hr\/wp-json\/wp\/v2\/media?parent=2274"}],"curies":[{"name":"wp","href":"https:\/\/api.w.org\/{rel}","templated":true}]}}