{"id":2271,"date":"2013-10-23T08:39:20","date_gmt":"2013-10-23T08:39:20","guid":{"rendered":"http:\/\/www.buscroatia.com\/hr\/?page_id=2271"},"modified":"2014-01-14T12:35:07","modified_gmt":"2014-01-14T12:35:07","slug":"autobusni-kolodvor-cakovec","status":"publish","type":"page","link":"https:\/\/www.buscroatia.com\/hr\/autobusni-kolodvor-cakovec\/","title":{"rendered":"Kolodvor \u010cakovec"},"content":{"rendered":"<p><strong>Autobusni kolodvor u \u010cakovcu<\/strong> je smje\u0161ten nekoliko stotina metara od centra grada, a <strong>\u017eeljezni\u010dki kolodvor \u010cakovac j<\/strong>e oko 2 km hoda udaljen od autobusnog kolodvora.<\/p>\n<p>S autobusnog kolodvora u \u010cakovcu prili\u010dno \u010desto voze autobusi prema bli\u017eim gradovima u regiji. Tako\u0111er postoji nekoliko dnevnih autobusa do Vara\u017edina i izravan autobus do <a title=\"Kolodvor Zagreb\" href=\"https:\/\/www.buscroatia.com\/hr\/kolodvor-zagreb-autobusi\/\">Zagreba<\/a> i drugih gradova u Hrvatskoj. Koristite gore navedeni pretra\u017eiva\u010d kako biste prona\u0161li <strong>vozni red autobusa iz i prema \u010cakovcu<\/strong>.<\/p>\n<p>Sa \u017eeljezni\u010dkog kolodvora u \u010cakovcu voze vlakovi prema Vara\u017edinu, a postoje i veze s drugim gradovima.<br \/>\n<script type=\"text\/javascript\">\/\/ <![CDATA[\ngoogle_ad_client = \"\";\n\/* Bus728-hr *\/\ngoogle_ad_slot = \"4900460214\";\ngoogle_ad_width = 728;\ngoogle_ad_height = 90;\n\/\/ ]]><\/script><br \/>\n<script type=\"text\/javascript\" src=\"https:\/\/pagead2.googlesyndication.com\/pagead\/show_ads.js\">\/\/ <![CDATA[\n\n\/\/ ]]><\/script><\/p>\n<p><b><span style=\"text-decoration: underline;\">Adresa autobusnog kolodvora u \u010cakovcu<\/span><\/b><\/p>\n<ul>\n<li>Tome Masaryka 26<\/li>\n<li>40000 \u010cakovec<\/li>\n<li>Tel: +385 40 313 947<\/li>\n<\/ul>\n","protected":false},"excerpt":{"rendered":"<p>Autobusni kolodvor u \u010cakovcu je smje\u0161ten nekoliko stotina metara od centra grada, a \u017eeljezni\u010dki kolodvor \u010cakovac je oko 2 km hoda udaljen od autobusnog kolodvora. S autobusnog kolodvora u \u010cakovcu prili\u010dno \u010desto voze autobusi prema bli\u017eim gradovima u regiji. Tako\u0111er postoji nekoliko dnevnih autobusa do Vara\u017edina i izravan autobus do Zagreba i drugih gradova u [&hellip;]<\/p>\n","protected":false},"author":2,"featured_media":3352,"parent":0,"menu_order":0,"comment_status":"open","ping_status":"open","template":"pages-templates\/bus-station.php","meta":[],"aioseo_notices":[],"_links":{"self":[{"href":"https:\/\/www.buscroatia.com\/hr\/wp-json\/wp\/v2\/pages\/2271"}],"collection":[{"href":"https:\/\/www.buscroatia.com\/hr\/wp-json\/wp\/v2\/pages"}],"about":[{"href":"https:\/\/www.buscroatia.com\/hr\/wp-json\/wp\/v2\/types\/page"}],"author":[{"embeddable":true,"href":"https:\/\/www.buscroatia.com\/hr\/wp-json\/wp\/v2\/users\/2"}],"replies":[{"embeddable":true,"href":"https:\/\/www.buscroatia.com\/hr\/wp-json\/wp\/v2\/comments?post=2271"}],"version-history":[{"count":3,"href":"https:\/\/www.buscroatia.com\/hr\/wp-json\/wp\/v2\/pages\/2271\/revisions"}],"predecessor-version":[{"id":3353,"href":"https:\/\/www.buscroatia.com\/hr\/wp-json\/wp\/v2\/pages\/2271\/revisions\/3353"}],"wp:featuredmedia":[{"embeddable":true,"href":"https:\/\/www.buscroatia.com\/hr\/wp-json\/wp\/v2\/media\/3352"}],"wp:attachment":[{"href":"https:\/\/www.buscroatia.com\/hr\/wp-json\/wp\/v2\/media?parent=2271"}],"curies":[{"name":"wp","href":"https:\/\/api.w.org\/{rel}","templated":true}]}}