{"id":2267,"date":"2013-10-23T08:36:35","date_gmt":"2013-10-23T08:36:35","guid":{"rendered":"http:\/\/www.buscroatia.com\/hr\/?page_id=2267"},"modified":"2014-01-14T11:37:23","modified_gmt":"2014-01-14T11:37:23","slug":"autobusni-kolodvor-crikvenica","status":"publish","type":"page","link":"https:\/\/www.buscroatia.com\/hr\/autobusni-kolodvor-crikvenica\/","title":{"rendered":"Kolodvor Crikvenica"},"content":{"rendered":"<p><strong>Autobusni kolodvor u Crikvenici<\/strong> se nalazi u centru grada, stotinjak metara od rive. U ve\u0107inu djelova grada mogu\u0107e je do\u0107i pje\u0161ice, ali s obzirom da se grad prote\u017ee du\u017e obale, neki apartmani i hoteli su malo udaljeniji od grada.<\/p>\n<p>Na autobusnom kolodvoru mo\u017ee se prona\u0107i kiosk, bankomat, nekoliko fast food restorana kao i stajali\u0161te taksija. U blizini se nalazi mno\u0161tvo trgovina i cafe barova.<\/p>\n<p><strong>S autobusnog kolodvora u Crikvenici<\/strong> \u010desto voze autobusi prema obli\u017enjim gradovima kao i prema Rijeci. Postoje tako\u0111er i autobusi prema <a title=\"Kolodvor Zagreb\" href=\"https:\/\/www.buscroatia.com\/hr\/kolodvor-zagreb-autobusi\/\">Zagrebu<\/a> (most preko Rijeke) kai i prema <a title=\"Kolodvor Zadar\" href=\"https:\/\/www.buscroatia.com\/hr\/kolodvor-zadar-autobusi\/\">Zadru<\/a> i <a title=\"Kolodvor Split\" href=\"https:\/\/www.buscroatia.com\/hr\/kolodvor-split-autobusi\/\">Splitu<\/a>. Koristite gore navedeni pretra\u017eiva\u010d kako biste prona\u0161li vozni red autobusa prema i iz Crikvenice.<\/p>\n<p><script type=\"text\/javascript\">\/\/ <![CDATA[\ngoogle_ad_client = \"\";\n\/* Bus728-hr *\/\ngoogle_ad_slot = \"4900460214\";\ngoogle_ad_width = 728;\ngoogle_ad_height = 90;\n\/\/ ]]><\/script><br \/>\n<script type=\"text\/javascript\" src=\"https:\/\/pagead2.googlesyndication.com\/pagead\/show_ads.js\">\/\/ <![CDATA[\n\n\n\/\/ ]]><\/script><\/p>\n<p><b><span style=\"text-decoration: underline;\">Adresa autobusnog kolodvora Crikvenica<\/span><\/b><\/p>\n<ul>\n<li>Nike Velja\u010di\u0107a 3<\/li>\n<li>51260 Crikvenica<\/li>\n<li>Tel: +385 60 300 100<\/li>\n<\/ul>\n","protected":false},"excerpt":{"rendered":"<p>Autobusni kolodvor u Crikvenici se nalazi u centru grada, stotinjak metara od rive. U ve\u0107inu djelova grada mogu\u0107e je do\u0107i pje\u0161ice, ali s obzirom da se grad prote\u017ee du\u017e obale, neki apartmani i hoteli su malo udaljeniji od grada. Na autobusnom kolodvoru mo\u017ee se prona\u0107i kiosk, bankomat, nekoliko fast food restorana kao i stajali\u0161te taksija. [&hellip;]<\/p>\n","protected":false},"author":2,"featured_media":3344,"parent":0,"menu_order":0,"comment_status":"open","ping_status":"open","template":"pages-templates\/bus-station.php","meta":[],"aioseo_notices":[],"_links":{"self":[{"href":"https:\/\/www.buscroatia.com\/hr\/wp-json\/wp\/v2\/pages\/2267"}],"collection":[{"href":"https:\/\/www.buscroatia.com\/hr\/wp-json\/wp\/v2\/pages"}],"about":[{"href":"https:\/\/www.buscroatia.com\/hr\/wp-json\/wp\/v2\/types\/page"}],"author":[{"embeddable":true,"href":"https:\/\/www.buscroatia.com\/hr\/wp-json\/wp\/v2\/users\/2"}],"replies":[{"embeddable":true,"href":"https:\/\/www.buscroatia.com\/hr\/wp-json\/wp\/v2\/comments?post=2267"}],"version-history":[{"count":4,"href":"https:\/\/www.buscroatia.com\/hr\/wp-json\/wp\/v2\/pages\/2267\/revisions"}],"predecessor-version":[{"id":3345,"href":"https:\/\/www.buscroatia.com\/hr\/wp-json\/wp\/v2\/pages\/2267\/revisions\/3345"}],"wp:featuredmedia":[{"embeddable":true,"href":"https:\/\/www.buscroatia.com\/hr\/wp-json\/wp\/v2\/media\/3344"}],"wp:attachment":[{"href":"https:\/\/www.buscroatia.com\/hr\/wp-json\/wp\/v2\/media?parent=2267"}],"curies":[{"name":"wp","href":"https:\/\/api.w.org\/{rel}","templated":true}]}}