{"id":2255,"date":"2013-10-23T08:27:44","date_gmt":"2013-10-23T08:27:44","guid":{"rendered":"http:\/\/www.buscroatia.com\/hr\/?page_id=2255"},"modified":"2014-01-14T12:37:37","modified_gmt":"2014-01-14T12:37:37","slug":"autobusni-kolodvor-buzet","status":"publish","type":"page","link":"https:\/\/www.buscroatia.com\/hr\/autobusni-kolodvor-buzet\/","title":{"rendered":"Kolodvor Buzet"},"content":{"rendered":"<p><strong>Autobusni kolodvor u Buzetu<\/strong> udaljen je samo 600 metara od centra grada, a sobzirom da grad nije velik, do bilo kojeg mjesta unutar grada mo\u017ee se do\u0107i pje\u0161ice.<\/p>\n<p>Od Buzeta postoje autobusne veze prema ve\u0107ini istarskih gradova kao \u0161to su npr. Umag, Novigrad, <a title=\"Kolodvor Pore\u010d\" href=\"https:\/\/www.buscroatia.com\/hr\/kolodvor-porec-autobusi\/\">Pore\u010d<\/a> i Rovinj. Tako\u0111er postoje i autobusi do Rijeke i Zagreba kao i me\u0111unarodne veze do Trsta i Rijeke. Koristite gore navedeni pretra\u017eiva\u010d kako biste prona\u0161li <strong>vozni red autobusa iz i prema Buzetu<\/strong>.<\/p>\n<p>\u017deljezni\u010dki kolodvor u Buzetu udaljen je 5 km od autobusnog kolodvora. Sa \u017eeljezni\u010dkog kolodvora polaze vlakovi prema Puli i Ljubaljani u Sloveniji.<\/p>\n<p><script type=\"text\/javascript\">\/\/ <![CDATA[\ngoogle_ad_client = \"\";\n\/* Bus728-hr *\/\ngoogle_ad_slot = \"4900460214\";\ngoogle_ad_width = 728;\ngoogle_ad_height = 90;\n\/\/ ]]><\/script><br \/>\n<script type=\"text\/javascript\" src=\"https:\/\/pagead2.googlesyndication.com\/pagead\/show_ads.js\">\/\/ <![CDATA[\n\n\/\/ ]]><\/script><\/p>\n<p><b><span style=\"text-decoration: underline;\">Adresa autobusnog kolodvora u Buzetu<\/span><\/b><\/p>\n<ul>\n<li>Rije\u010dka bb<\/li>\n<li>52420, Buzet<\/li>\n<li>Tel: +385 52 663 285<\/li>\n<\/ul>\n","protected":false},"excerpt":{"rendered":"<p>Autobusni kolodvor u Buzetu udaljen je samo 600 metara od centra grada, a sobzirom da grad nije velik, do bilo kojeg mjesta unutar grada mo\u017ee se do\u0107i pje\u0161ice. Od Buzeta postoje autobusne veze prema ve\u0107ini istarskih gradova kao \u0161to su npr. Umag, Novigrad, Pore\u010d i Rovinj. Tako\u0111er postoje i autobusi do Rijeke i Zagreba kao [&hellip;]<\/p>\n","protected":false},"author":2,"featured_media":3355,"parent":0,"menu_order":0,"comment_status":"open","ping_status":"open","template":"pages-templates\/bus-station.php","meta":[],"aioseo_notices":[],"_links":{"self":[{"href":"https:\/\/www.buscroatia.com\/hr\/wp-json\/wp\/v2\/pages\/2255"}],"collection":[{"href":"https:\/\/www.buscroatia.com\/hr\/wp-json\/wp\/v2\/pages"}],"about":[{"href":"https:\/\/www.buscroatia.com\/hr\/wp-json\/wp\/v2\/types\/page"}],"author":[{"embeddable":true,"href":"https:\/\/www.buscroatia.com\/hr\/wp-json\/wp\/v2\/users\/2"}],"replies":[{"embeddable":true,"href":"https:\/\/www.buscroatia.com\/hr\/wp-json\/wp\/v2\/comments?post=2255"}],"version-history":[{"count":3,"href":"https:\/\/www.buscroatia.com\/hr\/wp-json\/wp\/v2\/pages\/2255\/revisions"}],"predecessor-version":[{"id":3356,"href":"https:\/\/www.buscroatia.com\/hr\/wp-json\/wp\/v2\/pages\/2255\/revisions\/3356"}],"wp:featuredmedia":[{"embeddable":true,"href":"https:\/\/www.buscroatia.com\/hr\/wp-json\/wp\/v2\/media\/3355"}],"wp:attachment":[{"href":"https:\/\/www.buscroatia.com\/hr\/wp-json\/wp\/v2\/media?parent=2255"}],"curies":[{"name":"wp","href":"https:\/\/api.w.org\/{rel}","templated":true}]}}