{"id":2252,"date":"2013-10-23T08:25:14","date_gmt":"2013-10-23T08:25:14","guid":{"rendered":"http:\/\/www.buscroatia.com\/hr\/?page_id=2252"},"modified":"2014-01-14T13:46:41","modified_gmt":"2014-01-14T13:46:41","slug":"autobusni-kolodvor-biograd-na-moru","status":"publish","type":"page","link":"https:\/\/www.buscroatia.com\/hr\/autobusni-kolodvor-biograd-na-moru\/","title":{"rendered":"Kolodvor Biograd na moru"},"content":{"rendered":"<p><strong>Autobusni kolodvor u Biogradu<\/strong> na moru nalazi se u sredi\u0161tu grada; postoji nekoliko autobusnih stanica na magistrali gdje mo\u017eete uhvatiti autobus koji nema predvi\u0111eno stajali\u0161te u Biogradu na moru.<\/p>\n<p>Iz Biograda \u010desto voze autobusi prema <a title=\"Kolodvor \u0160ibenik\" href=\"https:\/\/www.buscroatia.com\/hr\/kolodvor-sibenik-autobusi\/\">\u0160ibeniku<\/a> i <a title=\"Kolodvor Zadar\" href=\"https:\/\/www.buscroatia.com\/hr\/kolodvor-zadar-autobusi\/\">Zadru<\/a>, a postoje i direktne linije iz Biograda prema udaljenijim destinacijama kao \u0161to su <a title=\"Kolodvor Zagreb\" href=\"https:\/\/www.buscroatia.com\/hr\/kolodvor-zagreb-autobusi\/\">Zagreb<\/a> i <a title=\"Kolodvor Split\" href=\"https:\/\/www.buscroatia.com\/hr\/kolodvor-split-autobusi\/\">Split<\/a>.<\/p>\n<p>Ukoliko stignete u zra\u010dnu luku u Zadru i trebate do\u0107i do Biograda na moru, prvo morate i\u0107i autobusom zadarske zra\u010dne luke do glavnog autobusnog kolodvora u Zadru odakle postoje autobusi za Biograd na moru.<\/p>\n<p><script type=\"text\/javascript\">\/\/ <![CDATA[\ngoogle_ad_client = \"\";\n\/* Bus728-hr *\/\ngoogle_ad_slot = \"4900460214\";\ngoogle_ad_width = 728;\ngoogle_ad_height = 90;\n\/\/ ]]><\/script><br \/>\n<script type=\"text\/javascript\" src=\"https:\/\/pagead2.googlesyndication.com\/pagead\/show_ads.js\">\/\/ <![CDATA[\n\n\n\/\/ ]]><\/script><\/p>\n<p><b><span style=\"text-decoration: underline;\">Adresa autobusnog kolodvora u Biogradu na moru:<\/span><\/b><\/p>\n<ul>\n<li>Trg hrvatskih velikana bb<\/li>\n<li>23210 Biograd na Moru<\/li>\n<li>Tel: +385 23 383 022<\/li>\n<\/ul>\n","protected":false},"excerpt":{"rendered":"<p>Autobusni kolodvor u Biogradu na moru nalazi se u sredi\u0161tu grada; postoji nekoliko autobusnih stanica na magistrali gdje mo\u017eete uhvatiti autobus koji nema predvi\u0111eno stajali\u0161te u Biogradu na moru. Iz Biograda \u010desto voze autobusi prema \u0160ibeniku i Zadru, a postoje i direktne linije iz Biograda prema udaljenijim destinacijama kao \u0161to su Zagreb i Split. Ukoliko [&hellip;]<\/p>\n","protected":false},"author":2,"featured_media":3360,"parent":0,"menu_order":0,"comment_status":"open","ping_status":"open","template":"pages-templates\/bus-station.php","meta":[],"aioseo_notices":[],"_links":{"self":[{"href":"https:\/\/www.buscroatia.com\/hr\/wp-json\/wp\/v2\/pages\/2252"}],"collection":[{"href":"https:\/\/www.buscroatia.com\/hr\/wp-json\/wp\/v2\/pages"}],"about":[{"href":"https:\/\/www.buscroatia.com\/hr\/wp-json\/wp\/v2\/types\/page"}],"author":[{"embeddable":true,"href":"https:\/\/www.buscroatia.com\/hr\/wp-json\/wp\/v2\/users\/2"}],"replies":[{"embeddable":true,"href":"https:\/\/www.buscroatia.com\/hr\/wp-json\/wp\/v2\/comments?post=2252"}],"version-history":[{"count":3,"href":"https:\/\/www.buscroatia.com\/hr\/wp-json\/wp\/v2\/pages\/2252\/revisions"}],"predecessor-version":[{"id":3361,"href":"https:\/\/www.buscroatia.com\/hr\/wp-json\/wp\/v2\/pages\/2252\/revisions\/3361"}],"wp:featuredmedia":[{"embeddable":true,"href":"https:\/\/www.buscroatia.com\/hr\/wp-json\/wp\/v2\/media\/3360"}],"wp:attachment":[{"href":"https:\/\/www.buscroatia.com\/hr\/wp-json\/wp\/v2\/media?parent=2252"}],"curies":[{"name":"wp","href":"https:\/\/api.w.org\/{rel}","templated":true}]}}