{"id":2239,"date":"2013-10-23T08:10:36","date_gmt":"2013-10-23T08:10:36","guid":{"rendered":"http:\/\/www.buscroatia.com\/hr\/?page_id=2239"},"modified":"2014-01-14T12:40:10","modified_gmt":"2014-01-14T12:40:10","slug":"autobusni-kolodvor-bjelovar","status":"publish","type":"page","link":"https:\/\/www.buscroatia.com\/hr\/autobusni-kolodvor-bjelovar\/","title":{"rendered":"Kolodvor Bjelovar"},"content":{"rendered":"<p><strong>Autobusni kolodvor u Bjelovaru<\/strong> nalazi se u jugozapadnom dijelu grada, oko 600 metara od centra mjesta. \u017deljezni\u010dka postaja nalazi se odmah do autobusnog kolodvora.<\/p>\n<p>S autobusnog kolodvora u Bjelovaru \u010desto voze autobusi prema gradovima u regiji te nekoliko njih prema velikim gradovima poput <a title=\"Kolodvor Zagreb\" href=\"https:\/\/www.buscroatia.com\/hr\/kolodvor-zagreb-autobusi\/\">Zagreba<\/a>, <a title=\"Kolodvor Split\" href=\"https:\/\/www.buscroatia.com\/hr\/kolodvor-split-autobusi\/\">Splita<\/a> i <a title=\"Kolodvor Rijeka\" href=\"https:\/\/www.buscroatia.com\/hr\/kolodvor-rijeka-autobusi\/\">Rijeke<\/a>. Koristite gore navedeni pretra\u017eiva\u010d kako biste prona\u0161li <strong>vozni red autobusa<\/strong> za i prema Bjelovaru.<\/p>\n<p><script type=\"text\/javascript\">\/\/ <![CDATA[\ngoogle_ad_client = \"\";\n\/* Bus728-hr *\/\ngoogle_ad_slot = \"4900460214\";\ngoogle_ad_width = 728;\ngoogle_ad_height = 90;\n\/\/ ]]><\/script><br \/>\n<script type=\"text\/javascript\" src=\"https:\/\/pagead2.googlesyndication.com\/pagead\/show_ads.js\">\/\/ <![CDATA[\n\n\/\/ ]]><\/script><\/p>\n<p><b><span style=\"text-decoration: underline;\">Adresa autobusnog kolodvora u Bjelovaru<\/span><\/b><\/p>\n<ul>\n<li>Velike Sredice 33<\/li>\n<li>43000 Bjelovar<\/li>\n<li>Tel: +385 60 304 080<\/li>\n<\/ul>\n","protected":false},"excerpt":{"rendered":"<p>Autobusni kolodvor u Bjelovaru nalazi se u jugozapadnom dijelu grada, oko 600 metara od centra mjesta. \u017deljezni\u010dka postaja nalazi se odmah do autobusnog kolodvora. S autobusnog kolodvora u Bjelovaru \u010desto voze autobusi prema gradovima u regiji te nekoliko njih prema velikim gradovima poput Zagreba, Splita i Rijeke. Koristite gore navedeni pretra\u017eiva\u010d kako biste prona\u0161li vozni [&hellip;]<\/p>\n","protected":false},"author":2,"featured_media":3358,"parent":0,"menu_order":0,"comment_status":"open","ping_status":"open","template":"pages-templates\/bus-station.php","meta":[],"aioseo_notices":[],"_links":{"self":[{"href":"https:\/\/www.buscroatia.com\/hr\/wp-json\/wp\/v2\/pages\/2239"}],"collection":[{"href":"https:\/\/www.buscroatia.com\/hr\/wp-json\/wp\/v2\/pages"}],"about":[{"href":"https:\/\/www.buscroatia.com\/hr\/wp-json\/wp\/v2\/types\/page"}],"author":[{"embeddable":true,"href":"https:\/\/www.buscroatia.com\/hr\/wp-json\/wp\/v2\/users\/2"}],"replies":[{"embeddable":true,"href":"https:\/\/www.buscroatia.com\/hr\/wp-json\/wp\/v2\/comments?post=2239"}],"version-history":[{"count":3,"href":"https:\/\/www.buscroatia.com\/hr\/wp-json\/wp\/v2\/pages\/2239\/revisions"}],"predecessor-version":[{"id":3359,"href":"https:\/\/www.buscroatia.com\/hr\/wp-json\/wp\/v2\/pages\/2239\/revisions\/3359"}],"wp:featuredmedia":[{"embeddable":true,"href":"https:\/\/www.buscroatia.com\/hr\/wp-json\/wp\/v2\/media\/3358"}],"wp:attachment":[{"href":"https:\/\/www.buscroatia.com\/hr\/wp-json\/wp\/v2\/media?parent=2239"}],"curies":[{"name":"wp","href":"https:\/\/api.w.org\/{rel}","templated":true}]}}