{"id":2234,"date":"2013-10-23T07:12:21","date_gmt":"2013-10-23T07:12:21","guid":{"rendered":"http:\/\/www.buscroatia.com\/hr\/?page_id=2234"},"modified":"2014-03-04T10:59:42","modified_gmt":"2014-03-04T10:59:42","slug":"autobusni-kolodvor-belisce","status":"publish","type":"page","link":"https:\/\/www.buscroatia.com\/hr\/autobusni-kolodvor-belisce\/","title":{"rendered":"Kolodvor Beli\u0161\u0107e"},"content":{"rendered":"<p><strong>Autobusni kolodvor u Beli\u0161\u0107u<\/strong> se nalazi 500 metara pje\u0161ice od centra mjesta i 1,4 km od<strong> \u017eeljezni\u010dkog kolodvora<\/strong>.<\/p>\n<p>Iz Beli\u0161\u0107a postoje autobusi do manjih gradova u regiji kao i \u010deste autobusne linije do Osijeka, odakle voze autobusi prema svim ve\u0107im gradovima u Hrvatskoj. Koristite gore navedeni obrazac za pretra\u017eivanje kako biste prona\u0161li <strong>vozni red autobusa<\/strong> iz i prema Beli\u0161\u0107u.<\/p>\n<p>Trenutno se vlakovi ne zaustavljaju na stanici u Beli\u0161\u0107u.<\/p>\n<p><script type=\"text\/javascript\"><!--\ngoogle_ad_client = \"\";\n\/* Bus728-hr *\/\ngoogle_ad_slot = \"4900460214\";\ngoogle_ad_width = 728;\ngoogle_ad_height = 90;\n\/\/-->\n<\/script><br \/>\n<script type=\"text\/javascript\"\nsrc=\"https:\/\/pagead2.googlesyndication.com\/pagead\/show_ads.js\">\n<\/script><\/p>\n<p><b><span style=\"text-decoration: underline;\">Adresa autobusnog kolodvora u Beli\u0161\u0107u<\/span><\/b><\/p>\n<ul>\n<li>Vij.Gutmanna S.H. BB<\/li>\n<li>31551 Beli\u0161\u0107e<\/li>\n<li>+385 60 390060<\/li>\n<\/ul>\n","protected":false},"excerpt":{"rendered":"<p>Autobusni kolodvor u Beli\u0161\u0107u se nalazi 500 metara pje\u0161ice od centra mjesta i 1,4 km od \u017eeljezni\u010dkog kolodvora. Iz Beli\u0161\u0107a postoje autobusi do manjih gradova u regiji kao i \u010deste autobusne linije do Osijeka, odakle voze autobusi prema svim ve\u0107im gradovima u Hrvatskoj. Koristite gore navedeni obrazac za pretra\u017eivanje kako biste prona\u0161li vozni red autobusa [&hellip;]<\/p>\n","protected":false},"author":2,"featured_media":4191,"parent":0,"menu_order":0,"comment_status":"open","ping_status":"closed","template":"pages-templates\/bus-station.php","meta":[],"aioseo_notices":[],"_links":{"self":[{"href":"https:\/\/www.buscroatia.com\/hr\/wp-json\/wp\/v2\/pages\/2234"}],"collection":[{"href":"https:\/\/www.buscroatia.com\/hr\/wp-json\/wp\/v2\/pages"}],"about":[{"href":"https:\/\/www.buscroatia.com\/hr\/wp-json\/wp\/v2\/types\/page"}],"author":[{"embeddable":true,"href":"https:\/\/www.buscroatia.com\/hr\/wp-json\/wp\/v2\/users\/2"}],"replies":[{"embeddable":true,"href":"https:\/\/www.buscroatia.com\/hr\/wp-json\/wp\/v2\/comments?post=2234"}],"version-history":[{"count":3,"href":"https:\/\/www.buscroatia.com\/hr\/wp-json\/wp\/v2\/pages\/2234\/revisions"}],"predecessor-version":[{"id":2242,"href":"https:\/\/www.buscroatia.com\/hr\/wp-json\/wp\/v2\/pages\/2234\/revisions\/2242"}],"wp:featuredmedia":[{"embeddable":true,"href":"https:\/\/www.buscroatia.com\/hr\/wp-json\/wp\/v2\/media\/4191"}],"wp:attachment":[{"href":"https:\/\/www.buscroatia.com\/hr\/wp-json\/wp\/v2\/media?parent=2234"}],"curies":[{"name":"wp","href":"https:\/\/api.w.org\/{rel}","templated":true}]}}