{"id":22,"date":"2012-01-05T14:01:18","date_gmt":"2012-01-05T14:01:18","guid":{"rendered":"http:\/\/www.buscroatia.com\/hr\/?page_id=22"},"modified":"2021-08-02T06:58:47","modified_gmt":"2021-08-02T06:58:47","slug":"kolodvor-makarska-autobusi","status":"publish","type":"page","link":"https:\/\/www.buscroatia.com\/hr\/kolodvor-makarska-autobusi\/","title":{"rendered":"Kolodvor Makarska"},"content":{"rendered":"<p><strong><a href=\"https:\/\/www.buscroatia.com\/hr\/wp-content\/uploads\/2012\/01\/Makarska.jpg\" rel=\"lightbox[22]\"><img decoding=\"async\" loading=\"lazy\" class=\"alignright size-medium wp-image-1101\" src=\"https:\/\/www.buscroatia.com\/hr\/wp-content\/uploads\/2012\/01\/Makarska-300x225.jpg\" alt=\"Makarska\" width=\"300\" height=\"225\" srcset=\"https:\/\/www.buscroatia.com\/hr\/wp-content\/uploads\/2012\/01\/Makarska-300x225.jpg 300w, https:\/\/www.buscroatia.com\/hr\/wp-content\/uploads\/2012\/01\/Makarska.jpg 1024w\" sizes=\"(max-width: 300px) 100vw, 300px\" \/><\/a>Autobusni kolodvor u Makarsko<\/strong>j smje\u0161ten je na kri\u017eanju ulica Matije Gubca i dr.Mate Ujevi\u0107a, udaljen km od rive. Savjetujemo Vam kupnju autobusne karte na vrijeme, naro\u010dito za vrijeme ljeta<\/p>\n<h3><span style=\"text-decoration: underline;\"><strong>Sadr\u017eaj autobusnog kolodvora Makarska<\/strong><\/span><\/h3>\n<p>Putnicima uz informativni i prodajni ured, nudi prodajni kiosk, caffe bar&#8230;<br \/>\n<script type=\"text\/javascript\">\/\/ <![CDATA[\ngoogle_ad_client = \"\"; \/* Bus728-hr *\/ google_ad_slot = \"4900460214\"; google_ad_width = 728; google_ad_height = 90;\n\/\/ ]]><\/script><br \/>\n<script type=\"text\/javascript\" src=\"https:\/\/pagead2.googlesyndication.com\/pagead\/show_ads.js\">\/\/ <![CDATA[\n\n\n\/\/ ]]><\/script><\/p>\n<h3><b><span style=\"text-decoration: underline;\">Smje\u0161taj u blizini autobusnog kolodvora Makarska<\/span><\/b><\/h3>\n<p>Kako je <strong>autobusni kolodvor u Makarskoj smje\u0161ten jako blizu centra<\/strong>, velike su mogu\u0107nosti za najam smje\u0161taja koji je u blizini. Ukoliko nemate previ\u0161e prtljage skoro u bilo koji dio grada mo\u017eete do\u0107i <strong>pje\u0161ice od autobusnog kolodvora<\/strong>. Svi ve\u0107i <strong>hoteli u Makarskoj su smje\u0161teni uz more, a veliki izbor ku\u0107a, apartmana i hostela<\/strong> se mo\u017ee prona\u0107i u raznim dijelovima grada. Ovdje mo\u017eete pogledati aktualne ponude za smje\u0161taj u Makarskoj:<\/p>\n<table border=\"0\" width=\"720\" cellspacing=\"2\" cellpadding=\"2\">\n<tbody>\n<tr>\n<td align=\"center\" width=\"240\">\n<p align=\"center\"><a href=\"https:\/\/www.buscroatia.com\/de\/fewo-novalja\"><img decoding=\"async\" style=\"margin: 0px 1px 1px;\" src=\"https:\/\/www.buscroatia.com\/wp-content\/uploads\/info\/apartmani.png\" alt=\"\" \/><\/a><\/p>\n<p align=\"center\"><strong><span style=\"color: #000000; font-size: large;\">Makarska<\/span><\/strong><\/p>\n<\/td>\n<td align=\"center\" width=\"240\">\n<p align=\"center\"><a href=\"https:\/\/www.buscroatia.com\/de\/hotel-novalja\" target=\"_blank\" rel=\"noopener\"><img decoding=\"async\" style=\"margin: 0px 1px 1px;\" src=\"https:\/\/www.buscroatia.com\/wp-content\/uploads\/info\/hoteli.png\" alt=\"\" \/><\/a><\/p>\n<p align=\"center\"><strong><span style=\"color: #000000; font-size: large;\">Makarska<\/span><\/strong><\/p>\n<\/td>\n<td align=\"center\" width=\"240\">\n<p align=\"center\"><a href=\"https:\/\/www.buscroatia.com\/de\/hostel-novalja\" target=\"_blank\" rel=\"noopener\"><img decoding=\"async\" style=\"margin: 0px 1px 1px;\" src=\"https:\/\/www.buscroatia.com\/wp-content\/uploads\/info\/HOSTELI.png\" alt=\"\" \/><\/a><\/p>\n<p align=\"center\"><strong><span style=\"color: #000000; font-size: large;\">Makarska<\/span><\/strong><\/p>\n<\/td>\n<\/tr>\n<\/tbody>\n<\/table>\n<h3><b><span style=\"text-decoration: underline;\">Rent a car Makarska:<\/span><\/b><\/h3>\n<p>Na autobusnom kolodvoru Makarska nema neke <strong>globalne ponude od velikih rent a car kompanija<\/strong>. Me\u0111utim to ne zna\u010di da u Makarskoj ne mo\u017eete unajmiti automobil. Ukoliko \u017eelite napraviti <strong>jednodnevni izlet u Me\u0111ugorje, Dubrovnik ili Mostar<\/strong> ili vam treba najam automobila za du\u017ei period mo\u017eete prona\u0107i turisti\u010dke agencije koje su smje\u0161tene u centru ili u blizini velikih hotela.<\/p>\n<h3><span style=\"text-decoration: underline;\"><strong>Najpopularnije rute su:<\/strong><\/span><\/h3>\n<p>U nastavku smo nabrojali neke od najpopularnijih destinacija iz Makarske. Ukoliko planirate putovati sjevernije od Splita, preporuka je da prvo do\u0111ete do Splita, pa onda prema va\u0161oj krajnjoj destinaciji.<\/p>\n<table border=\"1\" width=\"700\" cellspacing=\"1\" cellpadding=\"1\">\n<tbody>\n<tr>\n<td style=\"text-align: center;\" valign=\"top\" width=\"233\"><span style=\"color: #0000ff; text-decoration: underline;\">Me\u0111u\u017eupanijska linija<\/span><\/td>\n<td style=\"text-align: center;\" valign=\"top\" width=\"233\"><span style=\"color: #0000ff; text-decoration: underline;\">\u017dupanijska linija<\/span><\/td>\n<td style=\"text-align: center;\" valign=\"top\" width=\"233\"><span style=\"text-decoration: underline;\"><span style=\"color: #0000ff; text-decoration: underline;\">Me\u0111unarodna linija<\/span><\/span><\/td>\n<\/tr>\n<tr>\n<td style=\"text-align: center;\" valign=\"top\" width=\"233\"><a title=\"Autobus Makarska Zagreb\" href=\"https:\/\/www.buscroatia.com\/hr\/autobus-makarska-zagreb\/\">Makarska &#8211; Zagreb<\/a><\/td>\n<td style=\"text-align: center;\" valign=\"top\" width=\"233\"><a title=\"Autobus Makarska Brela\" href=\"https:\/\/www.buscroatia.com\/hr\/autobus-makarska-brela\/\">Makarska &#8211; Brela<\/a><\/td>\n<td style=\"text-align: center;\" valign=\"top\" width=\"233\"><a title=\"Autobus Makarska Mostar\" href=\"https:\/\/www.buscroatia.com\/hr\/autobus-makarska-mostar\/\">Makarska &#8211; Mostar<\/a><\/td>\n<\/tr>\n<tr>\n<td style=\"text-align: center;\" valign=\"top\" width=\"233\"><a title=\"Autobus Makarska Dubrovnik\" href=\"https:\/\/www.buscroatia.com\/hr\/autobus-makarska-dubrovnik\/\">Makarska &#8211; Dubrovnik<\/a><\/td>\n<td style=\"text-align: center;\" valign=\"top\" width=\"233\"><a title=\"Autobus Makarska Plo\u010de\" href=\"https:\/\/www.buscroatia.com\/hr\/autobus-makarska-ploce\/\">Makarska &#8211; Plo\u010de<\/a><\/td>\n<td style=\"text-align: center;\" valign=\"top\" width=\"233\"><a title=\"Autobus Makarska Me\u0111ugorje\" href=\"https:\/\/www.buscroatia.com\/hr\/autobus-makarska-medugorje\/\">Makarska &#8211; Me\u0111ugorje<\/a><\/td>\n<\/tr>\n<tr>\n<td style=\"text-align: center;\" valign=\"top\" width=\"233\"><a title=\"Autobus Makarska Split\" href=\"https:\/\/www.buscroatia.com\/hr\/autobus-makarska-split\/\">Makarska &#8211; Split<\/a><\/td>\n<td style=\"text-align: center;\" valign=\"top\" width=\"233\"><a title=\"Autobus Makarska Omi\u0161\" href=\"https:\/\/www.buscroatia.com\/hr\/autobus-makarska-omis\/\">Makarska &#8211; Omi\u0161<\/a><\/td>\n<td style=\"text-align: center;\" valign=\"top\" width=\"233\"><a title=\"Autobus Makarska Sarajevo\" href=\"https:\/\/www.buscroatia.com\/hr\/autobus-makarska-sarajevo\/\">Makarska &#8211; Sarajevo<\/a><\/td>\n<\/tr>\n<tr>\n<td style=\"text-align: center;\" valign=\"top\" width=\"233\"><a title=\"Autobus Makarska Zadar\" href=\"https:\/\/www.buscroatia.com\/hr\/autobus-makarska-zadar\/\">Makarska &#8211; Zadar<\/a><\/td>\n<td style=\"text-align: center;\" valign=\"top\" width=\"233\"><\/td>\n<td style=\"text-align: center;\" valign=\"top\" width=\"233\"><\/td>\n<\/tr>\n<tr>\n<td style=\"text-align: center;\" valign=\"top\" width=\"233\"><a title=\"Autobus Makarska Plitvi\u010dka jezera\" href=\"https:\/\/www.buscroatia.com\/hr\/autobus-makarska-plitvice\/\">Makarska &#8211; Plitvi\u010dka jezera<\/a><\/td>\n<td style=\"text-align: center;\" valign=\"top\" width=\"233\"><\/td>\n<td style=\"text-align: center;\" valign=\"top\" width=\"233\"><\/td>\n<\/tr>\n<tr>\n<td style=\"text-align: center;\" valign=\"top\" width=\"233\"><\/td>\n<td style=\"text-align: center;\" valign=\"top\" width=\"233\"><\/td>\n<td style=\"text-align: center;\" valign=\"top\" width=\"233\"><\/td>\n<\/tr>\n<\/tbody>\n<\/table>\n<h3><span style=\"text-decoration: underline;\"><strong>Lokacija autobusnog kolodvora:<\/strong><\/span><\/h3>\n<p><iframe loading=\"lazy\" src=\"https:\/\/maps.google.com\/maps\/ms?msa=0&amp;msid=217628426599368218480.0004b91ade52da76ae3d3&amp;ie=UTF8&amp;t=h&amp;ll=43.300048,17.015333&amp;spn=0.003514,0.006427&amp;z=17&amp;output=embed\" width=\"700\" height=\"450\" frameborder=\"0\" marginwidth=\"0\" marginheight=\"0\" scrolling=\"no\"><\/iframe><br \/>\n<small>View <a style=\"color: #0000ff; text-align: left;\" href=\"https:\/\/maps.google.com\/maps\/ms?msa=0&amp;msid=217628426599368218480.0004b91ade52da76ae3d3&amp;ie=UTF8&amp;t=h&amp;ll=43.300048,17.015333&amp;spn=0.003514,0.006427&amp;z=17&amp;source=embed\">Autobusni kolodvor Makarska<\/a> in a larger map<\/small><\/p>\n","protected":false},"excerpt":{"rendered":"<p>Autobusni kolodvor u Makarskoj smje\u0161ten je na kri\u017eanju ulica Matije Gubca i dr.Mate Ujevi\u0107a, udaljen km od rive. Savjetujemo Vam kupnju autobusne karte na vrijeme, naro\u010dito za vrijeme ljeta Sadr\u017eaj autobusnog kolodvora Makarska Putnicima uz informativni i prodajni ured, nudi prodajni kiosk, caffe bar&#8230; Smje\u0161taj u blizini autobusnog kolodvora Makarska Kako je autobusni kolodvor u [&hellip;]<\/p>\n","protected":false},"author":1,"featured_media":3124,"parent":0,"menu_order":0,"comment_status":"open","ping_status":"open","template":"","meta":[],"aioseo_notices":[],"_links":{"self":[{"href":"https:\/\/www.buscroatia.com\/hr\/wp-json\/wp\/v2\/pages\/22"}],"collection":[{"href":"https:\/\/www.buscroatia.com\/hr\/wp-json\/wp\/v2\/pages"}],"about":[{"href":"https:\/\/www.buscroatia.com\/hr\/wp-json\/wp\/v2\/types\/page"}],"author":[{"embeddable":true,"href":"https:\/\/www.buscroatia.com\/hr\/wp-json\/wp\/v2\/users\/1"}],"replies":[{"embeddable":true,"href":"https:\/\/www.buscroatia.com\/hr\/wp-json\/wp\/v2\/comments?post=22"}],"version-history":[{"count":24,"href":"https:\/\/www.buscroatia.com\/hr\/wp-json\/wp\/v2\/pages\/22\/revisions"}],"predecessor-version":[{"id":202576,"href":"https:\/\/www.buscroatia.com\/hr\/wp-json\/wp\/v2\/pages\/22\/revisions\/202576"}],"wp:featuredmedia":[{"embeddable":true,"href":"https:\/\/www.buscroatia.com\/hr\/wp-json\/wp\/v2\/media\/3124"}],"wp:attachment":[{"href":"https:\/\/www.buscroatia.com\/hr\/wp-json\/wp\/v2\/media?parent=22"}],"curies":[{"name":"wp","href":"https:\/\/api.w.org\/{rel}","templated":true}]}}